{"id":5958,"date":"2026-02-19T16:51:35","date_gmt":"2026-02-19T15:51:35","guid":{"rendered":"https:\/\/switch-gmbh.de\/?post_type=product&#038;p=5958"},"modified":"2026-02-19T16:54:16","modified_gmt":"2026-02-19T15:54:16","slug":"sw-3380-led-24-vdc-lichtband-fuer-innenraum-kabinendach-oder-maschinenraum-10-stueck","status":"publish","type":"product","link":"https:\/\/switch-gmbh.de\/en\/produkt\/sw-3380-led-24-vdc-lichtband-fuer-innenraum-kabinendach-oder-maschinenraum-10-stueck\/","title":{"rendered":"SW-3380 LED 24 VDC Lichtband f\u00fcr Innenraum, Kabinendach oder Maschinenraum"},"content":{"rendered":"<p>Das 24V-Lichtband SW-3380 ist optimal f\u00fcr den Einsatz in der Kabine oder in dem Maschinenraum. Es kann an den 24V-Ausgang unserer Lichtsteuerung angeschlossen werden. Funktional wir es dann mit dem Hauptlicht eingeschaltet und im Falle eines Spannungsabfalls als Notlicht mit eingeschaltet. So hat der Techniker im Schacht an der Steuerung immer alles voll ausgeleuchtet.<\/p>\n<ul>\n<li>Packungsinhalt: 10 St\u00fcck<\/li>\n<li>L\u00e4nge des Lichtbands: 0.6 m<\/li>\n<li>Zuleitung: 5 m; 2&#215;0,35 mm\u00b2 mit offenen Aderenden<\/li>\n<\/ul>\n","protected":false},"excerpt":{"rendered":"<p>Das 24V-Lichtband SW-3380 ist optimal f\u00fcr den Einsatz in der Kabine oder in dem Maschinenraum. Es kann an den 24V-Ausgang unserer Lichtsteuerung angeschlossen werden. Funktional wir es dann mit dem Hauptlicht eingeschaltet und im Falle eines Spannungsabfalls als Notlicht mit eingeschaltet. So hat der Techniker im Schacht an der Steuerung alles voll ausgeleuchtet.<\/p>\n<ul>\n<li>Packungsinhalt: 10 St\u00fcck<\/li>\n<li>L\u00e4nge des Lichtbands: 0.6 m<\/li>\n<li>Zuleitung: 5 m; 2&#215;0,35 mm\u00b2 mit offenen Aderenden<\/li>\n<\/ul>\n","protected":false},"featured_media":5959,"template":"","meta":[],"product_brand":[],"product_cat":[31,37,46,42],"product_tag":[],"class_list":{"0":"post-5958","1":"product","2":"type-product","3":"status-publish","4":"has-post-thumbnail","6":"product_cat-aufzugskomponenten","7":"product_cat-easy-connect-led120","8":"product_cat-easy-connect-system","9":"product_cat-lichtbandsystem","11":"first","12":"instock","13":"taxable","14":"shipping-taxable","15":"product-type-simple"},"yoast_head":"<!-- This site is optimized with the Yoast SEO Premium plugin v26.6 (Yoast SEO v27.3) - https:\/\/yoast.com\/product\/yoast-seo-premium-wordpress\/ -->\n<title>SW-3380 LED 24 VDC Lichtband f\u00fcr Innenraum, Kabinendach oder Maschinenraum - Switch GmbH | Electrical solutions for elevators and conveyor systems | Isernhagen<\/title>\n<meta name=\"robots\" content=\"index, follow, max-snippet:-1, max-image-preview:large, max-video-preview:-1\" \/>\n<link rel=\"canonical\" href=\"https:\/\/switch-gmbh.de\/en\/produkt\/sw-3380-led-24-vdc-lichtband-fuer-innenraum-kabinendach-oder-maschinenraum-10-stueck\/\" \/>\n<meta property=\"og:locale\" content=\"en_US\" \/>\n<meta property=\"og:type\" content=\"article\" \/>\n<meta property=\"og:title\" content=\"SW-3380 LED 24 VDC Lichtband f\u00fcr Innenraum, Kabinendach oder Maschinenraum\" \/>\n<meta property=\"og:description\" content=\"Das 24V-Lichtband SW-3380 ist optimal f\u00fcr den Einsatz in der Kabine oder in dem Maschinenraum. Es kann an den 24V-Ausgang unserer Lichtsteuerung angeschlossen werden. Funktional wir es dann mit dem Hauptlicht eingeschaltet und im Falle eines Spannungsabfalls als Notlicht mit eingeschaltet. So hat der Techniker im Schacht an der Steuerung alles voll ausgeleuchtet.   Packungsinhalt: 10 St\u00fcck  L\u00e4nge des Lichtbands: 0.6 m  Zuleitung: 5 m; 2x0,35 mm\u00b2 mit offenen Aderenden\" \/>\n<meta property=\"og:url\" content=\"https:\/\/switch-gmbh.de\/en\/produkt\/sw-3380-led-24-vdc-lichtband-fuer-innenraum-kabinendach-oder-maschinenraum-10-stueck\/\" \/>\n<meta property=\"og:site_name\" content=\"Switch GmbH | Electrical solutions for elevators and conveyor systems | Isernhagen\" \/>\n<meta property=\"article:publisher\" content=\"https:\/\/www.facebook.com\/switchgmbh\" \/>\n<meta property=\"article:modified_time\" content=\"2026-02-19T15:54:16+00:00\" \/>\n<meta property=\"og:image\" content=\"https:\/\/switch-gmbh.de\/wp-content\/uploads\/2026\/02\/Switch-Produkt-SW-3880.jpg\" \/>\n\t<meta property=\"og:image:width\" content=\"920\" \/>\n\t<meta property=\"og:image:height\" content=\"883\" \/>\n\t<meta property=\"og:image:type\" content=\"image\/jpeg\" \/>\n<meta name=\"twitter:card\" content=\"summary_large_image\" \/>\n<meta name=\"twitter:label1\" content=\"Est. reading time\" \/>\n\t<meta name=\"twitter:data1\" content=\"1 minute\" \/>\n<script type=\"application\/ld+json\" class=\"yoast-schema-graph\">{\"@context\":\"https:\\\/\\\/schema.org\",\"@graph\":[{\"@type\":\"WebPage\",\"@id\":\"https:\\\/\\\/switch-gmbh.de\\\/en\\\/produkt\\\/sw-3380-led-24-vdc-lichtband-fuer-innenraum-kabinendach-oder-maschinenraum-10-stueck\\\/\",\"url\":\"https:\\\/\\\/switch-gmbh.de\\\/en\\\/produkt\\\/sw-3380-led-24-vdc-lichtband-fuer-innenraum-kabinendach-oder-maschinenraum-10-stueck\\\/\",\"name\":\"SW-3380 LED 24 VDC Lichtband f\u00fcr Innenraum, Kabinendach oder Maschinenraum - Switch GmbH | Electrical solutions for elevators and conveyor systems | Isernhagen\",\"isPartOf\":{\"@id\":\"https:\\\/\\\/switch-gmbh.de\\\/en\\\/#website\"},\"primaryImageOfPage\":{\"@id\":\"https:\\\/\\\/switch-gmbh.de\\\/en\\\/produkt\\\/sw-3380-led-24-vdc-lichtband-fuer-innenraum-kabinendach-oder-maschinenraum-10-stueck\\\/#primaryimage\"},\"image\":{\"@id\":\"https:\\\/\\\/switch-gmbh.de\\\/en\\\/produkt\\\/sw-3380-led-24-vdc-lichtband-fuer-innenraum-kabinendach-oder-maschinenraum-10-stueck\\\/#primaryimage\"},\"thumbnailUrl\":\"https:\\\/\\\/switch-gmbh.de\\\/wp-content\\\/uploads\\\/2026\\\/02\\\/Switch-Produkt-SW-3880.jpg\",\"datePublished\":\"2026-02-19T15:51:35+00:00\",\"dateModified\":\"2026-02-19T15:54:16+00:00\",\"breadcrumb\":{\"@id\":\"https:\\\/\\\/switch-gmbh.de\\\/en\\\/produkt\\\/sw-3380-led-24-vdc-lichtband-fuer-innenraum-kabinendach-oder-maschinenraum-10-stueck\\\/#breadcrumb\"},\"inLanguage\":\"en-US\",\"potentialAction\":[{\"@type\":\"ReadAction\",\"target\":[\"https:\\\/\\\/switch-gmbh.de\\\/en\\\/produkt\\\/sw-3380-led-24-vdc-lichtband-fuer-innenraum-kabinendach-oder-maschinenraum-10-stueck\\\/\"]}]},{\"@type\":\"ImageObject\",\"inLanguage\":\"en-US\",\"@id\":\"https:\\\/\\\/switch-gmbh.de\\\/en\\\/produkt\\\/sw-3380-led-24-vdc-lichtband-fuer-innenraum-kabinendach-oder-maschinenraum-10-stueck\\\/#primaryimage\",\"url\":\"https:\\\/\\\/switch-gmbh.de\\\/wp-content\\\/uploads\\\/2026\\\/02\\\/Switch-Produkt-SW-3880.jpg\",\"contentUrl\":\"https:\\\/\\\/switch-gmbh.de\\\/wp-content\\\/uploads\\\/2026\\\/02\\\/Switch-Produkt-SW-3880.jpg\",\"width\":920,\"height\":883,\"caption\":\"Switch - Produkt - SW-3880\"},{\"@type\":\"BreadcrumbList\",\"@id\":\"https:\\\/\\\/switch-gmbh.de\\\/en\\\/produkt\\\/sw-3380-led-24-vdc-lichtband-fuer-innenraum-kabinendach-oder-maschinenraum-10-stueck\\\/#breadcrumb\",\"itemListElement\":[{\"@type\":\"ListItem\",\"position\":1,\"name\":\"Home page\",\"item\":\"https:\\\/\\\/switch-gmbh.de\\\/en\\\/\"},{\"@type\":\"ListItem\",\"position\":2,\"name\":\"Privat: Shop\",\"item\":\"https:\\\/\\\/switch-gmbh.de\\\/?page_id=1520\"},{\"@type\":\"ListItem\",\"position\":3,\"name\":\"SW-3380 LED 24 VDC Lichtband f\u00fcr Innenraum, Kabinendach oder Maschinenraum\"}]},{\"@type\":\"WebSite\",\"@id\":\"https:\\\/\\\/switch-gmbh.de\\\/en\\\/#website\",\"url\":\"https:\\\/\\\/switch-gmbh.de\\\/en\\\/\",\"name\":\"Switch GmbH\",\"description\":\"Elektrische L\u00f6sungen f\u00fcr Aufz\u00fcge und F\u00f6rderanlagen | Isernhagen\",\"publisher\":{\"@id\":\"https:\\\/\\\/switch-gmbh.de\\\/en\\\/#organization\"},\"potentialAction\":[{\"@type\":\"SearchAction\",\"target\":{\"@type\":\"EntryPoint\",\"urlTemplate\":\"https:\\\/\\\/switch-gmbh.de\\\/en\\\/?s={search_term_string}\"},\"query-input\":{\"@type\":\"PropertyValueSpecification\",\"valueRequired\":true,\"valueName\":\"search_term_string\"}}],\"inLanguage\":\"en-US\"},{\"@type\":\"Organization\",\"@id\":\"https:\\\/\\\/switch-gmbh.de\\\/en\\\/#organization\",\"name\":\"Switch GmbH\",\"url\":\"https:\\\/\\\/switch-gmbh.de\\\/en\\\/\",\"logo\":{\"@type\":\"ImageObject\",\"inLanguage\":\"en-US\",\"@id\":\"https:\\\/\\\/switch-gmbh.de\\\/en\\\/#\\\/schema\\\/logo\\\/image\\\/\",\"url\":\"https:\\\/\\\/switch-gmbh.de\\\/wp-content\\\/uploads\\\/2023\\\/10\\\/cropped-Switch_Logo2_DreieckRGS_RGB.webp\",\"contentUrl\":\"https:\\\/\\\/switch-gmbh.de\\\/wp-content\\\/uploads\\\/2023\\\/10\\\/cropped-Switch_Logo2_DreieckRGS_RGB.webp\",\"width\":1232,\"height\":468,\"caption\":\"Switch GmbH\"},\"image\":{\"@id\":\"https:\\\/\\\/switch-gmbh.de\\\/en\\\/#\\\/schema\\\/logo\\\/image\\\/\"},\"sameAs\":[\"https:\\\/\\\/www.facebook.com\\\/switchgmbh\",\"https:\\\/\\\/www.linkedin.com\\\/company\\\/switchgmbh\"]}]}<\/script>\n<!-- \/ Yoast SEO Premium plugin. -->","yoast_head_json":{"title":"SW-3380 LED 24 VDC Lichtband f\u00fcr Innenraum, Kabinendach oder Maschinenraum - Switch GmbH | Electrical solutions for elevators and conveyor systems | Isernhagen","robots":{"index":"index","follow":"follow","max-snippet":"max-snippet:-1","max-image-preview":"max-image-preview:large","max-video-preview":"max-video-preview:-1"},"canonical":"https:\/\/switch-gmbh.de\/en\/produkt\/sw-3380-led-24-vdc-lichtband-fuer-innenraum-kabinendach-oder-maschinenraum-10-stueck\/","og_locale":"en_US","og_type":"article","og_title":"SW-3380 LED 24 VDC Lichtband f\u00fcr Innenraum, Kabinendach oder Maschinenraum","og_description":"Das 24V-Lichtband SW-3380 ist optimal f\u00fcr den Einsatz in der Kabine oder in dem Maschinenraum. Es kann an den 24V-Ausgang unserer Lichtsteuerung angeschlossen werden. Funktional wir es dann mit dem Hauptlicht eingeschaltet und im Falle eines Spannungsabfalls als Notlicht mit eingeschaltet. So hat der Techniker im Schacht an der Steuerung alles voll ausgeleuchtet.   Packungsinhalt: 10 St\u00fcck  L\u00e4nge des Lichtbands: 0.6 m  Zuleitung: 5 m; 2x0,35 mm\u00b2 mit offenen Aderenden","og_url":"https:\/\/switch-gmbh.de\/en\/produkt\/sw-3380-led-24-vdc-lichtband-fuer-innenraum-kabinendach-oder-maschinenraum-10-stueck\/","og_site_name":"Switch GmbH | Electrical solutions for elevators and conveyor systems | Isernhagen","article_publisher":"https:\/\/www.facebook.com\/switchgmbh","article_modified_time":"2026-02-19T15:54:16+00:00","og_image":[{"width":920,"height":883,"url":"https:\/\/switch-gmbh.de\/wp-content\/uploads\/2026\/02\/Switch-Produkt-SW-3880.jpg","type":"image\/jpeg"}],"twitter_card":"summary_large_image","twitter_misc":{"Est. reading time":"1 minute"},"schema":{"@context":"https:\/\/schema.org","@graph":[{"@type":"WebPage","@id":"https:\/\/switch-gmbh.de\/en\/produkt\/sw-3380-led-24-vdc-lichtband-fuer-innenraum-kabinendach-oder-maschinenraum-10-stueck\/","url":"https:\/\/switch-gmbh.de\/en\/produkt\/sw-3380-led-24-vdc-lichtband-fuer-innenraum-kabinendach-oder-maschinenraum-10-stueck\/","name":"SW-3380 LED 24 VDC Lichtband f\u00fcr Innenraum, Kabinendach oder Maschinenraum - Switch GmbH | Electrical solutions for elevators and conveyor systems | Isernhagen","isPartOf":{"@id":"https:\/\/switch-gmbh.de\/en\/#website"},"primaryImageOfPage":{"@id":"https:\/\/switch-gmbh.de\/en\/produkt\/sw-3380-led-24-vdc-lichtband-fuer-innenraum-kabinendach-oder-maschinenraum-10-stueck\/#primaryimage"},"image":{"@id":"https:\/\/switch-gmbh.de\/en\/produkt\/sw-3380-led-24-vdc-lichtband-fuer-innenraum-kabinendach-oder-maschinenraum-10-stueck\/#primaryimage"},"thumbnailUrl":"https:\/\/switch-gmbh.de\/wp-content\/uploads\/2026\/02\/Switch-Produkt-SW-3880.jpg","datePublished":"2026-02-19T15:51:35+00:00","dateModified":"2026-02-19T15:54:16+00:00","breadcrumb":{"@id":"https:\/\/switch-gmbh.de\/en\/produkt\/sw-3380-led-24-vdc-lichtband-fuer-innenraum-kabinendach-oder-maschinenraum-10-stueck\/#breadcrumb"},"inLanguage":"en-US","potentialAction":[{"@type":"ReadAction","target":["https:\/\/switch-gmbh.de\/en\/produkt\/sw-3380-led-24-vdc-lichtband-fuer-innenraum-kabinendach-oder-maschinenraum-10-stueck\/"]}]},{"@type":"ImageObject","inLanguage":"en-US","@id":"https:\/\/switch-gmbh.de\/en\/produkt\/sw-3380-led-24-vdc-lichtband-fuer-innenraum-kabinendach-oder-maschinenraum-10-stueck\/#primaryimage","url":"https:\/\/switch-gmbh.de\/wp-content\/uploads\/2026\/02\/Switch-Produkt-SW-3880.jpg","contentUrl":"https:\/\/switch-gmbh.de\/wp-content\/uploads\/2026\/02\/Switch-Produkt-SW-3880.jpg","width":920,"height":883,"caption":"Switch - Produkt - SW-3880"},{"@type":"BreadcrumbList","@id":"https:\/\/switch-gmbh.de\/en\/produkt\/sw-3380-led-24-vdc-lichtband-fuer-innenraum-kabinendach-oder-maschinenraum-10-stueck\/#breadcrumb","itemListElement":[{"@type":"ListItem","position":1,"name":"Home page","item":"https:\/\/switch-gmbh.de\/en\/"},{"@type":"ListItem","position":2,"name":"Privat: Shop","item":"https:\/\/switch-gmbh.de\/?page_id=1520"},{"@type":"ListItem","position":3,"name":"SW-3380 LED 24 VDC Lichtband f\u00fcr Innenraum, Kabinendach oder Maschinenraum"}]},{"@type":"WebSite","@id":"https:\/\/switch-gmbh.de\/en\/#website","url":"https:\/\/switch-gmbh.de\/en\/","name":"Switch GmbH","description":"Elektrische L\u00f6sungen f\u00fcr Aufz\u00fcge und F\u00f6rderanlagen | Isernhagen","publisher":{"@id":"https:\/\/switch-gmbh.de\/en\/#organization"},"potentialAction":[{"@type":"SearchAction","target":{"@type":"EntryPoint","urlTemplate":"https:\/\/switch-gmbh.de\/en\/?s={search_term_string}"},"query-input":{"@type":"PropertyValueSpecification","valueRequired":true,"valueName":"search_term_string"}}],"inLanguage":"en-US"},{"@type":"Organization","@id":"https:\/\/switch-gmbh.de\/en\/#organization","name":"Switch GmbH","url":"https:\/\/switch-gmbh.de\/en\/","logo":{"@type":"ImageObject","inLanguage":"en-US","@id":"https:\/\/switch-gmbh.de\/en\/#\/schema\/logo\/image\/","url":"https:\/\/switch-gmbh.de\/wp-content\/uploads\/2023\/10\/cropped-Switch_Logo2_DreieckRGS_RGB.webp","contentUrl":"https:\/\/switch-gmbh.de\/wp-content\/uploads\/2023\/10\/cropped-Switch_Logo2_DreieckRGS_RGB.webp","width":1232,"height":468,"caption":"Switch GmbH"},"image":{"@id":"https:\/\/switch-gmbh.de\/en\/#\/schema\/logo\/image\/"},"sameAs":["https:\/\/www.facebook.com\/switchgmbh","https:\/\/www.linkedin.com\/company\/switchgmbh"]}]}},"_links":{"self":[{"href":"https:\/\/switch-gmbh.de\/en\/wp-json\/wp\/v2\/product\/5958","targetHints":{"allow":["GET"]}}],"collection":[{"href":"https:\/\/switch-gmbh.de\/en\/wp-json\/wp\/v2\/product"}],"about":[{"href":"https:\/\/switch-gmbh.de\/en\/wp-json\/wp\/v2\/types\/product"}],"version-history":[{"count":3,"href":"https:\/\/switch-gmbh.de\/en\/wp-json\/wp\/v2\/product\/5958\/revisions"}],"predecessor-version":[{"id":5962,"href":"https:\/\/switch-gmbh.de\/en\/wp-json\/wp\/v2\/product\/5958\/revisions\/5962"}],"wp:featuredmedia":[{"embeddable":true,"href":"https:\/\/switch-gmbh.de\/en\/wp-json\/wp\/v2\/media\/5959"}],"wp:attachment":[{"href":"https:\/\/switch-gmbh.de\/en\/wp-json\/wp\/v2\/media?parent=5958"}],"wp:term":[{"taxonomy":"product_brand","embeddable":true,"href":"https:\/\/switch-gmbh.de\/en\/wp-json\/wp\/v2\/product_brand?post=5958"},{"taxonomy":"product_cat","embeddable":true,"href":"https:\/\/switch-gmbh.de\/en\/wp-json\/wp\/v2\/product_cat?post=5958"},{"taxonomy":"product_tag","embeddable":true,"href":"https:\/\/switch-gmbh.de\/en\/wp-json\/wp\/v2\/product_tag?post=5958"}],"curies":[{"name":"wp","href":"https:\/\/api.w.org\/{rel}","templated":true}]}}