{"id":5229,"date":"2025-10-06T15:07:21","date_gmt":"2025-10-06T13:07:21","guid":{"rendered":"https:\/\/switch-gmbh.de\/?post_type=product&#038;p=5229"},"modified":"2025-10-06T16:29:36","modified_gmt":"2025-10-06T14:29:36","slug":"sw-3839-grubensteuerstelle-3-stellig","status":"publish","type":"product","link":"https:\/\/switch-gmbh.de\/en\/produkt\/sw-3839-grubensteuerstelle-3-stellig\/","title":{"rendered":"SW-3839 Grubensteuerstelle 3-stellig"},"content":{"rendered":"<p>Grubensteuerstelle mit Nothaltschalter, Lichttaster und Steckdose<\/p>\n<p>2 Bedienelement<\/p>\n<ul>\n<li>bis zu 3 Kontaktbl\u00f6cke (NO oder NC) pro Bedienelement<\/li>\n<li>beleuchtete Bedienelemente verf\u00fcgbar<\/li>\n<li>Gro\u00dfe Auswahl an Bedienelementen<\/li>\n<li>Verschiedene Farben und Symbole<\/li>\n<li>Individualisierung m\u00f6glich<\/li>\n<\/ul>\n<p>Steckdose<\/p>\n<ul>\n<li>Typ individualisierbar<\/li>\n<li>F\u00fcr Leistung bis 1.400 Watt<\/li>\n<\/ul>\n<p>Beschriftung<\/p>\n<ul>\n<li>Individualisierung m\u00f6glich<\/li>\n<\/ul>\n<p>Verdrahtung<\/p>\n<ul>\n<li>Vorverdrahtete Lieferung mit kundenspezifischem Kabel und Stecker m\u00f6glich<\/li>\n<\/ul>\n<p>Zubeh\u00f6r<\/p>\n<ul>\n<li>Wandhalterung verf\u00fcgbar<\/li>\n<\/ul>\n<p>&nbsp;<\/p>\n","protected":false},"excerpt":{"rendered":"<p>Grubensteuerstelle mit Nothaltschalter, Lichttaster und Steckdose<\/p>\n<p>Standardkonfiguration:<\/p>\n<ul>\n<li>Nothaltschalter 40mm, drehentriegelt, Schaltstellungsanzeige (Sichtfenster), 1NC<\/li>\n<li>Lichttaster, 1 NO<\/li>\n<li>Schuko-Steckdose bis 1.400 Watt<\/li>\n<li>Beschriftung: STOP, LICHT, max. 1400 Watt<\/li>\n<li>ohne Verdrahtung<\/li>\n<\/ul>\n<p>&nbsp;<\/p>\n","protected":false},"featured_media":5234,"template":"","meta":[],"product_brand":[],"product_cat":[70,29],"product_tag":[],"class_list":{"0":"post-5229","1":"product","2":"type-product","3":"status-publish","4":"has-post-thumbnail","6":"product_cat-aufzugsloesungen","7":"product_cat-grubensteuerstellen","9":"first","10":"instock","11":"taxable","12":"shipping-taxable","13":"product-type-simple"},"yoast_head":"<!-- This site is optimized with the Yoast SEO Premium plugin v26.6 (Yoast SEO v27.3) - https:\/\/yoast.com\/product\/yoast-seo-premium-wordpress\/ -->\n<title>SW-3839 Grubensteuerstelle 3-stellig - Switch GmbH | Electrical solutions for elevators and conveyor systems | Isernhagen<\/title>\n<meta name=\"robots\" content=\"index, follow, max-snippet:-1, max-image-preview:large, max-video-preview:-1\" \/>\n<link rel=\"canonical\" href=\"https:\/\/switch-gmbh.de\/en\/produkt\/sw-3839-grubensteuerstelle-3-stellig\/\" \/>\n<meta property=\"og:locale\" content=\"en_US\" \/>\n<meta property=\"og:type\" content=\"article\" \/>\n<meta property=\"og:title\" content=\"SW-3839 Grubensteuerstelle 3-stellig\" \/>\n<meta property=\"og:description\" content=\"Grubensteuerstelle mit Nothaltschalter, Lichttaster und Steckdose  Standardkonfiguration:   Nothaltschalter 40mm, drehentriegelt, Schaltstellungsanzeige (Sichtfenster), 1NC  Lichttaster, 1 NO  Schuko-Steckdose bis 1.400 Watt  Beschriftung: STOP, LICHT, max. 1400 Watt  ohne Verdrahtung  &nbsp;\" \/>\n<meta property=\"og:url\" content=\"https:\/\/switch-gmbh.de\/en\/produkt\/sw-3839-grubensteuerstelle-3-stellig\/\" \/>\n<meta property=\"og:site_name\" content=\"Switch GmbH | Electrical solutions for elevators and conveyor systems | Isernhagen\" \/>\n<meta property=\"article:publisher\" content=\"https:\/\/www.facebook.com\/switchgmbh\" \/>\n<meta property=\"article:modified_time\" content=\"2025-10-06T14:29:36+00:00\" \/>\n<meta property=\"og:image\" content=\"https:\/\/switch-gmbh.de\/wp-content\/uploads\/2025\/10\/Switch-Produkte-SW-3839-1.jpg\" \/>\n\t<meta property=\"og:image:width\" content=\"1200\" \/>\n\t<meta property=\"og:image:height\" content=\"1599\" \/>\n\t<meta property=\"og:image:type\" content=\"image\/jpeg\" \/>\n<meta name=\"twitter:card\" content=\"summary_large_image\" \/>\n<meta name=\"twitter:label1\" content=\"Est. reading time\" \/>\n\t<meta name=\"twitter:data1\" content=\"1 minute\" \/>\n<script type=\"application\/ld+json\" class=\"yoast-schema-graph\">{\"@context\":\"https:\\\/\\\/schema.org\",\"@graph\":[{\"@type\":\"WebPage\",\"@id\":\"https:\\\/\\\/switch-gmbh.de\\\/en\\\/produkt\\\/sw-3839-grubensteuerstelle-3-stellig\\\/\",\"url\":\"https:\\\/\\\/switch-gmbh.de\\\/en\\\/produkt\\\/sw-3839-grubensteuerstelle-3-stellig\\\/\",\"name\":\"SW-3839 Grubensteuerstelle 3-stellig - Switch GmbH | Electrical solutions for elevators and conveyor systems | Isernhagen\",\"isPartOf\":{\"@id\":\"https:\\\/\\\/switch-gmbh.de\\\/en\\\/#website\"},\"primaryImageOfPage\":{\"@id\":\"https:\\\/\\\/switch-gmbh.de\\\/en\\\/produkt\\\/sw-3839-grubensteuerstelle-3-stellig\\\/#primaryimage\"},\"image\":{\"@id\":\"https:\\\/\\\/switch-gmbh.de\\\/en\\\/produkt\\\/sw-3839-grubensteuerstelle-3-stellig\\\/#primaryimage\"},\"thumbnailUrl\":\"https:\\\/\\\/switch-gmbh.de\\\/wp-content\\\/uploads\\\/2025\\\/10\\\/Switch-Produkte-SW-3839-1.jpg\",\"datePublished\":\"2025-10-06T13:07:21+00:00\",\"dateModified\":\"2025-10-06T14:29:36+00:00\",\"breadcrumb\":{\"@id\":\"https:\\\/\\\/switch-gmbh.de\\\/en\\\/produkt\\\/sw-3839-grubensteuerstelle-3-stellig\\\/#breadcrumb\"},\"inLanguage\":\"en-US\",\"potentialAction\":[{\"@type\":\"ReadAction\",\"target\":[\"https:\\\/\\\/switch-gmbh.de\\\/en\\\/produkt\\\/sw-3839-grubensteuerstelle-3-stellig\\\/\"]}]},{\"@type\":\"ImageObject\",\"inLanguage\":\"en-US\",\"@id\":\"https:\\\/\\\/switch-gmbh.de\\\/en\\\/produkt\\\/sw-3839-grubensteuerstelle-3-stellig\\\/#primaryimage\",\"url\":\"https:\\\/\\\/switch-gmbh.de\\\/wp-content\\\/uploads\\\/2025\\\/10\\\/Switch-Produkte-SW-3839-1.jpg\",\"contentUrl\":\"https:\\\/\\\/switch-gmbh.de\\\/wp-content\\\/uploads\\\/2025\\\/10\\\/Switch-Produkte-SW-3839-1.jpg\",\"width\":1200,\"height\":1599,\"caption\":\"Switch - Produkte - SW-3839 1\"},{\"@type\":\"BreadcrumbList\",\"@id\":\"https:\\\/\\\/switch-gmbh.de\\\/en\\\/produkt\\\/sw-3839-grubensteuerstelle-3-stellig\\\/#breadcrumb\",\"itemListElement\":[{\"@type\":\"ListItem\",\"position\":1,\"name\":\"Home page\",\"item\":\"https:\\\/\\\/switch-gmbh.de\\\/en\\\/\"},{\"@type\":\"ListItem\",\"position\":2,\"name\":\"Privat: Shop\",\"item\":\"https:\\\/\\\/switch-gmbh.de\\\/?page_id=1520\"},{\"@type\":\"ListItem\",\"position\":3,\"name\":\"SW-3839 Grubensteuerstelle 3-stellig\"}]},{\"@type\":\"WebSite\",\"@id\":\"https:\\\/\\\/switch-gmbh.de\\\/en\\\/#website\",\"url\":\"https:\\\/\\\/switch-gmbh.de\\\/en\\\/\",\"name\":\"Switch GmbH\",\"description\":\"Elektrische L\u00f6sungen f\u00fcr Aufz\u00fcge und F\u00f6rderanlagen | Isernhagen\",\"publisher\":{\"@id\":\"https:\\\/\\\/switch-gmbh.de\\\/en\\\/#organization\"},\"potentialAction\":[{\"@type\":\"SearchAction\",\"target\":{\"@type\":\"EntryPoint\",\"urlTemplate\":\"https:\\\/\\\/switch-gmbh.de\\\/en\\\/?s={search_term_string}\"},\"query-input\":{\"@type\":\"PropertyValueSpecification\",\"valueRequired\":true,\"valueName\":\"search_term_string\"}}],\"inLanguage\":\"en-US\"},{\"@type\":\"Organization\",\"@id\":\"https:\\\/\\\/switch-gmbh.de\\\/en\\\/#organization\",\"name\":\"Switch GmbH\",\"url\":\"https:\\\/\\\/switch-gmbh.de\\\/en\\\/\",\"logo\":{\"@type\":\"ImageObject\",\"inLanguage\":\"en-US\",\"@id\":\"https:\\\/\\\/switch-gmbh.de\\\/en\\\/#\\\/schema\\\/logo\\\/image\\\/\",\"url\":\"https:\\\/\\\/switch-gmbh.de\\\/wp-content\\\/uploads\\\/2023\\\/10\\\/cropped-Switch_Logo2_DreieckRGS_RGB.webp\",\"contentUrl\":\"https:\\\/\\\/switch-gmbh.de\\\/wp-content\\\/uploads\\\/2023\\\/10\\\/cropped-Switch_Logo2_DreieckRGS_RGB.webp\",\"width\":1232,\"height\":468,\"caption\":\"Switch GmbH\"},\"image\":{\"@id\":\"https:\\\/\\\/switch-gmbh.de\\\/en\\\/#\\\/schema\\\/logo\\\/image\\\/\"},\"sameAs\":[\"https:\\\/\\\/www.facebook.com\\\/switchgmbh\",\"https:\\\/\\\/www.linkedin.com\\\/company\\\/switchgmbh\"]}]}<\/script>\n<!-- \/ Yoast SEO Premium plugin. -->","yoast_head_json":{"title":"SW-3839 Grubensteuerstelle 3-stellig - Switch GmbH | Electrical solutions for elevators and conveyor systems | Isernhagen","robots":{"index":"index","follow":"follow","max-snippet":"max-snippet:-1","max-image-preview":"max-image-preview:large","max-video-preview":"max-video-preview:-1"},"canonical":"https:\/\/switch-gmbh.de\/en\/produkt\/sw-3839-grubensteuerstelle-3-stellig\/","og_locale":"en_US","og_type":"article","og_title":"SW-3839 Grubensteuerstelle 3-stellig","og_description":"Grubensteuerstelle mit Nothaltschalter, Lichttaster und Steckdose  Standardkonfiguration:   Nothaltschalter 40mm, drehentriegelt, Schaltstellungsanzeige (Sichtfenster), 1NC  Lichttaster, 1 NO  Schuko-Steckdose bis 1.400 Watt  Beschriftung: STOP, LICHT, max. 1400 Watt  ohne Verdrahtung  &nbsp;","og_url":"https:\/\/switch-gmbh.de\/en\/produkt\/sw-3839-grubensteuerstelle-3-stellig\/","og_site_name":"Switch GmbH | Electrical solutions for elevators and conveyor systems | Isernhagen","article_publisher":"https:\/\/www.facebook.com\/switchgmbh","article_modified_time":"2025-10-06T14:29:36+00:00","og_image":[{"width":1200,"height":1599,"url":"https:\/\/switch-gmbh.de\/wp-content\/uploads\/2025\/10\/Switch-Produkte-SW-3839-1.jpg","type":"image\/jpeg"}],"twitter_card":"summary_large_image","twitter_misc":{"Est. reading time":"1 minute"},"schema":{"@context":"https:\/\/schema.org","@graph":[{"@type":"WebPage","@id":"https:\/\/switch-gmbh.de\/en\/produkt\/sw-3839-grubensteuerstelle-3-stellig\/","url":"https:\/\/switch-gmbh.de\/en\/produkt\/sw-3839-grubensteuerstelle-3-stellig\/","name":"SW-3839 Grubensteuerstelle 3-stellig - Switch GmbH | Electrical solutions for elevators and conveyor systems | Isernhagen","isPartOf":{"@id":"https:\/\/switch-gmbh.de\/en\/#website"},"primaryImageOfPage":{"@id":"https:\/\/switch-gmbh.de\/en\/produkt\/sw-3839-grubensteuerstelle-3-stellig\/#primaryimage"},"image":{"@id":"https:\/\/switch-gmbh.de\/en\/produkt\/sw-3839-grubensteuerstelle-3-stellig\/#primaryimage"},"thumbnailUrl":"https:\/\/switch-gmbh.de\/wp-content\/uploads\/2025\/10\/Switch-Produkte-SW-3839-1.jpg","datePublished":"2025-10-06T13:07:21+00:00","dateModified":"2025-10-06T14:29:36+00:00","breadcrumb":{"@id":"https:\/\/switch-gmbh.de\/en\/produkt\/sw-3839-grubensteuerstelle-3-stellig\/#breadcrumb"},"inLanguage":"en-US","potentialAction":[{"@type":"ReadAction","target":["https:\/\/switch-gmbh.de\/en\/produkt\/sw-3839-grubensteuerstelle-3-stellig\/"]}]},{"@type":"ImageObject","inLanguage":"en-US","@id":"https:\/\/switch-gmbh.de\/en\/produkt\/sw-3839-grubensteuerstelle-3-stellig\/#primaryimage","url":"https:\/\/switch-gmbh.de\/wp-content\/uploads\/2025\/10\/Switch-Produkte-SW-3839-1.jpg","contentUrl":"https:\/\/switch-gmbh.de\/wp-content\/uploads\/2025\/10\/Switch-Produkte-SW-3839-1.jpg","width":1200,"height":1599,"caption":"Switch - Produkte - SW-3839 1"},{"@type":"BreadcrumbList","@id":"https:\/\/switch-gmbh.de\/en\/produkt\/sw-3839-grubensteuerstelle-3-stellig\/#breadcrumb","itemListElement":[{"@type":"ListItem","position":1,"name":"Home page","item":"https:\/\/switch-gmbh.de\/en\/"},{"@type":"ListItem","position":2,"name":"Privat: Shop","item":"https:\/\/switch-gmbh.de\/?page_id=1520"},{"@type":"ListItem","position":3,"name":"SW-3839 Grubensteuerstelle 3-stellig"}]},{"@type":"WebSite","@id":"https:\/\/switch-gmbh.de\/en\/#website","url":"https:\/\/switch-gmbh.de\/en\/","name":"Switch GmbH","description":"Elektrische L\u00f6sungen f\u00fcr Aufz\u00fcge und F\u00f6rderanlagen | Isernhagen","publisher":{"@id":"https:\/\/switch-gmbh.de\/en\/#organization"},"potentialAction":[{"@type":"SearchAction","target":{"@type":"EntryPoint","urlTemplate":"https:\/\/switch-gmbh.de\/en\/?s={search_term_string}"},"query-input":{"@type":"PropertyValueSpecification","valueRequired":true,"valueName":"search_term_string"}}],"inLanguage":"en-US"},{"@type":"Organization","@id":"https:\/\/switch-gmbh.de\/en\/#organization","name":"Switch GmbH","url":"https:\/\/switch-gmbh.de\/en\/","logo":{"@type":"ImageObject","inLanguage":"en-US","@id":"https:\/\/switch-gmbh.de\/en\/#\/schema\/logo\/image\/","url":"https:\/\/switch-gmbh.de\/wp-content\/uploads\/2023\/10\/cropped-Switch_Logo2_DreieckRGS_RGB.webp","contentUrl":"https:\/\/switch-gmbh.de\/wp-content\/uploads\/2023\/10\/cropped-Switch_Logo2_DreieckRGS_RGB.webp","width":1232,"height":468,"caption":"Switch GmbH"},"image":{"@id":"https:\/\/switch-gmbh.de\/en\/#\/schema\/logo\/image\/"},"sameAs":["https:\/\/www.facebook.com\/switchgmbh","https:\/\/www.linkedin.com\/company\/switchgmbh"]}]}},"_links":{"self":[{"href":"https:\/\/switch-gmbh.de\/en\/wp-json\/wp\/v2\/product\/5229","targetHints":{"allow":["GET"]}}],"collection":[{"href":"https:\/\/switch-gmbh.de\/en\/wp-json\/wp\/v2\/product"}],"about":[{"href":"https:\/\/switch-gmbh.de\/en\/wp-json\/wp\/v2\/types\/product"}],"version-history":[{"count":0,"href":"https:\/\/switch-gmbh.de\/en\/wp-json\/wp\/v2\/product\/5229\/revisions"}],"wp:featuredmedia":[{"embeddable":true,"href":"https:\/\/switch-gmbh.de\/en\/wp-json\/wp\/v2\/media\/5234"}],"wp:attachment":[{"href":"https:\/\/switch-gmbh.de\/en\/wp-json\/wp\/v2\/media?parent=5229"}],"wp:term":[{"taxonomy":"product_brand","embeddable":true,"href":"https:\/\/switch-gmbh.de\/en\/wp-json\/wp\/v2\/product_brand?post=5229"},{"taxonomy":"product_cat","embeddable":true,"href":"https:\/\/switch-gmbh.de\/en\/wp-json\/wp\/v2\/product_cat?post=5229"},{"taxonomy":"product_tag","embeddable":true,"href":"https:\/\/switch-gmbh.de\/en\/wp-json\/wp\/v2\/product_tag?post=5229"}],"curies":[{"name":"wp","href":"https:\/\/api.w.org\/{rel}","templated":true}]}}