{"id":5116,"date":"2025-09-30T14:56:32","date_gmt":"2025-09-30T12:56:32","guid":{"rendered":"https:\/\/switch-gmbh.de\/?post_type=product&#038;p=5116"},"modified":"2025-10-06T15:02:02","modified_gmt":"2025-10-06T13:02:02","slug":"sw-elv4pk-rueckholsteuerung","status":"publish","type":"product","link":"https:\/\/switch-gmbh.de\/en\/produkt\/sw-elv4pk-rueckholsteuerung\/","title":{"rendered":"SMS157W001 R\u00fcckholsteuerung"},"content":{"rendered":"<p>R\u00fcckholsteuerung f\u00fcr Aufz\u00fcge und mehr: Auf+Ab, Nockenschalter mit Not-Aus.<\/p>\n<p>4 Bedienelemente<\/p>\n<ul>\n<li>bis zu 3 Kontaktbl\u00f6cke (NO oder NC) pro Bedienelement<\/li>\n<li>Gro\u00dfe Auswahl an Bedienelementen<\/li>\n<li>Verschiedene Farben und Symbole<\/li>\n<li>Individualisierung m\u00f6glich<\/li>\n<li>Nockenschalter<\/li>\n<\/ul>\n<p>Beschriftung<\/p>\n<ul>\n<li>Individualisierung m\u00f6glich<\/li>\n<\/ul>\n<p>Verdrahtung<\/p>\n<ul>\n<li>Vorverdrahtete Lieferung mit kundenspezifischem Kabel und Stecker m\u00f6glich<\/li>\n<li>Einfache Verschraubung oder Verschraubung mit Spiral-Knickschutz<\/li>\n<\/ul>\n<p>Zubeh\u00f6r<\/p>\n<ul>\n<li>Wandhalterung verf\u00fcgbar<\/li>\n<\/ul>\n<p>&nbsp;<\/p>\n","protected":false},"excerpt":{"rendered":"<p>R\u00fcckholsteuerung f\u00fcr Aufz\u00fcge und mehr: Auf+Ab, Nockenschalter mit Not-Aus.<\/p>\n<p>Standardkonfiguration:<\/p>\n<ul>\n<li>Not-Aus, 40mm, zugentriegelt, mit Schutzkragen, 2NC<\/li>\n<li>Taster wei\u00df, Pfeilsymbol auf, 2NO<\/li>\n<li>Taster schwarz, Pfeilsymbol ab, 2NO<\/li>\n<li>Nockenschalter: 0-1 (3NC\/1NO)<\/li>\n<li>Beschriftung: Aufzug<\/li>\n<li>mit Halterung<\/li>\n<li>Einfache Verschraubung<\/li>\n<li>Verdrahtet mit 4m 12&#215;0.75mm\u00b2, Kabelende mit ESE Stecker 12polig<\/li>\n<\/ul>\n<p>&nbsp;<\/p>\n","protected":false},"featured_media":5117,"template":"","meta":[],"product_brand":[],"product_cat":[70,68],"product_tag":[],"class_list":{"0":"post-5116","1":"product","2":"type-product","3":"status-publish","4":"has-post-thumbnail","6":"product_cat-aufzugsloesungen","7":"product_cat-rueckholsteuerungen","9":"first","10":"instock","11":"taxable","12":"shipping-taxable","13":"product-type-simple"},"yoast_head":"<!-- This site is optimized with the Yoast SEO Premium plugin v26.6 (Yoast SEO v27.3) - https:\/\/yoast.com\/product\/yoast-seo-premium-wordpress\/ -->\n<title>SMS157W001 R\u00fcckholsteuerung - Switch GmbH | Electrical solutions for elevators and conveyor systems | Isernhagen<\/title>\n<meta name=\"robots\" content=\"index, follow, max-snippet:-1, max-image-preview:large, max-video-preview:-1\" \/>\n<link rel=\"canonical\" href=\"https:\/\/switch-gmbh.de\/en\/produkt\/sw-elv4pk-rueckholsteuerung\/\" \/>\n<meta property=\"og:locale\" content=\"en_US\" \/>\n<meta property=\"og:type\" content=\"article\" \/>\n<meta property=\"og:title\" content=\"SMS157W001 R\u00fcckholsteuerung\" \/>\n<meta property=\"og:description\" content=\"R\u00fcckholsteuerung f\u00fcr Aufz\u00fcge und mehr: Auf+Ab, Nockenschalter mit Not-Aus.  Standardkonfiguration:   Not-Aus, 40mm, zugentriegelt, mit Schutzkragen, 2NC  Taster wei\u00df, Pfeilsymbol auf, 2NO  Taster schwarz, Pfeilsymbol ab, 2NO  Nockenschalter: 0-1 (3NC\/1NO)  Beschriftung: Aufzug  mit Halterung  Einfache Verschraubung  Verdrahtet mit 4m 12x0.75mm\u00b2, Kabelende mit ESE Stecker 12polig  &nbsp;\" \/>\n<meta property=\"og:url\" content=\"https:\/\/switch-gmbh.de\/en\/produkt\/sw-elv4pk-rueckholsteuerung\/\" \/>\n<meta property=\"og:site_name\" content=\"Switch GmbH | Electrical solutions for elevators and conveyor systems | Isernhagen\" \/>\n<meta property=\"article:publisher\" content=\"https:\/\/www.facebook.com\/switchgmbh\" \/>\n<meta property=\"article:modified_time\" content=\"2025-10-06T13:02:02+00:00\" \/>\n<meta property=\"og:image\" content=\"https:\/\/switch-gmbh.de\/wp-content\/uploads\/2025\/09\/Switch-Produkte-SW-ELV4PK-Rueckholsteuerung.jpg\" \/>\n\t<meta property=\"og:image:width\" content=\"2099\" \/>\n\t<meta property=\"og:image:height\" content=\"1418\" \/>\n\t<meta property=\"og:image:type\" content=\"image\/jpeg\" \/>\n<meta name=\"twitter:card\" content=\"summary_large_image\" \/>\n<meta name=\"twitter:label1\" content=\"Est. reading time\" \/>\n\t<meta name=\"twitter:data1\" content=\"1 minute\" \/>\n<script type=\"application\/ld+json\" class=\"yoast-schema-graph\">{\"@context\":\"https:\\\/\\\/schema.org\",\"@graph\":[{\"@type\":\"WebPage\",\"@id\":\"https:\\\/\\\/switch-gmbh.de\\\/en\\\/produkt\\\/sw-elv4pk-rueckholsteuerung\\\/\",\"url\":\"https:\\\/\\\/switch-gmbh.de\\\/en\\\/produkt\\\/sw-elv4pk-rueckholsteuerung\\\/\",\"name\":\"SMS157W001 R\u00fcckholsteuerung - Switch GmbH | Electrical solutions for elevators and conveyor systems | Isernhagen\",\"isPartOf\":{\"@id\":\"https:\\\/\\\/switch-gmbh.de\\\/en\\\/#website\"},\"primaryImageOfPage\":{\"@id\":\"https:\\\/\\\/switch-gmbh.de\\\/en\\\/produkt\\\/sw-elv4pk-rueckholsteuerung\\\/#primaryimage\"},\"image\":{\"@id\":\"https:\\\/\\\/switch-gmbh.de\\\/en\\\/produkt\\\/sw-elv4pk-rueckholsteuerung\\\/#primaryimage\"},\"thumbnailUrl\":\"https:\\\/\\\/switch-gmbh.de\\\/wp-content\\\/uploads\\\/2025\\\/09\\\/Switch-Produkte-SW-ELV4PK-Rueckholsteuerung.jpg\",\"datePublished\":\"2025-09-30T12:56:32+00:00\",\"dateModified\":\"2025-10-06T13:02:02+00:00\",\"breadcrumb\":{\"@id\":\"https:\\\/\\\/switch-gmbh.de\\\/en\\\/produkt\\\/sw-elv4pk-rueckholsteuerung\\\/#breadcrumb\"},\"inLanguage\":\"en-US\",\"potentialAction\":[{\"@type\":\"ReadAction\",\"target\":[\"https:\\\/\\\/switch-gmbh.de\\\/en\\\/produkt\\\/sw-elv4pk-rueckholsteuerung\\\/\"]}]},{\"@type\":\"ImageObject\",\"inLanguage\":\"en-US\",\"@id\":\"https:\\\/\\\/switch-gmbh.de\\\/en\\\/produkt\\\/sw-elv4pk-rueckholsteuerung\\\/#primaryimage\",\"url\":\"https:\\\/\\\/switch-gmbh.de\\\/wp-content\\\/uploads\\\/2025\\\/09\\\/Switch-Produkte-SW-ELV4PK-Rueckholsteuerung.jpg\",\"contentUrl\":\"https:\\\/\\\/switch-gmbh.de\\\/wp-content\\\/uploads\\\/2025\\\/09\\\/Switch-Produkte-SW-ELV4PK-Rueckholsteuerung.jpg\",\"width\":2099,\"height\":1418,\"caption\":\"Switch - Produkte - SW-ELV4PK R\u00fcckholsteuerung\"},{\"@type\":\"BreadcrumbList\",\"@id\":\"https:\\\/\\\/switch-gmbh.de\\\/en\\\/produkt\\\/sw-elv4pk-rueckholsteuerung\\\/#breadcrumb\",\"itemListElement\":[{\"@type\":\"ListItem\",\"position\":1,\"name\":\"Home page\",\"item\":\"https:\\\/\\\/switch-gmbh.de\\\/en\\\/\"},{\"@type\":\"ListItem\",\"position\":2,\"name\":\"Privat: Shop\",\"item\":\"https:\\\/\\\/switch-gmbh.de\\\/?page_id=1520\"},{\"@type\":\"ListItem\",\"position\":3,\"name\":\"SMS157W001 R\u00fcckholsteuerung\"}]},{\"@type\":\"WebSite\",\"@id\":\"https:\\\/\\\/switch-gmbh.de\\\/en\\\/#website\",\"url\":\"https:\\\/\\\/switch-gmbh.de\\\/en\\\/\",\"name\":\"Switch GmbH\",\"description\":\"Elektrische L\u00f6sungen f\u00fcr Aufz\u00fcge und F\u00f6rderanlagen | Isernhagen\",\"publisher\":{\"@id\":\"https:\\\/\\\/switch-gmbh.de\\\/en\\\/#organization\"},\"potentialAction\":[{\"@type\":\"SearchAction\",\"target\":{\"@type\":\"EntryPoint\",\"urlTemplate\":\"https:\\\/\\\/switch-gmbh.de\\\/en\\\/?s={search_term_string}\"},\"query-input\":{\"@type\":\"PropertyValueSpecification\",\"valueRequired\":true,\"valueName\":\"search_term_string\"}}],\"inLanguage\":\"en-US\"},{\"@type\":\"Organization\",\"@id\":\"https:\\\/\\\/switch-gmbh.de\\\/en\\\/#organization\",\"name\":\"Switch GmbH\",\"url\":\"https:\\\/\\\/switch-gmbh.de\\\/en\\\/\",\"logo\":{\"@type\":\"ImageObject\",\"inLanguage\":\"en-US\",\"@id\":\"https:\\\/\\\/switch-gmbh.de\\\/en\\\/#\\\/schema\\\/logo\\\/image\\\/\",\"url\":\"https:\\\/\\\/switch-gmbh.de\\\/wp-content\\\/uploads\\\/2023\\\/10\\\/cropped-Switch_Logo2_DreieckRGS_RGB.webp\",\"contentUrl\":\"https:\\\/\\\/switch-gmbh.de\\\/wp-content\\\/uploads\\\/2023\\\/10\\\/cropped-Switch_Logo2_DreieckRGS_RGB.webp\",\"width\":1232,\"height\":468,\"caption\":\"Switch GmbH\"},\"image\":{\"@id\":\"https:\\\/\\\/switch-gmbh.de\\\/en\\\/#\\\/schema\\\/logo\\\/image\\\/\"},\"sameAs\":[\"https:\\\/\\\/www.facebook.com\\\/switchgmbh\",\"https:\\\/\\\/www.linkedin.com\\\/company\\\/switchgmbh\"]}]}<\/script>\n<!-- \/ Yoast SEO Premium plugin. -->","yoast_head_json":{"title":"SMS157W001 R\u00fcckholsteuerung - Switch GmbH | Electrical solutions for elevators and conveyor systems | Isernhagen","robots":{"index":"index","follow":"follow","max-snippet":"max-snippet:-1","max-image-preview":"max-image-preview:large","max-video-preview":"max-video-preview:-1"},"canonical":"https:\/\/switch-gmbh.de\/en\/produkt\/sw-elv4pk-rueckholsteuerung\/","og_locale":"en_US","og_type":"article","og_title":"SMS157W001 R\u00fcckholsteuerung","og_description":"R\u00fcckholsteuerung f\u00fcr Aufz\u00fcge und mehr: Auf+Ab, Nockenschalter mit Not-Aus.  Standardkonfiguration:   Not-Aus, 40mm, zugentriegelt, mit Schutzkragen, 2NC  Taster wei\u00df, Pfeilsymbol auf, 2NO  Taster schwarz, Pfeilsymbol ab, 2NO  Nockenschalter: 0-1 (3NC\/1NO)  Beschriftung: Aufzug  mit Halterung  Einfache Verschraubung  Verdrahtet mit 4m 12x0.75mm\u00b2, Kabelende mit ESE Stecker 12polig  &nbsp;","og_url":"https:\/\/switch-gmbh.de\/en\/produkt\/sw-elv4pk-rueckholsteuerung\/","og_site_name":"Switch GmbH | Electrical solutions for elevators and conveyor systems | Isernhagen","article_publisher":"https:\/\/www.facebook.com\/switchgmbh","article_modified_time":"2025-10-06T13:02:02+00:00","og_image":[{"width":2099,"height":1418,"url":"https:\/\/switch-gmbh.de\/wp-content\/uploads\/2025\/09\/Switch-Produkte-SW-ELV4PK-Rueckholsteuerung.jpg","type":"image\/jpeg"}],"twitter_card":"summary_large_image","twitter_misc":{"Est. reading time":"1 minute"},"schema":{"@context":"https:\/\/schema.org","@graph":[{"@type":"WebPage","@id":"https:\/\/switch-gmbh.de\/en\/produkt\/sw-elv4pk-rueckholsteuerung\/","url":"https:\/\/switch-gmbh.de\/en\/produkt\/sw-elv4pk-rueckholsteuerung\/","name":"SMS157W001 R\u00fcckholsteuerung - Switch GmbH | Electrical solutions for elevators and conveyor systems | Isernhagen","isPartOf":{"@id":"https:\/\/switch-gmbh.de\/en\/#website"},"primaryImageOfPage":{"@id":"https:\/\/switch-gmbh.de\/en\/produkt\/sw-elv4pk-rueckholsteuerung\/#primaryimage"},"image":{"@id":"https:\/\/switch-gmbh.de\/en\/produkt\/sw-elv4pk-rueckholsteuerung\/#primaryimage"},"thumbnailUrl":"https:\/\/switch-gmbh.de\/wp-content\/uploads\/2025\/09\/Switch-Produkte-SW-ELV4PK-Rueckholsteuerung.jpg","datePublished":"2025-09-30T12:56:32+00:00","dateModified":"2025-10-06T13:02:02+00:00","breadcrumb":{"@id":"https:\/\/switch-gmbh.de\/en\/produkt\/sw-elv4pk-rueckholsteuerung\/#breadcrumb"},"inLanguage":"en-US","potentialAction":[{"@type":"ReadAction","target":["https:\/\/switch-gmbh.de\/en\/produkt\/sw-elv4pk-rueckholsteuerung\/"]}]},{"@type":"ImageObject","inLanguage":"en-US","@id":"https:\/\/switch-gmbh.de\/en\/produkt\/sw-elv4pk-rueckholsteuerung\/#primaryimage","url":"https:\/\/switch-gmbh.de\/wp-content\/uploads\/2025\/09\/Switch-Produkte-SW-ELV4PK-Rueckholsteuerung.jpg","contentUrl":"https:\/\/switch-gmbh.de\/wp-content\/uploads\/2025\/09\/Switch-Produkte-SW-ELV4PK-Rueckholsteuerung.jpg","width":2099,"height":1418,"caption":"Switch - Produkte - SW-ELV4PK R\u00fcckholsteuerung"},{"@type":"BreadcrumbList","@id":"https:\/\/switch-gmbh.de\/en\/produkt\/sw-elv4pk-rueckholsteuerung\/#breadcrumb","itemListElement":[{"@type":"ListItem","position":1,"name":"Home page","item":"https:\/\/switch-gmbh.de\/en\/"},{"@type":"ListItem","position":2,"name":"Privat: Shop","item":"https:\/\/switch-gmbh.de\/?page_id=1520"},{"@type":"ListItem","position":3,"name":"SMS157W001 R\u00fcckholsteuerung"}]},{"@type":"WebSite","@id":"https:\/\/switch-gmbh.de\/en\/#website","url":"https:\/\/switch-gmbh.de\/en\/","name":"Switch GmbH","description":"Elektrische L\u00f6sungen f\u00fcr Aufz\u00fcge und F\u00f6rderanlagen | Isernhagen","publisher":{"@id":"https:\/\/switch-gmbh.de\/en\/#organization"},"potentialAction":[{"@type":"SearchAction","target":{"@type":"EntryPoint","urlTemplate":"https:\/\/switch-gmbh.de\/en\/?s={search_term_string}"},"query-input":{"@type":"PropertyValueSpecification","valueRequired":true,"valueName":"search_term_string"}}],"inLanguage":"en-US"},{"@type":"Organization","@id":"https:\/\/switch-gmbh.de\/en\/#organization","name":"Switch GmbH","url":"https:\/\/switch-gmbh.de\/en\/","logo":{"@type":"ImageObject","inLanguage":"en-US","@id":"https:\/\/switch-gmbh.de\/en\/#\/schema\/logo\/image\/","url":"https:\/\/switch-gmbh.de\/wp-content\/uploads\/2023\/10\/cropped-Switch_Logo2_DreieckRGS_RGB.webp","contentUrl":"https:\/\/switch-gmbh.de\/wp-content\/uploads\/2023\/10\/cropped-Switch_Logo2_DreieckRGS_RGB.webp","width":1232,"height":468,"caption":"Switch GmbH"},"image":{"@id":"https:\/\/switch-gmbh.de\/en\/#\/schema\/logo\/image\/"},"sameAs":["https:\/\/www.facebook.com\/switchgmbh","https:\/\/www.linkedin.com\/company\/switchgmbh"]}]}},"_links":{"self":[{"href":"https:\/\/switch-gmbh.de\/en\/wp-json\/wp\/v2\/product\/5116","targetHints":{"allow":["GET"]}}],"collection":[{"href":"https:\/\/switch-gmbh.de\/en\/wp-json\/wp\/v2\/product"}],"about":[{"href":"https:\/\/switch-gmbh.de\/en\/wp-json\/wp\/v2\/types\/product"}],"version-history":[{"count":0,"href":"https:\/\/switch-gmbh.de\/en\/wp-json\/wp\/v2\/product\/5116\/revisions"}],"wp:featuredmedia":[{"embeddable":true,"href":"https:\/\/switch-gmbh.de\/en\/wp-json\/wp\/v2\/media\/5117"}],"wp:attachment":[{"href":"https:\/\/switch-gmbh.de\/en\/wp-json\/wp\/v2\/media?parent=5116"}],"wp:term":[{"taxonomy":"product_brand","embeddable":true,"href":"https:\/\/switch-gmbh.de\/en\/wp-json\/wp\/v2\/product_brand?post=5116"},{"taxonomy":"product_cat","embeddable":true,"href":"https:\/\/switch-gmbh.de\/en\/wp-json\/wp\/v2\/product_cat?post=5116"},{"taxonomy":"product_tag","embeddable":true,"href":"https:\/\/switch-gmbh.de\/en\/wp-json\/wp\/v2\/product_tag?post=5116"}],"curies":[{"name":"wp","href":"https:\/\/api.w.org\/{rel}","templated":true}]}}