{"id":4750,"date":"2025-09-12T12:59:48","date_gmt":"2025-09-12T10:59:48","guid":{"rendered":"https:\/\/switch-gmbh.de\/?post_type=product&#038;p=4750"},"modified":"2025-10-06T15:02:17","modified_gmt":"2025-10-06T13:02:17","slug":"haengetaster-3-fach","status":"publish","type":"product","link":"https:\/\/switch-gmbh.de\/en\/produkt\/haengetaster-3-fach\/","title":{"rendered":"SW-2550 H\u00e4ngetaster 3-fach"},"content":{"rendered":"<p>H\u00e4ngetaster zur Steuerung von Maschinen, Hebewerkzeugen, Kr\u00e4nen und mehr: Auf+Ab mit Not-Aus.<\/p>\n<p>3 Bedienelemente (2..4 Elemente m\u00f6glich)<\/p>\n<ul>\n<li>bis zu 3 Kontaktbl\u00f6cke (NO oder NC) pro Bedienelement<\/li>\n<li>Gro\u00dfe Auswahl an Bedienelementen<\/li>\n<li>Verschiedene Farben und Symbole<\/li>\n<li>Individualisierung m\u00f6glich<\/li>\n<li>mit oder ohne Wasserschutzkappe<\/li>\n<\/ul>\n<p>Beschriftung<\/p>\n<ul>\n<li>Individualisierung m\u00f6glich<\/li>\n<\/ul>\n<p>Verdrahtung<\/p>\n<ul>\n<li>Vorverdrahtete Lieferung mit kundenspezifischem Kabel und Stecker m\u00f6glich<\/li>\n<li>Einfache Verschraubung oder Kabelverschraubung mit Spiral-Knickschutz<\/li>\n<\/ul>\n<p>Zubeh\u00f6r<\/p>\n<ul>\n<li>Wandhalterung verf\u00fcgbar<\/li>\n<\/ul>\n<p>&nbsp;<\/p>\n","protected":false},"excerpt":{"rendered":"<p>H\u00e4ngetaster zur Steuerung von Maschinen, Hebewerkzeugen, Kr\u00e4nen und mehr: Auf+Ab mit Not-Aus.<\/p>\n<p>Standardkonfiguration:<\/p>\n<ul>\n<li>3 Elemente<\/li>\n<li>Not-Aus, 30mm, drehentriegelt, 3NC<\/li>\n<li>Taster wei\u00df, Pfeilsymbol auf, mit Wasserschutzkappe, 1NO<\/li>\n<li>Taster schwarz, Pfeilsymbol ab, mit Wasserschutzkappe,, 1NO<\/li>\n<li>Beschriftung: Auf\/ Ab f\u00fcr Pfeiltaster<\/li>\n<li>10m 9&#215;1,5mm\u00b2 Kabel mit offenen Aderenden<\/li>\n<li>Ohne mechanische Tasterverriegelung<\/li>\n<li>Kabelverschraubung mit Spiral-Knickschutz<\/li>\n<li>Wandhalterung verf\u00fcgbar<\/li>\n<\/ul>\n<p>&nbsp;<\/p>\n","protected":false},"featured_media":4918,"template":"","meta":[],"product_brand":[],"product_cat":[69,67],"product_tag":[],"class_list":{"0":"post-4750","1":"product","2":"type-product","3":"status-publish","4":"has-post-thumbnail","6":"product_cat-haengetaster","7":"product_cat-industrieloesungen","9":"first","10":"instock","11":"taxable","12":"shipping-taxable","13":"product-type-simple"},"yoast_head":"<!-- This site is optimized with the Yoast SEO Premium plugin v26.6 (Yoast SEO v27.4) - https:\/\/yoast.com\/product\/yoast-seo-premium-wordpress\/ -->\n<title>SW-2550 H\u00e4ngetaster 3-fach - Switch GmbH | Electrical solutions for elevators and conveyor systems | Isernhagen<\/title>\n<meta name=\"robots\" content=\"index, follow, max-snippet:-1, max-image-preview:large, max-video-preview:-1\" \/>\n<link rel=\"canonical\" href=\"https:\/\/switch-gmbh.de\/en\/produkt\/haengetaster-3-fach\/\" \/>\n<meta property=\"og:locale\" content=\"en_US\" \/>\n<meta property=\"og:type\" content=\"article\" \/>\n<meta property=\"og:title\" content=\"SW-2550 H\u00e4ngetaster 3-fach\" \/>\n<meta property=\"og:description\" content=\"H\u00e4ngetaster zur Steuerung von Maschinen, Hebewerkzeugen, Kr\u00e4nen und mehr: Auf+Ab mit Not-Aus.  Standardkonfiguration:   3 Elemente  Not-Aus, 30mm, drehentriegelt, 3NC  Taster wei\u00df, Pfeilsymbol auf, mit Wasserschutzkappe, 1NO  Taster schwarz, Pfeilsymbol ab, mit Wasserschutzkappe,, 1NO  Beschriftung: Auf\/ Ab f\u00fcr Pfeiltaster  10m 9x1,5mm\u00b2 Kabel mit offenen Aderenden  Ohne mechanische Tasterverriegelung  Kabelverschraubung mit Spiral-Knickschutz  Wandhalterung verf\u00fcgbar  &nbsp;\" \/>\n<meta property=\"og:url\" content=\"https:\/\/switch-gmbh.de\/en\/produkt\/haengetaster-3-fach\/\" \/>\n<meta property=\"og:site_name\" content=\"Switch GmbH | Electrical solutions for elevators and conveyor systems | Isernhagen\" \/>\n<meta property=\"article:publisher\" content=\"https:\/\/www.facebook.com\/switchgmbh\" \/>\n<meta property=\"article:modified_time\" content=\"2025-10-06T13:02:17+00:00\" \/>\n<meta property=\"og:image\" content=\"https:\/\/switch-gmbh.de\/wp-content\/uploads\/2025\/09\/Switch-Produkte-SW-2550.jpg\" \/>\n\t<meta property=\"og:image:width\" content=\"600\" \/>\n\t<meta property=\"og:image:height\" content=\"800\" \/>\n\t<meta property=\"og:image:type\" content=\"image\/jpeg\" \/>\n<meta name=\"twitter:card\" content=\"summary_large_image\" \/>\n<meta name=\"twitter:label1\" content=\"Est. reading time\" \/>\n\t<meta name=\"twitter:data1\" content=\"1 minute\" \/>\n<script type=\"application\/ld+json\" class=\"yoast-schema-graph\">{\"@context\":\"https:\\\/\\\/schema.org\",\"@graph\":[{\"@type\":\"WebPage\",\"@id\":\"https:\\\/\\\/switch-gmbh.de\\\/en\\\/produkt\\\/haengetaster-3-fach\\\/\",\"url\":\"https:\\\/\\\/switch-gmbh.de\\\/en\\\/produkt\\\/haengetaster-3-fach\\\/\",\"name\":\"SW-2550 H\u00e4ngetaster 3-fach - Switch GmbH | Electrical solutions for elevators and conveyor systems | Isernhagen\",\"isPartOf\":{\"@id\":\"https:\\\/\\\/switch-gmbh.de\\\/en\\\/#website\"},\"primaryImageOfPage\":{\"@id\":\"https:\\\/\\\/switch-gmbh.de\\\/en\\\/produkt\\\/haengetaster-3-fach\\\/#primaryimage\"},\"image\":{\"@id\":\"https:\\\/\\\/switch-gmbh.de\\\/en\\\/produkt\\\/haengetaster-3-fach\\\/#primaryimage\"},\"thumbnailUrl\":\"https:\\\/\\\/switch-gmbh.de\\\/wp-content\\\/uploads\\\/2025\\\/09\\\/Switch-Produkte-SW-2550.jpg\",\"datePublished\":\"2025-09-12T10:59:48+00:00\",\"dateModified\":\"2025-10-06T13:02:17+00:00\",\"breadcrumb\":{\"@id\":\"https:\\\/\\\/switch-gmbh.de\\\/en\\\/produkt\\\/haengetaster-3-fach\\\/#breadcrumb\"},\"inLanguage\":\"en-US\",\"potentialAction\":[{\"@type\":\"ReadAction\",\"target\":[\"https:\\\/\\\/switch-gmbh.de\\\/en\\\/produkt\\\/haengetaster-3-fach\\\/\"]}]},{\"@type\":\"ImageObject\",\"inLanguage\":\"en-US\",\"@id\":\"https:\\\/\\\/switch-gmbh.de\\\/en\\\/produkt\\\/haengetaster-3-fach\\\/#primaryimage\",\"url\":\"https:\\\/\\\/switch-gmbh.de\\\/wp-content\\\/uploads\\\/2025\\\/09\\\/Switch-Produkte-SW-2550.jpg\",\"contentUrl\":\"https:\\\/\\\/switch-gmbh.de\\\/wp-content\\\/uploads\\\/2025\\\/09\\\/Switch-Produkte-SW-2550.jpg\",\"width\":600,\"height\":800,\"caption\":\"Switch - Produkte - SW-2550\"},{\"@type\":\"BreadcrumbList\",\"@id\":\"https:\\\/\\\/switch-gmbh.de\\\/en\\\/produkt\\\/haengetaster-3-fach\\\/#breadcrumb\",\"itemListElement\":[{\"@type\":\"ListItem\",\"position\":1,\"name\":\"Home page\",\"item\":\"https:\\\/\\\/switch-gmbh.de\\\/en\\\/\"},{\"@type\":\"ListItem\",\"position\":2,\"name\":\"Privat: Shop\",\"item\":\"https:\\\/\\\/switch-gmbh.de\\\/?page_id=1520\"},{\"@type\":\"ListItem\",\"position\":3,\"name\":\"SW-2550 H\u00e4ngetaster 3-fach\"}]},{\"@type\":\"WebSite\",\"@id\":\"https:\\\/\\\/switch-gmbh.de\\\/en\\\/#website\",\"url\":\"https:\\\/\\\/switch-gmbh.de\\\/en\\\/\",\"name\":\"Switch GmbH\",\"description\":\"Elektrische L\u00f6sungen f\u00fcr Aufz\u00fcge und F\u00f6rderanlagen | Isernhagen\",\"publisher\":{\"@id\":\"https:\\\/\\\/switch-gmbh.de\\\/en\\\/#organization\"},\"potentialAction\":[{\"@type\":\"SearchAction\",\"target\":{\"@type\":\"EntryPoint\",\"urlTemplate\":\"https:\\\/\\\/switch-gmbh.de\\\/en\\\/?s={search_term_string}\"},\"query-input\":{\"@type\":\"PropertyValueSpecification\",\"valueRequired\":true,\"valueName\":\"search_term_string\"}}],\"inLanguage\":\"en-US\"},{\"@type\":\"Organization\",\"@id\":\"https:\\\/\\\/switch-gmbh.de\\\/en\\\/#organization\",\"name\":\"Switch GmbH\",\"url\":\"https:\\\/\\\/switch-gmbh.de\\\/en\\\/\",\"logo\":{\"@type\":\"ImageObject\",\"inLanguage\":\"en-US\",\"@id\":\"https:\\\/\\\/switch-gmbh.de\\\/en\\\/#\\\/schema\\\/logo\\\/image\\\/\",\"url\":\"https:\\\/\\\/switch-gmbh.de\\\/wp-content\\\/uploads\\\/2023\\\/10\\\/cropped-Switch_Logo2_DreieckRGS_RGB.webp\",\"contentUrl\":\"https:\\\/\\\/switch-gmbh.de\\\/wp-content\\\/uploads\\\/2023\\\/10\\\/cropped-Switch_Logo2_DreieckRGS_RGB.webp\",\"width\":1232,\"height\":468,\"caption\":\"Switch GmbH\"},\"image\":{\"@id\":\"https:\\\/\\\/switch-gmbh.de\\\/en\\\/#\\\/schema\\\/logo\\\/image\\\/\"},\"sameAs\":[\"https:\\\/\\\/www.facebook.com\\\/switchgmbh\",\"https:\\\/\\\/www.linkedin.com\\\/company\\\/switchgmbh\"]}]}<\/script>\n<!-- \/ Yoast SEO Premium plugin. -->","yoast_head_json":{"title":"SW-2550 H\u00e4ngetaster 3-fach - Switch GmbH | Electrical solutions for elevators and conveyor systems | Isernhagen","robots":{"index":"index","follow":"follow","max-snippet":"max-snippet:-1","max-image-preview":"max-image-preview:large","max-video-preview":"max-video-preview:-1"},"canonical":"https:\/\/switch-gmbh.de\/en\/produkt\/haengetaster-3-fach\/","og_locale":"en_US","og_type":"article","og_title":"SW-2550 H\u00e4ngetaster 3-fach","og_description":"H\u00e4ngetaster zur Steuerung von Maschinen, Hebewerkzeugen, Kr\u00e4nen und mehr: Auf+Ab mit Not-Aus.  Standardkonfiguration:   3 Elemente  Not-Aus, 30mm, drehentriegelt, 3NC  Taster wei\u00df, Pfeilsymbol auf, mit Wasserschutzkappe, 1NO  Taster schwarz, Pfeilsymbol ab, mit Wasserschutzkappe,, 1NO  Beschriftung: Auf\/ Ab f\u00fcr Pfeiltaster  10m 9x1,5mm\u00b2 Kabel mit offenen Aderenden  Ohne mechanische Tasterverriegelung  Kabelverschraubung mit Spiral-Knickschutz  Wandhalterung verf\u00fcgbar  &nbsp;","og_url":"https:\/\/switch-gmbh.de\/en\/produkt\/haengetaster-3-fach\/","og_site_name":"Switch GmbH | Electrical solutions for elevators and conveyor systems | Isernhagen","article_publisher":"https:\/\/www.facebook.com\/switchgmbh","article_modified_time":"2025-10-06T13:02:17+00:00","og_image":[{"width":600,"height":800,"url":"https:\/\/switch-gmbh.de\/wp-content\/uploads\/2025\/09\/Switch-Produkte-SW-2550.jpg","type":"image\/jpeg"}],"twitter_card":"summary_large_image","twitter_misc":{"Est. reading time":"1 minute"},"schema":{"@context":"https:\/\/schema.org","@graph":[{"@type":"WebPage","@id":"https:\/\/switch-gmbh.de\/en\/produkt\/haengetaster-3-fach\/","url":"https:\/\/switch-gmbh.de\/en\/produkt\/haengetaster-3-fach\/","name":"SW-2550 H\u00e4ngetaster 3-fach - Switch GmbH | Electrical solutions for elevators and conveyor systems | Isernhagen","isPartOf":{"@id":"https:\/\/switch-gmbh.de\/en\/#website"},"primaryImageOfPage":{"@id":"https:\/\/switch-gmbh.de\/en\/produkt\/haengetaster-3-fach\/#primaryimage"},"image":{"@id":"https:\/\/switch-gmbh.de\/en\/produkt\/haengetaster-3-fach\/#primaryimage"},"thumbnailUrl":"https:\/\/switch-gmbh.de\/wp-content\/uploads\/2025\/09\/Switch-Produkte-SW-2550.jpg","datePublished":"2025-09-12T10:59:48+00:00","dateModified":"2025-10-06T13:02:17+00:00","breadcrumb":{"@id":"https:\/\/switch-gmbh.de\/en\/produkt\/haengetaster-3-fach\/#breadcrumb"},"inLanguage":"en-US","potentialAction":[{"@type":"ReadAction","target":["https:\/\/switch-gmbh.de\/en\/produkt\/haengetaster-3-fach\/"]}]},{"@type":"ImageObject","inLanguage":"en-US","@id":"https:\/\/switch-gmbh.de\/en\/produkt\/haengetaster-3-fach\/#primaryimage","url":"https:\/\/switch-gmbh.de\/wp-content\/uploads\/2025\/09\/Switch-Produkte-SW-2550.jpg","contentUrl":"https:\/\/switch-gmbh.de\/wp-content\/uploads\/2025\/09\/Switch-Produkte-SW-2550.jpg","width":600,"height":800,"caption":"Switch - Produkte - SW-2550"},{"@type":"BreadcrumbList","@id":"https:\/\/switch-gmbh.de\/en\/produkt\/haengetaster-3-fach\/#breadcrumb","itemListElement":[{"@type":"ListItem","position":1,"name":"Home page","item":"https:\/\/switch-gmbh.de\/en\/"},{"@type":"ListItem","position":2,"name":"Privat: Shop","item":"https:\/\/switch-gmbh.de\/?page_id=1520"},{"@type":"ListItem","position":3,"name":"SW-2550 H\u00e4ngetaster 3-fach"}]},{"@type":"WebSite","@id":"https:\/\/switch-gmbh.de\/en\/#website","url":"https:\/\/switch-gmbh.de\/en\/","name":"Switch GmbH","description":"Elektrische L\u00f6sungen f\u00fcr Aufz\u00fcge und F\u00f6rderanlagen | Isernhagen","publisher":{"@id":"https:\/\/switch-gmbh.de\/en\/#organization"},"potentialAction":[{"@type":"SearchAction","target":{"@type":"EntryPoint","urlTemplate":"https:\/\/switch-gmbh.de\/en\/?s={search_term_string}"},"query-input":{"@type":"PropertyValueSpecification","valueRequired":true,"valueName":"search_term_string"}}],"inLanguage":"en-US"},{"@type":"Organization","@id":"https:\/\/switch-gmbh.de\/en\/#organization","name":"Switch GmbH","url":"https:\/\/switch-gmbh.de\/en\/","logo":{"@type":"ImageObject","inLanguage":"en-US","@id":"https:\/\/switch-gmbh.de\/en\/#\/schema\/logo\/image\/","url":"https:\/\/switch-gmbh.de\/wp-content\/uploads\/2023\/10\/cropped-Switch_Logo2_DreieckRGS_RGB.webp","contentUrl":"https:\/\/switch-gmbh.de\/wp-content\/uploads\/2023\/10\/cropped-Switch_Logo2_DreieckRGS_RGB.webp","width":1232,"height":468,"caption":"Switch GmbH"},"image":{"@id":"https:\/\/switch-gmbh.de\/en\/#\/schema\/logo\/image\/"},"sameAs":["https:\/\/www.facebook.com\/switchgmbh","https:\/\/www.linkedin.com\/company\/switchgmbh"]}]}},"_links":{"self":[{"href":"https:\/\/switch-gmbh.de\/en\/wp-json\/wp\/v2\/product\/4750","targetHints":{"allow":["GET"]}}],"collection":[{"href":"https:\/\/switch-gmbh.de\/en\/wp-json\/wp\/v2\/product"}],"about":[{"href":"https:\/\/switch-gmbh.de\/en\/wp-json\/wp\/v2\/types\/product"}],"version-history":[{"count":0,"href":"https:\/\/switch-gmbh.de\/en\/wp-json\/wp\/v2\/product\/4750\/revisions"}],"wp:featuredmedia":[{"embeddable":true,"href":"https:\/\/switch-gmbh.de\/en\/wp-json\/wp\/v2\/media\/4918"}],"wp:attachment":[{"href":"https:\/\/switch-gmbh.de\/en\/wp-json\/wp\/v2\/media?parent=4750"}],"wp:term":[{"taxonomy":"product_brand","embeddable":true,"href":"https:\/\/switch-gmbh.de\/en\/wp-json\/wp\/v2\/product_brand?post=4750"},{"taxonomy":"product_cat","embeddable":true,"href":"https:\/\/switch-gmbh.de\/en\/wp-json\/wp\/v2\/product_cat?post=4750"},{"taxonomy":"product_tag","embeddable":true,"href":"https:\/\/switch-gmbh.de\/en\/wp-json\/wp\/v2\/product_tag?post=4750"}],"curies":[{"name":"wp","href":"https:\/\/api.w.org\/{rel}","templated":true}]}}