{"id":4566,"date":"2025-08-29T09:29:54","date_gmt":"2025-08-29T07:29:54","guid":{"rendered":"https:\/\/switch-gmbh.de\/?post_type=product&#038;p=4566"},"modified":"2026-02-16T14:50:48","modified_gmt":"2026-02-16T13:50:48","slug":"flexblue-lichtsteuerung","status":"publish","type":"product","link":"https:\/\/switch-gmbh.de\/en\/produkt\/flexblue-lichtsteuerung\/","title":{"rendered":"FLEXblue+ Lichtsteuerung"},"content":{"rendered":"<h3>Unsere <strong>FLEXblue+ Lichtsteuerung<\/strong>\u00a0ist\u2026<\/h3>\n<p><strong data-start=\"1031\" data-end=\"1064\"><img decoding=\"async\" class=\"emoji\" role=\"img\" src=\"https:\/\/s.w.org\/images\/core\/emoji\/16.0.1\/svg\/2705.svg\" alt=\"\u2705\" \/>\u00a0die 2-in-1-Beleuchtungsl\u00f6sung<\/strong>\u00a0mit integriertem Sicherheitslicht.<\/p>\n<p><strong data-start=\"488\" data-end=\"506\"><img decoding=\"async\" class=\"emoji\" role=\"img\" src=\"https:\/\/s.w.org\/images\/core\/emoji\/16.0.1\/svg\/2705.svg\" alt=\"\u2705\" \/> ein Industrie-Produkt:<\/strong>\u00a0Wir produzieren mit hochwertigem Material f\u00fcr optimale Qualit\u00e4t<\/p>\n<p><strong data-start=\"1102\" data-end=\"1123\"><img decoding=\"async\" class=\"emoji\" role=\"img\" src=\"https:\/\/s.w.org\/images\/core\/emoji\/16.0.1\/svg\/2705.svg\" alt=\"\u2705\" \/>\u00a0modular aufgebaut<\/strong>\u00a0und perfekt f\u00fcr mobile Anwendungen geeignet.<\/p>\n<p><strong data-start=\"1171\" data-end=\"1194\"><img decoding=\"async\" class=\"emoji\" role=\"img\" src=\"https:\/\/s.w.org\/images\/core\/emoji\/16.0.1\/svg\/2705.svg\" alt=\"\u2705\" \/>\u00a0Plug-and-Play-f\u00e4hig<\/strong>: Kann ohne Elektrofachkraft schnell in Betrieb genommen werden.<\/p>\n<p><strong data-start=\"1261\" data-end=\"1285\"><img decoding=\"async\" class=\"emoji\" role=\"img\" src=\"https:\/\/s.w.org\/images\/core\/emoji\/16.0.1\/svg\/2705.svg\" alt=\"\u2705\" \/>\u00a0flexibel erweiterbar<\/strong>: Passen Sie das System einfach Ihren Bed\u00fcrfnissen an.<\/p>\n<p><strong data-start=\"913\" data-end=\"931\"><img decoding=\"async\" class=\"emoji\" role=\"img\" src=\"https:\/\/s.w.org\/images\/core\/emoji\/16.0.1\/svg\/2705.svg\" alt=\"\u2705\" \/>\u00a0durchg\u00e4ngig in Schutzart IP65<\/strong>: Die Schutzart des Lichtbands kann auf\u00a0<strong data-start=\"1404\" data-end=\"1412\">IP68<\/strong>\u00a0geh\u00e4rtet werden.<\/p>\n<p><strong data-start=\"1070\" data-end=\"1102\"><img decoding=\"async\" class=\"emoji\" role=\"img\" src=\"https:\/\/s.w.org\/images\/core\/emoji\/16.0.1\/svg\/2705.svg\" alt=\"\u2705\" \/>\u00a0CE-, REACH- und RoHS-konform<\/strong>: Erf\u00fcllt alle wichtigen Richtlinien f\u00fcr Sicherheit und Umweltvertr\u00e4glichkeit.<\/p>\n<p><strong><img decoding=\"async\" class=\"emoji\" role=\"img\" src=\"https:\/\/s.w.org\/images\/core\/emoji\/16.0.1\/svg\/2705.svg\" alt=\"\u2705\" \/>\u00a0<\/strong>entsprechend der\u00a0<strong data-start=\"1505\" data-end=\"1546\">Technischen Regeln f\u00fcr Arbeitsst\u00e4tten<\/strong>\u00a0(ASR A3.4 Pkt. 8 und ASR A2.3 Pkt. 8) f\u00fcr Baustellenbeleuchtungen sowie\u00a0<strong data-start=\"1619\" data-end=\"1640\">ASR A3.4\/7 Pkt. 4<\/strong>\u00a0f\u00fcr Sicherheitsbeleuchtungen.<\/p>\n<p><strong data-start=\"1337\" data-end=\"1365\"><img decoding=\"async\" class=\"emoji\" role=\"img\" src=\"https:\/\/s.w.org\/images\/core\/emoji\/16.0.1\/svg\/2705.svg\" alt=\"\u2705\" \/>\u00a0Neueste LED-Lichttechnik<\/strong>: Effizient, langlebig und energiesparend.<\/p>\n<p><strong data-start=\"1410\" data-end=\"1425\"><img decoding=\"async\" class=\"emoji\" role=\"img\" src=\"https:\/\/s.w.org\/images\/core\/emoji\/16.0.1\/svg\/2705.svg\" alt=\"\u2705\" \/>\u00a0Silikonfrei<\/strong>\u00a0und in\u00a0<strong data-start=\"1433\" data-end=\"1461\">halogenfreier Ausf\u00fchrung<\/strong>\u00a0erh\u00e4ltlich.<\/p>\n<p><strong data-start=\"1476\" data-end=\"1507\"><img decoding=\"async\" class=\"emoji\" role=\"img\" src=\"https:\/\/s.w.org\/images\/core\/emoji\/16.0.1\/svg\/2705.svg\" alt=\"\u2705\" \/>\u00a0Lichtbandl\u00e4nge bis zu 75 m<\/strong>: Ideal f\u00fcr gr\u00f6\u00dfere Baustellen oder Veranstaltungen.<\/p>\n<p><strong data-start=\"1571\" data-end=\"1591\"><img decoding=\"async\" class=\"emoji\" role=\"img\" src=\"https:\/\/s.w.org\/images\/core\/emoji\/16.0.1\/svg\/2705.svg\" alt=\"\u2705\" \/>\u00a0Einfache Montage<\/strong>: Mit beigepackten Kabelbindern oder weiterem Montagematerial.<\/p>\n","protected":false},"excerpt":{"rendered":"<p>Lichtsteuerung f\u00fcr FLEXblue+ Beleuchtungssystem.<br \/>\nDie beste <strong data-start=\"1031\" data-end=\"1064\">2-in-1-Beleuchtungsl\u00f6sung<\/strong> mit integriertem Sicherheitslicht.<br \/>\nEntspricht den <strong data-start=\"1505\" data-end=\"1546\">Technischen Regeln f\u00fcr Arbeitsst\u00e4tten<\/strong>\u00a0(ASR A3.4 Pkt. 8 und ASR A2.3 Pkt. 8) f\u00fcr Baustellenbeleuchtungen sowie\u00a0<strong data-start=\"1619\" data-end=\"1640\">ASR A3.4\/7 Pkt. 4<\/strong>\u00a0f\u00fcr Sicherheitsbeleuchtungen.<\/p>\n<ul>\n<li>Plug-and-Play-System<\/li>\n<li>Industrie-Produkt in robustes Metallgeh\u00e4use<\/li>\n<li>Austauschbare Blei-Akkus f\u00fcr Notlichtbetrieb (wartungsfrei)<\/li>\n<\/ul>\n<p>&nbsp;<\/p>\n<p>Standardkonfiguration:<\/p>\n<ul>\n<li>F\u00fcr bis zu 2 * 75m LED120plus-Lichtband<\/li>\n<li>5 Meter Gummizuleitung mit Schuko-Stecker<\/li>\n<\/ul>\n<p>&nbsp;<\/p>\n","protected":false},"featured_media":4447,"template":"","meta":[],"product_brand":[],"product_cat":[44,45,42],"product_tag":[],"class_list":{"0":"post-4566","1":"product","2":"type-product","3":"status-publish","4":"has-post-thumbnail","6":"product_cat-flexblue-system","7":"product_cat-flexblue-2","8":"product_cat-lichtbandsystem","10":"first","11":"instock","12":"taxable","13":"shipping-taxable","14":"product-type-variable","15":"has-default-attributes"},"yoast_head":"<!-- This site is optimized with the Yoast SEO Premium plugin v26.6 (Yoast SEO v27.5) - https:\/\/yoast.com\/product\/yoast-seo-premium-wordpress\/ -->\n<title>FLEXblue+ Lichtsteuerung - Switch GmbH | Electrical solutions for elevators and conveyor systems | Isernhagen<\/title>\n<meta name=\"robots\" content=\"index, follow, max-snippet:-1, max-image-preview:large, max-video-preview:-1\" \/>\n<link rel=\"canonical\" href=\"https:\/\/switch-gmbh.de\/en\/produkt\/flexblue-lichtsteuerung\/\" \/>\n<meta property=\"og:locale\" content=\"en_US\" \/>\n<meta property=\"og:type\" content=\"article\" \/>\n<meta property=\"og:title\" content=\"FLEXblue+ Lichtsteuerung\" \/>\n<meta property=\"og:description\" content=\"Lichtsteuerung f\u00fcr FLEXblue+ Beleuchtungssystem. Die beste 2-in-1-Beleuchtungsl\u00f6sung mit integriertem Sicherheitslicht. Entspricht den Technischen Regeln f\u00fcr Arbeitsst\u00e4tten\u00a0(ASR A3.4 Pkt. 8 und ASR A2.3 Pkt. 8) f\u00fcr Baustellenbeleuchtungen sowie\u00a0ASR A3.4\/7 Pkt. 4\u00a0f\u00fcr Sicherheitsbeleuchtungen.   Plug-and-Play-System  Industrie-Produkt in robustes Metallgeh\u00e4use  Austauschbare Blei-Akkus f\u00fcr Notlichtbetrieb (wartungsfrei)  &nbsp;  Standardkonfiguration:   F\u00fcr bis zu 2 * 75m LED120plus-Lichtband  5 Meter Gummizuleitung mit Schuko-Stecker  &nbsp;\" \/>\n<meta property=\"og:url\" content=\"https:\/\/switch-gmbh.de\/en\/produkt\/flexblue-lichtsteuerung\/\" \/>\n<meta property=\"og:site_name\" content=\"Switch GmbH | Electrical solutions for elevators and conveyor systems | Isernhagen\" \/>\n<meta property=\"article:publisher\" content=\"https:\/\/www.facebook.com\/switchgmbh\" \/>\n<meta property=\"article:modified_time\" content=\"2026-02-16T13:50:48+00:00\" \/>\n<meta property=\"og:image\" content=\"https:\/\/switch-gmbh.de\/wp-content\/uploads\/2025\/07\/Switch-Produkte-FLEXblue-SW-2937FBM_web.jpg\" \/>\n\t<meta property=\"og:image:width\" content=\"1459\" \/>\n\t<meta property=\"og:image:height\" content=\"1516\" \/>\n\t<meta property=\"og:image:type\" content=\"image\/jpeg\" \/>\n<meta name=\"twitter:card\" content=\"summary_large_image\" \/>\n<meta name=\"twitter:label1\" content=\"Est. reading time\" \/>\n\t<meta name=\"twitter:data1\" content=\"4 minutes\" \/>\n<script type=\"application\/ld+json\" class=\"yoast-schema-graph\">{\"@context\":\"https:\\\/\\\/schema.org\",\"@graph\":[{\"@type\":\"WebPage\",\"@id\":\"https:\\\/\\\/switch-gmbh.de\\\/en\\\/produkt\\\/flexblue-lichtsteuerung\\\/\",\"url\":\"https:\\\/\\\/switch-gmbh.de\\\/en\\\/produkt\\\/flexblue-lichtsteuerung\\\/\",\"name\":\"FLEXblue+ Lichtsteuerung - Switch GmbH | Electrical solutions for elevators and conveyor systems | Isernhagen\",\"isPartOf\":{\"@id\":\"https:\\\/\\\/switch-gmbh.de\\\/en\\\/#website\"},\"primaryImageOfPage\":{\"@id\":\"https:\\\/\\\/switch-gmbh.de\\\/en\\\/produkt\\\/flexblue-lichtsteuerung\\\/#primaryimage\"},\"image\":{\"@id\":\"https:\\\/\\\/switch-gmbh.de\\\/en\\\/produkt\\\/flexblue-lichtsteuerung\\\/#primaryimage\"},\"thumbnailUrl\":\"https:\\\/\\\/switch-gmbh.de\\\/wp-content\\\/uploads\\\/2025\\\/07\\\/Switch-Produkte-FLEXblue-SW-2937FBM_web.jpg\",\"datePublished\":\"2025-08-29T07:29:54+00:00\",\"dateModified\":\"2026-02-16T13:50:48+00:00\",\"breadcrumb\":{\"@id\":\"https:\\\/\\\/switch-gmbh.de\\\/en\\\/produkt\\\/flexblue-lichtsteuerung\\\/#breadcrumb\"},\"inLanguage\":\"en-US\",\"potentialAction\":[{\"@type\":\"ReadAction\",\"target\":[\"https:\\\/\\\/switch-gmbh.de\\\/en\\\/produkt\\\/flexblue-lichtsteuerung\\\/\"]}]},{\"@type\":\"ImageObject\",\"inLanguage\":\"en-US\",\"@id\":\"https:\\\/\\\/switch-gmbh.de\\\/en\\\/produkt\\\/flexblue-lichtsteuerung\\\/#primaryimage\",\"url\":\"https:\\\/\\\/switch-gmbh.de\\\/wp-content\\\/uploads\\\/2025\\\/07\\\/Switch-Produkte-FLEXblue-SW-2937FBM_web.jpg\",\"contentUrl\":\"https:\\\/\\\/switch-gmbh.de\\\/wp-content\\\/uploads\\\/2025\\\/07\\\/Switch-Produkte-FLEXblue-SW-2937FBM_web.jpg\",\"width\":1459,\"height\":1516,\"caption\":\"Switch - Produkte - FLEXblue SW-2937FBM_web\"},{\"@type\":\"BreadcrumbList\",\"@id\":\"https:\\\/\\\/switch-gmbh.de\\\/en\\\/produkt\\\/flexblue-lichtsteuerung\\\/#breadcrumb\",\"itemListElement\":[{\"@type\":\"ListItem\",\"position\":1,\"name\":\"Home page\",\"item\":\"https:\\\/\\\/switch-gmbh.de\\\/en\\\/\"},{\"@type\":\"ListItem\",\"position\":2,\"name\":\"Privat: Shop\",\"item\":\"https:\\\/\\\/switch-gmbh.de\\\/?page_id=1520\"},{\"@type\":\"ListItem\",\"position\":3,\"name\":\"FLEXblue+ Lichtsteuerung\"}]},{\"@type\":\"WebSite\",\"@id\":\"https:\\\/\\\/switch-gmbh.de\\\/en\\\/#website\",\"url\":\"https:\\\/\\\/switch-gmbh.de\\\/en\\\/\",\"name\":\"Switch GmbH\",\"description\":\"Elektrische L\u00f6sungen f\u00fcr Aufz\u00fcge und F\u00f6rderanlagen | Isernhagen\",\"publisher\":{\"@id\":\"https:\\\/\\\/switch-gmbh.de\\\/en\\\/#organization\"},\"potentialAction\":[{\"@type\":\"SearchAction\",\"target\":{\"@type\":\"EntryPoint\",\"urlTemplate\":\"https:\\\/\\\/switch-gmbh.de\\\/en\\\/?s={search_term_string}\"},\"query-input\":{\"@type\":\"PropertyValueSpecification\",\"valueRequired\":true,\"valueName\":\"search_term_string\"}}],\"inLanguage\":\"en-US\"},{\"@type\":\"Organization\",\"@id\":\"https:\\\/\\\/switch-gmbh.de\\\/en\\\/#organization\",\"name\":\"Switch GmbH\",\"url\":\"https:\\\/\\\/switch-gmbh.de\\\/en\\\/\",\"logo\":{\"@type\":\"ImageObject\",\"inLanguage\":\"en-US\",\"@id\":\"https:\\\/\\\/switch-gmbh.de\\\/en\\\/#\\\/schema\\\/logo\\\/image\\\/\",\"url\":\"https:\\\/\\\/switch-gmbh.de\\\/wp-content\\\/uploads\\\/2023\\\/10\\\/cropped-Switch_Logo2_DreieckRGS_RGB.webp\",\"contentUrl\":\"https:\\\/\\\/switch-gmbh.de\\\/wp-content\\\/uploads\\\/2023\\\/10\\\/cropped-Switch_Logo2_DreieckRGS_RGB.webp\",\"width\":1232,\"height\":468,\"caption\":\"Switch GmbH\"},\"image\":{\"@id\":\"https:\\\/\\\/switch-gmbh.de\\\/en\\\/#\\\/schema\\\/logo\\\/image\\\/\"},\"sameAs\":[\"https:\\\/\\\/www.facebook.com\\\/switchgmbh\",\"https:\\\/\\\/www.linkedin.com\\\/company\\\/switchgmbh\"]}]}<\/script>\n<!-- \/ Yoast SEO Premium plugin. -->","yoast_head_json":{"title":"FLEXblue+ Lichtsteuerung - Switch GmbH | Electrical solutions for elevators and conveyor systems | Isernhagen","robots":{"index":"index","follow":"follow","max-snippet":"max-snippet:-1","max-image-preview":"max-image-preview:large","max-video-preview":"max-video-preview:-1"},"canonical":"https:\/\/switch-gmbh.de\/en\/produkt\/flexblue-lichtsteuerung\/","og_locale":"en_US","og_type":"article","og_title":"FLEXblue+ Lichtsteuerung","og_description":"Lichtsteuerung f\u00fcr FLEXblue+ Beleuchtungssystem. Die beste 2-in-1-Beleuchtungsl\u00f6sung mit integriertem Sicherheitslicht. Entspricht den Technischen Regeln f\u00fcr Arbeitsst\u00e4tten\u00a0(ASR A3.4 Pkt. 8 und ASR A2.3 Pkt. 8) f\u00fcr Baustellenbeleuchtungen sowie\u00a0ASR A3.4\/7 Pkt. 4\u00a0f\u00fcr Sicherheitsbeleuchtungen.   Plug-and-Play-System  Industrie-Produkt in robustes Metallgeh\u00e4use  Austauschbare Blei-Akkus f\u00fcr Notlichtbetrieb (wartungsfrei)  &nbsp;  Standardkonfiguration:   F\u00fcr bis zu 2 * 75m LED120plus-Lichtband  5 Meter Gummizuleitung mit Schuko-Stecker  &nbsp;","og_url":"https:\/\/switch-gmbh.de\/en\/produkt\/flexblue-lichtsteuerung\/","og_site_name":"Switch GmbH | Electrical solutions for elevators and conveyor systems | Isernhagen","article_publisher":"https:\/\/www.facebook.com\/switchgmbh","article_modified_time":"2026-02-16T13:50:48+00:00","og_image":[{"width":1459,"height":1516,"url":"https:\/\/switch-gmbh.de\/wp-content\/uploads\/2025\/07\/Switch-Produkte-FLEXblue-SW-2937FBM_web.jpg","type":"image\/jpeg"}],"twitter_card":"summary_large_image","twitter_misc":{"Est. reading time":"4 minutes"},"schema":{"@context":"https:\/\/schema.org","@graph":[{"@type":"WebPage","@id":"https:\/\/switch-gmbh.de\/en\/produkt\/flexblue-lichtsteuerung\/","url":"https:\/\/switch-gmbh.de\/en\/produkt\/flexblue-lichtsteuerung\/","name":"FLEXblue+ Lichtsteuerung - Switch GmbH | Electrical solutions for elevators and conveyor systems | Isernhagen","isPartOf":{"@id":"https:\/\/switch-gmbh.de\/en\/#website"},"primaryImageOfPage":{"@id":"https:\/\/switch-gmbh.de\/en\/produkt\/flexblue-lichtsteuerung\/#primaryimage"},"image":{"@id":"https:\/\/switch-gmbh.de\/en\/produkt\/flexblue-lichtsteuerung\/#primaryimage"},"thumbnailUrl":"https:\/\/switch-gmbh.de\/wp-content\/uploads\/2025\/07\/Switch-Produkte-FLEXblue-SW-2937FBM_web.jpg","datePublished":"2025-08-29T07:29:54+00:00","dateModified":"2026-02-16T13:50:48+00:00","breadcrumb":{"@id":"https:\/\/switch-gmbh.de\/en\/produkt\/flexblue-lichtsteuerung\/#breadcrumb"},"inLanguage":"en-US","potentialAction":[{"@type":"ReadAction","target":["https:\/\/switch-gmbh.de\/en\/produkt\/flexblue-lichtsteuerung\/"]}]},{"@type":"ImageObject","inLanguage":"en-US","@id":"https:\/\/switch-gmbh.de\/en\/produkt\/flexblue-lichtsteuerung\/#primaryimage","url":"https:\/\/switch-gmbh.de\/wp-content\/uploads\/2025\/07\/Switch-Produkte-FLEXblue-SW-2937FBM_web.jpg","contentUrl":"https:\/\/switch-gmbh.de\/wp-content\/uploads\/2025\/07\/Switch-Produkte-FLEXblue-SW-2937FBM_web.jpg","width":1459,"height":1516,"caption":"Switch - Produkte - FLEXblue SW-2937FBM_web"},{"@type":"BreadcrumbList","@id":"https:\/\/switch-gmbh.de\/en\/produkt\/flexblue-lichtsteuerung\/#breadcrumb","itemListElement":[{"@type":"ListItem","position":1,"name":"Home page","item":"https:\/\/switch-gmbh.de\/en\/"},{"@type":"ListItem","position":2,"name":"Privat: Shop","item":"https:\/\/switch-gmbh.de\/?page_id=1520"},{"@type":"ListItem","position":3,"name":"FLEXblue+ Lichtsteuerung"}]},{"@type":"WebSite","@id":"https:\/\/switch-gmbh.de\/en\/#website","url":"https:\/\/switch-gmbh.de\/en\/","name":"Switch GmbH","description":"Elektrische L\u00f6sungen f\u00fcr Aufz\u00fcge und F\u00f6rderanlagen | Isernhagen","publisher":{"@id":"https:\/\/switch-gmbh.de\/en\/#organization"},"potentialAction":[{"@type":"SearchAction","target":{"@type":"EntryPoint","urlTemplate":"https:\/\/switch-gmbh.de\/en\/?s={search_term_string}"},"query-input":{"@type":"PropertyValueSpecification","valueRequired":true,"valueName":"search_term_string"}}],"inLanguage":"en-US"},{"@type":"Organization","@id":"https:\/\/switch-gmbh.de\/en\/#organization","name":"Switch GmbH","url":"https:\/\/switch-gmbh.de\/en\/","logo":{"@type":"ImageObject","inLanguage":"en-US","@id":"https:\/\/switch-gmbh.de\/en\/#\/schema\/logo\/image\/","url":"https:\/\/switch-gmbh.de\/wp-content\/uploads\/2023\/10\/cropped-Switch_Logo2_DreieckRGS_RGB.webp","contentUrl":"https:\/\/switch-gmbh.de\/wp-content\/uploads\/2023\/10\/cropped-Switch_Logo2_DreieckRGS_RGB.webp","width":1232,"height":468,"caption":"Switch GmbH"},"image":{"@id":"https:\/\/switch-gmbh.de\/en\/#\/schema\/logo\/image\/"},"sameAs":["https:\/\/www.facebook.com\/switchgmbh","https:\/\/www.linkedin.com\/company\/switchgmbh"]}]}},"_links":{"self":[{"href":"https:\/\/switch-gmbh.de\/en\/wp-json\/wp\/v2\/product\/4566","targetHints":{"allow":["GET"]}}],"collection":[{"href":"https:\/\/switch-gmbh.de\/en\/wp-json\/wp\/v2\/product"}],"about":[{"href":"https:\/\/switch-gmbh.de\/en\/wp-json\/wp\/v2\/types\/product"}],"version-history":[{"count":2,"href":"https:\/\/switch-gmbh.de\/en\/wp-json\/wp\/v2\/product\/4566\/revisions"}],"predecessor-version":[{"id":5957,"href":"https:\/\/switch-gmbh.de\/en\/wp-json\/wp\/v2\/product\/4566\/revisions\/5957"}],"wp:featuredmedia":[{"embeddable":true,"href":"https:\/\/switch-gmbh.de\/en\/wp-json\/wp\/v2\/media\/4447"}],"wp:attachment":[{"href":"https:\/\/switch-gmbh.de\/en\/wp-json\/wp\/v2\/media?parent=4566"}],"wp:term":[{"taxonomy":"product_brand","embeddable":true,"href":"https:\/\/switch-gmbh.de\/en\/wp-json\/wp\/v2\/product_brand?post=4566"},{"taxonomy":"product_cat","embeddable":true,"href":"https:\/\/switch-gmbh.de\/en\/wp-json\/wp\/v2\/product_cat?post=4566"},{"taxonomy":"product_tag","embeddable":true,"href":"https:\/\/switch-gmbh.de\/en\/wp-json\/wp\/v2\/product_tag?post=4566"}],"curies":[{"name":"wp","href":"https:\/\/api.w.org\/{rel}","templated":true}]}}