{"id":2420,"date":"2023-10-29T15:55:30","date_gmt":"2023-10-29T14:55:30","guid":{"rendered":"https:\/\/regiopress.switch-gmbh.de\/flexblue-2\/"},"modified":"2025-11-25T22:44:15","modified_gmt":"2025-11-25T21:44:15","slug":"flexblue-2","status":"publish","type":"page","link":"https:\/\/switch-gmbh.de\/en\/flexblue-2\/","title":{"rendered":"FLEXblue"},"content":{"rendered":"<h1>The FLEXblue continuous-row lighting system<\/h1>\n<h2><strong>The right solution for mobile use<\/strong><\/h2>\n<p>Discover the robust <strong>FLEXblue<\/strong> LED continuous-row lighting system. It was developed as a plug-and-play system and is the ideal lighting solution for construction sites, events or other mobile applications. The continuous-row system is quick and easy to install and can be put into operation without a qualified electrician. Dismantling is also uncomplicated and time-saving thanks to the high-quality plug-in system.   <\/p>\n<p data-start=\"480\" data-end=\"653\">If you have any special requirements, please contact our sales department.<\/p>\n<h3><strong>FLEXblue is&#8230;<\/strong><\/h3>\n<p><strong>\u2705 Industrial product<\/strong>: We produce with high-quality material for optimum quality<\/p>\n<p><strong>\u2705 modular design<\/strong> and therefore ideal for mobile applications.<\/p>\n<p><strong>\u2705 Plug-and-play capable: <\/strong>Commissioning without a qualified electrician.<\/p>\n<p><strong data-start=\"832\" data-end=\"856\">\u2705 Flexibly expandable<\/strong>: Perfectly adaptable to your individual needs.<\/p>\n<p><strong data-start=\"913\" data-end=\"931\">IP65 protection throughout<\/strong>: for reliable resistance to dust and water. The protection rating of the light strip can be hardened to <strong data-start=\"1404\" data-end=\"1412\">IP68<\/strong>. <\/p>\n<p><strong data-start=\"1070\" data-end=\"1102\">\u2705 CE, REACH and RoHS compliant<\/strong>: Meets all important directives for safety and environmental compatibility.<\/p>\n<p><strong data-start=\"1183\" data-end=\"1241\">\u2705 safe and complies with the technical regulations for workplaces (ASR A3.4 point 8):<\/strong> Meets the requirements for construction site lighting.<\/p>\n<h3 data-start=\"1302\" data-end=\"1333\"><strong data-start=\"1307\" data-end=\"1333\">Technical highlights:<\/strong><\/h3>\n<p><strong data-start=\"1337\" data-end=\"1365\">\u2705 The latest LED lighting technology<\/strong>: efficient, long-lasting and energy-saving.<\/p>\n<p><strong data-start=\"1410\" data-end=\"1425\">\u2705 Silicone-free<\/strong> and available in a <strong data-start=\"1433\" data-end=\"1461\">halogen-free version<\/strong>.<\/p>\n<p><strong data-start=\"1476\" data-end=\"1507\">\u2705 Continuous rooflight length up to 100 m<\/strong>: perfect for larger construction sites or event areas.<\/p>\n<p><strong data-start=\"1571\" data-end=\"1591\">\u2705 Simple installation<\/strong>: With the supplied cable ties or other installation material.<\/p>\n<p>\t\t\t\t\t\t\t\t\t\t\t\t\t\t\t<img fetchpriority=\"high\" decoding=\"async\" width=\"800\" height=\"136\" src=\"https:\/\/switch-gmbh.de\/wp-content\/uploads\/2023\/12\/FLEXblue2-1024x174.png\" alt=\"\" srcset=\"https:\/\/switch-gmbh.de\/wp-content\/uploads\/2023\/12\/FLEXblue2-1024x174.png 1024w, https:\/\/switch-gmbh.de\/wp-content\/uploads\/2023\/12\/FLEXblue2-300x51.png 300w, https:\/\/switch-gmbh.de\/wp-content\/uploads\/2023\/12\/FLEXblue2-768x130.png 768w, https:\/\/switch-gmbh.de\/wp-content\/uploads\/2023\/12\/FLEXblue2-1536x261.png 1536w, https:\/\/switch-gmbh.de\/wp-content\/uploads\/2023\/12\/FLEXblue2-2048x348.png 2048w\" sizes=\"(max-width: 800px) 100vw, 800px\"><br \/>\n\t\t\t\t\t\t\t<a href=\"https:\/\/switch-gmbh.de\/wp-content\/uploads\/2025\/07\/Switch-Produkt-8x3_web.jpg\" data-elementor-open-lightbox=\"yes\" data-elementor-lightbox-slideshow=\"4186854\" data-elementor-lightbox-title=\"Switch - Produkt - 8x3\" data-elementor-lightbox-description=\"Switch - Produkt - 8x3\" data-e-action-hash=\"#elementor-action%3Aaction%3Dlightbox%26settings%3DeyJpZCI6NDA2NSwidXJsIjoiaHR0cHM6XC9cL3N3aXRjaC1nbWJoLmRlXC93cC1jb250ZW50XC91cGxvYWRzXC8yMDI1XC8wN1wvU3dpdGNoLVByb2R1a3QtOHgzX3dlYi5qcGciLCJzbGlkZXNob3ciOiI0MTg2ODU0In0%3D\"><br \/>\n\t\t\t\t\t\t\t\t\t\t\t\t\t\t<\/a><br \/>\n\t\t\t\t\t\t\t<a href=\"https:\/\/switch-gmbh.de\/wp-content\/uploads\/2025\/07\/Switch-Produkte-FLEXblue-SW-3419-2_web.jpg\" data-elementor-open-lightbox=\"yes\" data-elementor-lightbox-slideshow=\"4186854\" data-elementor-lightbox-title=\"Switch - Produkte - FLEXblue SW-3419-2\" data-elementor-lightbox-description=\"Switch - Produkte - FLEXblue SW-3419-2\" data-e-action-hash=\"#elementor-action%3Aaction%3Dlightbox%26settings%3DeyJpZCI6NDQzMCwidXJsIjoiaHR0cHM6XC9cL3N3aXRjaC1nbWJoLmRlXC93cC1jb250ZW50XC91cGxvYWRzXC8yMDI1XC8wN1wvU3dpdGNoLVByb2R1a3RlLUZMRVhibHVlLVNXLTM0MTktMl93ZWIuanBnIiwic2xpZGVzaG93IjoiNDE4Njg1NCJ9\"><br \/>\n\t\t\t\t\t\t\t\t\t\t\t\t\t\t<\/a><br \/>\n\t\t\t\t\t\t\t<a href=\"https:\/\/switch-gmbh.de\/wp-content\/uploads\/2025\/07\/Switch-Produkt-FLEXblue-SW-3550SK_web.jpg\" data-elementor-open-lightbox=\"yes\" data-elementor-lightbox-slideshow=\"4186854\" data-elementor-lightbox-title=\"Switch-Produkt-FLEXblue-SW-3550SK\" data-elementor-lightbox-description=\"Switch-Produkt-FLEXblue-SW-3550SK\" data-e-action-hash=\"#elementor-action%3Aaction%3Dlightbox%26settings%3DeyJpZCI6NDI2MywidXJsIjoiaHR0cHM6XC9cL3N3aXRjaC1nbWJoLmRlXC93cC1jb250ZW50XC91cGxvYWRzXC8yMDI1XC8wN1wvU3dpdGNoLVByb2R1a3QtRkxFWGJsdWUtU1ctMzU1MFNLX3dlYi5qcGciLCJzbGlkZXNob3ciOiI0MTg2ODU0In0%3D\"><br \/>\n\t\t\t\t\t\t\t\t\t\t\t\t\t\t<\/a><br \/>\n\t\t\t\t\t\t\t<a href=\"https:\/\/switch-gmbh.de\/wp-content\/uploads\/2025\/07\/Switch-Produkt-FLEXblue-SW-3548_s_web.jpg\" data-elementor-open-lightbox=\"yes\" data-elementor-lightbox-slideshow=\"4186854\" data-elementor-lightbox-title=\"Switch-Produkt-FLEXblue-SW-3548\" data-elementor-lightbox-description=\"Switch-Produkt-FLEXblue-SW-3548\" data-e-action-hash=\"#elementor-action%3Aaction%3Dlightbox%26settings%3DeyJpZCI6NDI1OSwidXJsIjoiaHR0cHM6XC9cL3N3aXRjaC1nbWJoLmRlXC93cC1jb250ZW50XC91cGxvYWRzXC8yMDI1XC8wN1wvU3dpdGNoLVByb2R1a3QtRkxFWGJsdWUtU1ctMzU0OF9zX3dlYi5qcGciLCJzbGlkZXNob3ciOiI0MTg2ODU0In0%3D\"><br \/>\n\t\t\t\t\t\t\t\t\t\t\t\t\t\t<\/a><br \/>\n\t\t\t\t\t\t\t<a href=\"https:\/\/switch-gmbh.de\/wp-content\/uploads\/2025\/07\/Switch-Anwendung-Baustelle-5-1_web.jpg\" data-elementor-open-lightbox=\"yes\" data-elementor-lightbox-slideshow=\"306ec76\" data-elementor-lightbox-title=\"Switch - Anwendung - Baustelle 5-1\" data-elementor-lightbox-description=\"Switch - Anwendung - Baustelle 5-1\" data-e-action-hash=\"#elementor-action%3Aaction%3Dlightbox%26settings%3DeyJpZCI6NDM4OCwidXJsIjoiaHR0cHM6XC9cL3N3aXRjaC1nbWJoLmRlXC93cC1jb250ZW50XC91cGxvYWRzXC8yMDI1XC8wN1wvU3dpdGNoLUFud2VuZHVuZy1CYXVzdGVsbGUtNS0xX3dlYi5qcGciLCJzbGlkZXNob3ciOiIzMDZlYzc2In0%3D\"><br \/>\n\t\t\t\t\t\t\t\t\t\t\t\t\t\t<\/a><br \/>\n\t\t\t\t\t\t\t<a href=\"https:\/\/switch-gmbh.de\/wp-content\/uploads\/2025\/07\/Switch-Anwendung-Baustelle-4-1_web.jpg\" data-elementor-open-lightbox=\"yes\" data-elementor-lightbox-slideshow=\"306ec76\" data-elementor-lightbox-title=\"Switch - Anwendung - Baustelle 4-1\" data-elementor-lightbox-description=\"Switch - Anwendung - Baustelle 4-1\" data-e-action-hash=\"#elementor-action%3Aaction%3Dlightbox%26settings%3DeyJpZCI6NDM4NiwidXJsIjoiaHR0cHM6XC9cL3N3aXRjaC1nbWJoLmRlXC93cC1jb250ZW50XC91cGxvYWRzXC8yMDI1XC8wN1wvU3dpdGNoLUFud2VuZHVuZy1CYXVzdGVsbGUtNC0xX3dlYi5qcGciLCJzbGlkZXNob3ciOiIzMDZlYzc2In0%3D\"><br \/>\n\t\t\t\t\t\t\t\t\t\t\t\t\t\t<\/a><br \/>\n\t\t\t\t\t\t\t<a href=\"https:\/\/switch-gmbh.de\/wp-content\/uploads\/2025\/07\/Switch-Anwendung-Tunnel-1-1_web.jpg\" data-elementor-open-lightbox=\"yes\" data-elementor-lightbox-slideshow=\"306ec76\" data-elementor-lightbox-title=\"Switch - Anwendung -Tunnel 1-1\" data-elementor-lightbox-description=\"Switch - Anwendung -Tunnel 1-1\" data-e-action-hash=\"#elementor-action%3Aaction%3Dlightbox%26settings%3DeyJpZCI6NDM1OSwidXJsIjoiaHR0cHM6XC9cL3N3aXRjaC1nbWJoLmRlXC93cC1jb250ZW50XC91cGxvYWRzXC8yMDI1XC8wN1wvU3dpdGNoLUFud2VuZHVuZy1UdW5uZWwtMS0xX3dlYi5qcGciLCJzbGlkZXNob3ciOiIzMDZlYzc2In0%3D\"><br \/>\n\t\t\t\t\t\t\t\t\t\t\t\t\t\t<\/a><br \/>\n\t\t\t\t\t\t\t<a href=\"https:\/\/switch-gmbh.de\/wp-content\/uploads\/2025\/07\/Switch-Anwendung-FLEXblue-Baustelle-3-1_web.jpg\" data-elementor-open-lightbox=\"yes\" data-elementor-lightbox-slideshow=\"306ec76\" data-elementor-lightbox-title=\"Switch - Anwendung - FLEXblue Baustelle 3-1\" data-elementor-lightbox-description=\"Switch - Anwendung - FLEXblue Baustelle 3-1\" data-e-action-hash=\"#elementor-action%3Aaction%3Dlightbox%26settings%3DeyJpZCI6NDI1MSwidXJsIjoiaHR0cHM6XC9cL3N3aXRjaC1nbWJoLmRlXC93cC1jb250ZW50XC91cGxvYWRzXC8yMDI1XC8wN1wvU3dpdGNoLUFud2VuZHVuZy1GTEVYYmx1ZS1CYXVzdGVsbGUtMy0xX3dlYi5qcGciLCJzbGlkZXNob3ciOiIzMDZlYzc2In0%3D\"><br \/>\n\t\t\t\t\t\t\t\t\t\t\t\t\t\t<\/a><br \/>\n\t\t\t\t\t\t\t\t\t\t\t\t\t\t\t\t<a href=\"https:\/\/switch-gmbh.de\/wp-content\/uploads\/2025\/07\/FLEXblue-Flyer.pdf\" target=\"_blank\"><br \/>\n\t\t\t\t\t\t\t<img decoding=\"async\" width=\"800\" height=\"566\" src=\"https:\/\/switch-gmbh.de\/wp-content\/uploads\/2025\/07\/FLEXblue-Flyer-1024x724.jpg\" alt=\"Switch GmbH - FLEXblue Flyer - a\" srcset=\"https:\/\/switch-gmbh.de\/wp-content\/uploads\/2025\/07\/FLEXblue-Flyer-1024x724.jpg 1024w, https:\/\/switch-gmbh.de\/wp-content\/uploads\/2025\/07\/FLEXblue-Flyer-300x212.jpg 300w, https:\/\/switch-gmbh.de\/wp-content\/uploads\/2025\/07\/FLEXblue-Flyer-768x543.jpg 768w, https:\/\/switch-gmbh.de\/wp-content\/uploads\/2025\/07\/FLEXblue-Flyer-600x424.jpg 600w, https:\/\/switch-gmbh.de\/wp-content\/uploads\/2025\/07\/FLEXblue-Flyer.jpg 1399w\" sizes=\"(max-width: 800px) 100vw, 800px\">\t\t\t\t\t\t\t\t<\/a><br \/>\n\t\t\t\t\t\t\t\t\t\t\t\t\t\t\t\t<a href=\"https:\/\/switch-gmbh.de\/wp-content\/uploads\/2025\/07\/FLEXblue-Systembeschreibung.pdf\" target=\"_blank\"><br \/>\n\t\t\t\t\t\t\t<img decoding=\"async\" width=\"800\" height=\"793\" src=\"https:\/\/switch-gmbh.de\/wp-content\/uploads\/2024\/05\/FLEXblue-Systembeispiele-1.webp\" alt=\"\" srcset=\"https:\/\/switch-gmbh.de\/wp-content\/uploads\/2024\/05\/FLEXblue-Systembeispiele-1.webp 880w, https:\/\/switch-gmbh.de\/wp-content\/uploads\/2024\/05\/FLEXblue-Systembeispiele-1-300x297.webp 300w, https:\/\/switch-gmbh.de\/wp-content\/uploads\/2024\/05\/FLEXblue-Systembeispiele-1-150x150.webp 150w, https:\/\/switch-gmbh.de\/wp-content\/uploads\/2024\/05\/FLEXblue-Systembeispiele-1-768x761.webp 768w, https:\/\/switch-gmbh.de\/wp-content\/uploads\/2024\/05\/FLEXblue-Systembeispiele-1-600x595.webp 600w, https:\/\/switch-gmbh.de\/wp-content\/uploads\/2024\/05\/FLEXblue-Systembeispiele-1-100x100.webp 100w\" sizes=\"(max-width: 800px) 100vw, 800px\">\t\t\t\t\t\t\t\t<\/a><\/p>\n<h3 data-start=\"1739\" data-end=\"1798\"><strong data-start=\"1744\" data-end=\"1798\">Customized solutions for your application<\/strong><\/h3>\n<p data-start=\"1800\" data-end=\"1927\">We support you in <strong data-start=\"154\" data-end=\"172\">product selection<\/strong> and offer you <strong data-start=\"190\" data-end=\"218\">individual adaptations<\/strong> of our <strong data-start=\"227\" data-end=\"256\">FLEXblue continuous-row systems<\/strong>. Simply contact our sales department to find the right solution for you.<\/p>\n<h3 data-start=\"1929\" data-end=\"1960\"><strong data-start=\"1934\" data-end=\"1960\">Standards and certificates<\/strong><\/h3>\n<p data-start=\"1962\" data-end=\"2266\"><strong>FLEXblue continuous-row lighting systems<\/strong> meet the requirements of <strong data-start=\"2071\" data-end=\"2077\">CE<\/strong>, <strong data-start=\"2079\" data-end=\"2087\">RoHS<\/strong> and <strong data-start=\"2092\" data-end=\"2101\">REACH<\/strong> certification. They also comply with the requirements of the <strong data-start=\"2159\" data-end=\"2187\">Workplace Ordinance<\/strong>, specified in the Technical Rules for Workplaces (ASR A3.4 point 8). <\/p>\n<h3 data-start=\"58\" data-end=\"106\"><strong data-start=\"62\" data-end=\"106\">Robust for every application<\/strong><\/h3>\n<p data-start=\"108\" data-end=\"369\">Our <strong data-start=\"115\" data-end=\"139\">LED continuous-row lighting systems<\/strong> all comply with <strong data-start=\"165\" data-end=\"183\">protection class IP65<\/strong> and are therefore <strong data-start=\"199\" data-end=\"229\">protected against splash water<\/strong>. Moisture, which often occurs around construction sites, therefore poses no problem for the performance and safety of our systems. The continuous-row section can optionally be hardened to <strong data-start=\"1042\" data-end=\"1050\">IP68<\/strong>.  <\/p>\n<h3 data-start=\"59\" data-end=\"114\"><strong data-start=\"63\" data-end=\"114\">Optimum color rendering<\/strong><\/h3>\n<p data-start=\"116\" data-end=\"445\">The <strong data-start=\"131\" data-end=\"165\">color temperature of 5000 Kelvin<\/strong> used corresponds to natural daylight. In combination with a <g id=\"gid_1\">high color rendering index<\/g>, colors are <g id=\"gid_2\">reproduced faithfully<\/g>. This helps to avoid errors, such as the confusion of cable cores of electrical lines due to inaccurate color rendering.  <\/p>\n<p>Technical details on the LED continuous-row lighting system can be found in the data sheet<\/p>\n<p>\t\t\t\t\t<a href=\"https:\/\/switch-gmbh.de\/wp-content\/uploads\/2025\/07\/FLEXblue-Systembeschreibung.pdf\" target=\"_blank\"><br \/>\n  Data sheet (pdf)<br \/>\n\t\t\t\t\t<\/a><\/p>\n<h2>Order by e-mail or ask for advice<\/h2>\n<p>\t\t\t\t\t<a href=\"mailto:order@switch-gmbh.de\" target=\"_blank\"><br \/>\n  by e-mail<br \/>\n\t\t\t\t\t<\/a><\/p>\n<p style=\"text-align: center;\">You can order directly by e-mail: <a href=\"mailto:order@switch-gmbh.de\">order@switch-gmbh.de<\/a><\/p>\n<p style=\"text-align: center;\">If you have any further questions, just give us a call: <a href=\"tel:+4951161659600\"><strong>0511 616 59 60-0<\/strong><\/a> <br \/>or send an e-mail to: <a href=\"mailto:info@switch-gmbh.de\">info@switch-gmbh.de.<\/a><\/p>\n<p style=\"text-align: center;\">We will be happy to advise you.<\/p>\n","protected":false},"excerpt":{"rendered":"<p>The FLEXblue continuous-row lighting system The right solution for mobile use Discover the robust FLEXblue LED continuous-row lighting system. It was developed as a plug-and-play system and is the ideal lighting solution for construction sites, events or other mobile applications. The continuous-row system is quick and easy to install and can be put into operation [&hellip;]<\/p>\n","protected":false},"author":1,"featured_media":0,"parent":0,"menu_order":0,"comment_status":"closed","ping_status":"closed","template":"","meta":{"footnotes":""},"class_list":["post-2420","page","type-page","status-publish","hentry"],"yoast_head":"<!-- This site is optimized with the Yoast SEO Premium plugin v26.6 (Yoast SEO v27.3) - https:\/\/yoast.com\/product\/yoast-seo-premium-wordpress\/ -->\n<title>Robust LED continuous-row lighting system for mobile use - Switch GmbH | Electrical solutions for elevators and conveyor systems | Isernhagen<\/title>\n<meta name=\"description\" content=\"FLEXblue - Mobile and flexible LED continuous-row lighting system from Switch GmbH for construction sites &amp; pathways. Plug &amp; Play, IP65, CE-certified.\" \/>\n<meta name=\"robots\" content=\"index, follow, max-snippet:-1, max-image-preview:large, max-video-preview:-1\" \/>\n<link rel=\"canonical\" href=\"https:\/\/switch-gmbh.de\/en\/flexblue-2\/\" \/>\n<meta property=\"og:locale\" content=\"en_US\" \/>\n<meta property=\"og:type\" content=\"article\" \/>\n<meta property=\"og:title\" content=\"FLEXblue\" \/>\n<meta property=\"og:description\" content=\"FLEXblue - Mobile and flexible LED continuous-row lighting system from Switch GmbH for construction sites &amp; pathways. Plug &amp; Play, IP65, CE-certified.\" \/>\n<meta property=\"og:url\" content=\"https:\/\/switch-gmbh.de\/en\/flexblue-2\/\" \/>\n<meta property=\"og:site_name\" content=\"Switch GmbH | Electrical solutions for elevators and conveyor systems | Isernhagen\" \/>\n<meta property=\"article:publisher\" content=\"https:\/\/www.facebook.com\/switchgmbh\" \/>\n<meta property=\"article:modified_time\" content=\"2025-11-25T21:44:15+00:00\" \/>\n<meta property=\"og:image\" content=\"https:\/\/switch-gmbh.de\/wp-content\/uploads\/2023\/12\/FLEXblue2-1024x174.png\" \/>\n<meta name=\"twitter:card\" content=\"summary_large_image\" \/>\n<meta name=\"twitter:label1\" content=\"Est. reading time\" \/>\n\t<meta name=\"twitter:data1\" content=\"2 minutes\" \/>\n<script type=\"application\/ld+json\" class=\"yoast-schema-graph\">{\"@context\":\"https:\\\/\\\/schema.org\",\"@graph\":[{\"@type\":\"WebPage\",\"@id\":\"https:\\\/\\\/switch-gmbh.de\\\/en\\\/flexblue-2\\\/\",\"url\":\"https:\\\/\\\/switch-gmbh.de\\\/en\\\/flexblue-2\\\/\",\"name\":\"Robust LED continuous-row lighting system for mobile use - Switch GmbH | Electrical solutions for elevators and conveyor systems | Isernhagen\",\"isPartOf\":{\"@id\":\"https:\\\/\\\/switch-gmbh.de\\\/en\\\/#website\"},\"primaryImageOfPage\":{\"@id\":\"https:\\\/\\\/switch-gmbh.de\\\/en\\\/flexblue-2\\\/#primaryimage\"},\"image\":{\"@id\":\"https:\\\/\\\/switch-gmbh.de\\\/en\\\/flexblue-2\\\/#primaryimage\"},\"thumbnailUrl\":\"https:\\\/\\\/switch-gmbh.de\\\/wp-content\\\/uploads\\\/2023\\\/12\\\/FLEXblue2-1024x174.png\",\"datePublished\":\"2023-10-29T14:55:30+00:00\",\"dateModified\":\"2025-11-25T21:44:15+00:00\",\"description\":\"FLEXblue - Mobile and flexible LED continuous-row lighting system from Switch GmbH for construction sites & pathways. Plug & Play, IP65, CE-certified.\",\"breadcrumb\":{\"@id\":\"https:\\\/\\\/switch-gmbh.de\\\/en\\\/flexblue-2\\\/#breadcrumb\"},\"inLanguage\":\"en-US\",\"potentialAction\":[{\"@type\":\"ReadAction\",\"target\":[\"https:\\\/\\\/switch-gmbh.de\\\/en\\\/flexblue-2\\\/\"]}]},{\"@type\":\"ImageObject\",\"inLanguage\":\"en-US\",\"@id\":\"https:\\\/\\\/switch-gmbh.de\\\/en\\\/flexblue-2\\\/#primaryimage\",\"url\":\"https:\\\/\\\/switch-gmbh.de\\\/wp-content\\\/uploads\\\/2023\\\/12\\\/FLEXblue2-1024x174.png\",\"contentUrl\":\"https:\\\/\\\/switch-gmbh.de\\\/wp-content\\\/uploads\\\/2023\\\/12\\\/FLEXblue2-1024x174.png\"},{\"@type\":\"BreadcrumbList\",\"@id\":\"https:\\\/\\\/switch-gmbh.de\\\/en\\\/flexblue-2\\\/#breadcrumb\",\"itemListElement\":[{\"@type\":\"ListItem\",\"position\":1,\"name\":\"Home page\",\"item\":\"https:\\\/\\\/switch-gmbh.de\\\/en\\\/\"},{\"@type\":\"ListItem\",\"position\":2,\"name\":\"FLEXblue\"}]},{\"@type\":\"WebSite\",\"@id\":\"https:\\\/\\\/switch-gmbh.de\\\/en\\\/#website\",\"url\":\"https:\\\/\\\/switch-gmbh.de\\\/en\\\/\",\"name\":\"Switch GmbH\",\"description\":\"Elektrische L\u00f6sungen f\u00fcr Aufz\u00fcge und F\u00f6rderanlagen | Isernhagen\",\"publisher\":{\"@id\":\"https:\\\/\\\/switch-gmbh.de\\\/en\\\/#organization\"},\"potentialAction\":[{\"@type\":\"SearchAction\",\"target\":{\"@type\":\"EntryPoint\",\"urlTemplate\":\"https:\\\/\\\/switch-gmbh.de\\\/en\\\/?s={search_term_string}\"},\"query-input\":{\"@type\":\"PropertyValueSpecification\",\"valueRequired\":true,\"valueName\":\"search_term_string\"}}],\"inLanguage\":\"en-US\"},{\"@type\":\"Organization\",\"@id\":\"https:\\\/\\\/switch-gmbh.de\\\/en\\\/#organization\",\"name\":\"Switch GmbH\",\"url\":\"https:\\\/\\\/switch-gmbh.de\\\/en\\\/\",\"logo\":{\"@type\":\"ImageObject\",\"inLanguage\":\"en-US\",\"@id\":\"https:\\\/\\\/switch-gmbh.de\\\/en\\\/#\\\/schema\\\/logo\\\/image\\\/\",\"url\":\"https:\\\/\\\/switch-gmbh.de\\\/wp-content\\\/uploads\\\/2023\\\/10\\\/cropped-Switch_Logo2_DreieckRGS_RGB.webp\",\"contentUrl\":\"https:\\\/\\\/switch-gmbh.de\\\/wp-content\\\/uploads\\\/2023\\\/10\\\/cropped-Switch_Logo2_DreieckRGS_RGB.webp\",\"width\":1232,\"height\":468,\"caption\":\"Switch GmbH\"},\"image\":{\"@id\":\"https:\\\/\\\/switch-gmbh.de\\\/en\\\/#\\\/schema\\\/logo\\\/image\\\/\"},\"sameAs\":[\"https:\\\/\\\/www.facebook.com\\\/switchgmbh\",\"https:\\\/\\\/www.linkedin.com\\\/company\\\/switchgmbh\"]}]}<\/script>\n<!-- \/ Yoast SEO Premium plugin. -->","yoast_head_json":{"title":"Robust LED continuous-row lighting system for mobile use - Switch GmbH | Electrical solutions for elevators and conveyor systems | Isernhagen","description":"FLEXblue - Mobile and flexible LED continuous-row lighting system from Switch GmbH for construction sites & pathways. Plug & Play, IP65, CE-certified.","robots":{"index":"index","follow":"follow","max-snippet":"max-snippet:-1","max-image-preview":"max-image-preview:large","max-video-preview":"max-video-preview:-1"},"canonical":"https:\/\/switch-gmbh.de\/en\/flexblue-2\/","og_locale":"en_US","og_type":"article","og_title":"FLEXblue","og_description":"FLEXblue - Mobile and flexible LED continuous-row lighting system from Switch GmbH for construction sites & pathways. Plug & Play, IP65, CE-certified.","og_url":"https:\/\/switch-gmbh.de\/en\/flexblue-2\/","og_site_name":"Switch GmbH | Electrical solutions for elevators and conveyor systems | Isernhagen","article_publisher":"https:\/\/www.facebook.com\/switchgmbh","article_modified_time":"2025-11-25T21:44:15+00:00","og_image":[{"url":"https:\/\/switch-gmbh.de\/wp-content\/uploads\/2023\/12\/FLEXblue2-1024x174.png","type":"","width":"","height":""}],"twitter_card":"summary_large_image","twitter_misc":{"Est. reading time":"2 minutes"},"schema":{"@context":"https:\/\/schema.org","@graph":[{"@type":"WebPage","@id":"https:\/\/switch-gmbh.de\/en\/flexblue-2\/","url":"https:\/\/switch-gmbh.de\/en\/flexblue-2\/","name":"Robust LED continuous-row lighting system for mobile use - Switch GmbH | Electrical solutions for elevators and conveyor systems | Isernhagen","isPartOf":{"@id":"https:\/\/switch-gmbh.de\/en\/#website"},"primaryImageOfPage":{"@id":"https:\/\/switch-gmbh.de\/en\/flexblue-2\/#primaryimage"},"image":{"@id":"https:\/\/switch-gmbh.de\/en\/flexblue-2\/#primaryimage"},"thumbnailUrl":"https:\/\/switch-gmbh.de\/wp-content\/uploads\/2023\/12\/FLEXblue2-1024x174.png","datePublished":"2023-10-29T14:55:30+00:00","dateModified":"2025-11-25T21:44:15+00:00","description":"FLEXblue - Mobile and flexible LED continuous-row lighting system from Switch GmbH for construction sites & pathways. Plug & Play, IP65, CE-certified.","breadcrumb":{"@id":"https:\/\/switch-gmbh.de\/en\/flexblue-2\/#breadcrumb"},"inLanguage":"en-US","potentialAction":[{"@type":"ReadAction","target":["https:\/\/switch-gmbh.de\/en\/flexblue-2\/"]}]},{"@type":"ImageObject","inLanguage":"en-US","@id":"https:\/\/switch-gmbh.de\/en\/flexblue-2\/#primaryimage","url":"https:\/\/switch-gmbh.de\/wp-content\/uploads\/2023\/12\/FLEXblue2-1024x174.png","contentUrl":"https:\/\/switch-gmbh.de\/wp-content\/uploads\/2023\/12\/FLEXblue2-1024x174.png"},{"@type":"BreadcrumbList","@id":"https:\/\/switch-gmbh.de\/en\/flexblue-2\/#breadcrumb","itemListElement":[{"@type":"ListItem","position":1,"name":"Home page","item":"https:\/\/switch-gmbh.de\/en\/"},{"@type":"ListItem","position":2,"name":"FLEXblue"}]},{"@type":"WebSite","@id":"https:\/\/switch-gmbh.de\/en\/#website","url":"https:\/\/switch-gmbh.de\/en\/","name":"Switch GmbH","description":"Elektrische L\u00f6sungen f\u00fcr Aufz\u00fcge und F\u00f6rderanlagen | Isernhagen","publisher":{"@id":"https:\/\/switch-gmbh.de\/en\/#organization"},"potentialAction":[{"@type":"SearchAction","target":{"@type":"EntryPoint","urlTemplate":"https:\/\/switch-gmbh.de\/en\/?s={search_term_string}"},"query-input":{"@type":"PropertyValueSpecification","valueRequired":true,"valueName":"search_term_string"}}],"inLanguage":"en-US"},{"@type":"Organization","@id":"https:\/\/switch-gmbh.de\/en\/#organization","name":"Switch GmbH","url":"https:\/\/switch-gmbh.de\/en\/","logo":{"@type":"ImageObject","inLanguage":"en-US","@id":"https:\/\/switch-gmbh.de\/en\/#\/schema\/logo\/image\/","url":"https:\/\/switch-gmbh.de\/wp-content\/uploads\/2023\/10\/cropped-Switch_Logo2_DreieckRGS_RGB.webp","contentUrl":"https:\/\/switch-gmbh.de\/wp-content\/uploads\/2023\/10\/cropped-Switch_Logo2_DreieckRGS_RGB.webp","width":1232,"height":468,"caption":"Switch GmbH"},"image":{"@id":"https:\/\/switch-gmbh.de\/en\/#\/schema\/logo\/image\/"},"sameAs":["https:\/\/www.facebook.com\/switchgmbh","https:\/\/www.linkedin.com\/company\/switchgmbh"]}]}},"_links":{"self":[{"href":"https:\/\/switch-gmbh.de\/en\/wp-json\/wp\/v2\/pages\/2420","targetHints":{"allow":["GET"]}}],"collection":[{"href":"https:\/\/switch-gmbh.de\/en\/wp-json\/wp\/v2\/pages"}],"about":[{"href":"https:\/\/switch-gmbh.de\/en\/wp-json\/wp\/v2\/types\/page"}],"author":[{"embeddable":true,"href":"https:\/\/switch-gmbh.de\/en\/wp-json\/wp\/v2\/users\/1"}],"replies":[{"embeddable":true,"href":"https:\/\/switch-gmbh.de\/en\/wp-json\/wp\/v2\/comments?post=2420"}],"version-history":[{"count":0,"href":"https:\/\/switch-gmbh.de\/en\/wp-json\/wp\/v2\/pages\/2420\/revisions"}],"wp:attachment":[{"href":"https:\/\/switch-gmbh.de\/en\/wp-json\/wp\/v2\/media?parent=2420"}],"curies":[{"name":"wp","href":"https:\/\/api.w.org\/{rel}","templated":true}]}}