{"id":2412,"date":"2023-10-31T11:49:57","date_gmt":"2023-10-31T10:49:57","guid":{"rendered":"https:\/\/regiopress.switch-gmbh.de\/production-employee\/"},"modified":"2025-04-08T21:37:32","modified_gmt":"2025-04-08T19:37:32","slug":"production-employee","status":"publish","type":"page","link":"https:\/\/switch-gmbh.de\/en\/production-employee\/","title":{"rendered":"Production employee"},"content":{"rendered":"\t\t<div data-elementor-type=\"wp-page\" data-elementor-id=\"2412\" class=\"elementor elementor-2412 elementor-975\" data-elementor-post-type=\"page\">\n\t\t\t\t<div class=\"elementor-element elementor-element-6a34b45f e-flex e-con-boxed e-con e-parent\" data-id=\"6a34b45f\" data-element_type=\"container\" data-e-type=\"container\" data-settings=\"{&quot;background_background&quot;:&quot;classic&quot;}\">\n\t\t\t\t\t<div class=\"e-con-inner\">\n\t\t\t\t<div class=\"elementor-element elementor-element-11e6cf69 elementor-widget elementor-widget-heading\" data-id=\"11e6cf69\" data-element_type=\"widget\" data-e-type=\"widget\" data-widget_type=\"heading.default\">\n\t\t\t\t<div class=\"elementor-widget-container\">\n\t\t\t\t\t<h1 class=\"elementor-heading-title elementor-size-default\">Production employee (m\/f\/d)<\/h1>\t\t\t\t<\/div>\n\t\t\t\t<\/div>\n\t\t\t\t\t<\/div>\n\t\t\t\t<\/div>\n\t\t<div class=\"elementor-element elementor-element-7d9f7ee7 e-flex e-con-boxed e-con e-parent\" data-id=\"7d9f7ee7\" data-element_type=\"container\" data-e-type=\"container\">\n\t\t\t\t\t<div class=\"e-con-inner\">\n\t\t<div class=\"elementor-element elementor-element-3e7c839 e-con-full e-flex e-con e-child\" data-id=\"3e7c839\" data-element_type=\"container\" data-e-type=\"container\">\n\t\t\t\t<div class=\"elementor-element elementor-element-1d0490d elementor-widget elementor-widget-text-editor\" data-id=\"1d0490d\" data-element_type=\"widget\" data-e-type=\"widget\" data-widget_type=\"text-editor.default\">\n\t\t\t\t<div class=\"elementor-widget-container\">\n\t\t\t\t\t\t\t\t\t<p>We are looking for reliable employees for our production\/manufacturing department. We want to be able to rely on you, you can rely on us. We offer a secure job for which no special previous knowledge is required.    <\/p>\t\t\t\t\t\t\t\t<\/div>\n\t\t\t\t<\/div>\n\t\t\t\t<\/div>\n\t\t<div class=\"elementor-element elementor-element-26b63fd7 e-con-full e-flex e-con e-child\" data-id=\"26b63fd7\" data-element_type=\"container\" data-e-type=\"container\">\n\t\t\t\t<div class=\"elementor-element elementor-element-18646a6 elementor-widget elementor-widget-text-editor\" data-id=\"18646a6\" data-element_type=\"widget\" data-e-type=\"widget\" data-widget_type=\"text-editor.default\">\n\t\t\t\t<div class=\"elementor-widget-container\">\n\t\t\t\t\t\t\t\t\t<p>However, it&#8217;s not boring &#8211; we have many different products. With us, you will work in an almost family-like environment and can develop further if you want to. <\/p>\t\t\t\t\t\t\t\t<\/div>\n\t\t\t\t<\/div>\n\t\t\t\t<\/div>\n\t\t\t\t\t<\/div>\n\t\t\t\t<\/div>\n\t\t<div class=\"elementor-element elementor-element-26ac5fef e-flex e-con-boxed e-con e-parent\" data-id=\"26ac5fef\" data-element_type=\"container\" data-e-type=\"container\" data-settings=\"{&quot;background_background&quot;:&quot;classic&quot;}\">\n\t\t\t\t\t<div class=\"e-con-inner\">\n\t\t<div class=\"elementor-element elementor-element-173d296c e-con-full e-flex e-con e-child\" data-id=\"173d296c\" data-element_type=\"container\" data-e-type=\"container\">\n\t\t\t\t<div class=\"elementor-element elementor-element-479047e elementor-widget elementor-widget-heading\" data-id=\"479047e\" data-element_type=\"widget\" data-e-type=\"widget\" data-widget_type=\"heading.default\">\n\t\t\t\t<div class=\"elementor-widget-container\">\n\t\t\t\t\t<h4 class=\"elementor-heading-title elementor-size-default\">Your tasks<\/h4>\t\t\t\t<\/div>\n\t\t\t\t<\/div>\n\t\t\t\t<div class=\"elementor-element elementor-element-eb5cb4a elementor-widget elementor-widget-text-editor\" data-id=\"eb5cb4a\" data-element_type=\"widget\" data-e-type=\"widget\" data-widget_type=\"text-editor.default\">\n\t\t\t\t<div class=\"elementor-widget-container\">\n\t\t\t\t\t\t\t\t\t<ul><li>Production\/manufacturing of assemblies and small parts<\/li><li>Material preparation<\/li><li>Receiving and packing of goods<\/li><\/ul>\t\t\t\t\t\t\t\t<\/div>\n\t\t\t\t<\/div>\n\t\t\t\t<\/div>\n\t\t<div class=\"elementor-element elementor-element-0920c57 e-con-full e-flex e-con e-child\" data-id=\"0920c57\" data-element_type=\"container\" data-e-type=\"container\">\n\t\t\t\t<div class=\"elementor-element elementor-element-af1a465 elementor-widget elementor-widget-heading\" data-id=\"af1a465\" data-element_type=\"widget\" data-e-type=\"widget\" data-widget_type=\"heading.default\">\n\t\t\t\t<div class=\"elementor-widget-container\">\n\t\t\t\t\t<h4 class=\"elementor-heading-title elementor-size-default\">Qualification<\/h4>\t\t\t\t<\/div>\n\t\t\t\t<\/div>\n\t\t\t\t<div class=\"elementor-element elementor-element-1227c4e elementor-widget elementor-widget-text-editor\" data-id=\"1227c4e\" data-element_type=\"widget\" data-e-type=\"widget\" data-widget_type=\"text-editor.default\">\n\t\t\t\t<div class=\"elementor-widget-container\">\n\t\t\t\t\t\t\t\t\t<ul><li>Reliability and team spirit<\/li><li>Craftsmanship<\/li><li>German language skills<\/li><\/ul>\t\t\t\t\t\t\t\t<\/div>\n\t\t\t\t<\/div>\n\t\t\t\t<\/div>\n\t\t<div class=\"elementor-element elementor-element-23064ec0 e-con-full e-flex e-con e-child\" data-id=\"23064ec0\" data-element_type=\"container\" data-e-type=\"container\">\n\t\t\t\t<div class=\"elementor-element elementor-element-7fe43b0 elementor-widget elementor-widget-heading\" data-id=\"7fe43b0\" data-element_type=\"widget\" data-e-type=\"widget\" data-widget_type=\"heading.default\">\n\t\t\t\t<div class=\"elementor-widget-container\">\n\t\t\t\t\t<h4 class=\"elementor-heading-title elementor-size-default\">We offer you<\/h4>\t\t\t\t<\/div>\n\t\t\t\t<\/div>\n\t\t\t\t<div class=\"elementor-element elementor-element-7b63f4a elementor-widget elementor-widget-text-editor\" data-id=\"7b63f4a\" data-element_type=\"widget\" data-e-type=\"widget\" data-widget_type=\"text-editor.default\">\n\t\t\t\t<div class=\"elementor-widget-container\">\n\t\t\t\t\t\t\t\t\t<ul><li>Good training and contact person for questions<\/li><li>Flexible working hours even with a reduced number of hours<\/li><li>Good working atmosphere<\/li><li>A secure job<\/li><li>Many other benefits such as company pension scheme, job bike, employee referral bonuses, corporate benefits discounts<\/li><li>Payment above minimum wage with bonus payments<\/li><\/ul>\t\t\t\t\t\t\t\t<\/div>\n\t\t\t\t<\/div>\n\t\t\t\t<\/div>\n\t\t\t\t\t<\/div>\n\t\t\t\t<\/div>\n\t\t<div class=\"elementor-element elementor-element-a68b90e e-flex e-con-boxed e-con e-parent\" data-id=\"a68b90e\" data-element_type=\"container\" data-e-type=\"container\">\n\t\t\t\t\t<div class=\"e-con-inner\">\n\t\t<div class=\"elementor-element elementor-element-1f4bd625 e-con-full e-flex e-con e-child\" data-id=\"1f4bd625\" data-element_type=\"container\" data-e-type=\"container\">\n\t\t\t\t<div class=\"elementor-element elementor-element-001b3a4 elementor-widget elementor-widget-heading\" data-id=\"001b3a4\" data-element_type=\"widget\" data-e-type=\"widget\" data-widget_type=\"heading.default\">\n\t\t\t\t<div class=\"elementor-widget-container\">\n\t\t\t\t\t<h2 class=\"elementor-heading-title elementor-size-default\">Interested?<\/h2>\t\t\t\t<\/div>\n\t\t\t\t<\/div>\n\t\t\t\t<\/div>\n\t\t<div class=\"elementor-element elementor-element-40513ceb e-con-full e-flex e-con e-child\" data-id=\"40513ceb\" data-element_type=\"container\" data-e-type=\"container\">\n\t\t\t\t<div class=\"elementor-element elementor-element-ff1fcd8 elementor-widget elementor-widget-text-editor\" data-id=\"ff1fcd8\" data-element_type=\"widget\" data-e-type=\"widget\" data-widget_type=\"text-editor.default\">\n\t\t\t\t<div class=\"elementor-widget-container\">\n\t\t\t\t\t\t\t\t\t<p>Then we look forward to receiving your detailed application, stating your earliest possible starting date and salary expectations.<\/p><p>Please send them to our e-mail: <a href=\"mailto:karriere@switch-gmbh.de\">karriere@switch-gmbh.de<\/a> or call us: <a href=\"tel:+4951161659601\"><strong>0511-616 59 601<\/strong><\/a><\/p>\t\t\t\t\t\t\t\t<\/div>\n\t\t\t\t<\/div>\n\t\t\t\t<\/div>\n\t\t\t\t\t<\/div>\n\t\t\t\t<\/div>\n\t\t\t\t<\/div>\n\t\t","protected":false},"excerpt":{"rendered":"<p>Production employee (m\/f\/d) We are looking for reliable employees for our production\/manufacturing department. We want to be able to rely on you, you can rely on us. We offer a secure job for which no special previous knowledge is required. However, it&#8217;s not boring &#8211; we have many different products. With us, you will work [&hellip;]<\/p>\n","protected":false},"author":1,"featured_media":0,"parent":0,"menu_order":0,"comment_status":"closed","ping_status":"closed","template":"","meta":{"footnotes":""},"class_list":["post-2412","page","type-page","status-publish","hentry"],"yoast_head":"<!-- This site is optimized with the Yoast SEO Premium plugin v26.6 (Yoast SEO v27.3) - https:\/\/yoast.com\/product\/yoast-seo-premium-wordpress\/ -->\n<title>Production employee - Switch GmbH | Electrical solutions for elevators and conveyor systems | Isernhagen<\/title>\n<meta name=\"robots\" content=\"index, follow, max-snippet:-1, max-image-preview:large, max-video-preview:-1\" \/>\n<link rel=\"canonical\" href=\"https:\/\/switch-gmbh.de\/en\/production-employee\/\" \/>\n<meta property=\"og:locale\" content=\"en_US\" \/>\n<meta property=\"og:type\" content=\"article\" \/>\n<meta property=\"og:title\" content=\"Production employee\" \/>\n<meta property=\"og:description\" content=\"Production employee (m\/f\/d) We are looking for reliable employees for our production\/manufacturing department. We want to be able to rely on you, you can rely on us. We offer a secure job for which no special previous knowledge is required. However, it&#8217;s not boring &#8211; we have many different products. With us, you will work [&hellip;]\" \/>\n<meta property=\"og:url\" content=\"https:\/\/switch-gmbh.de\/en\/production-employee\/\" \/>\n<meta property=\"og:site_name\" content=\"Switch GmbH | Electrical solutions for elevators and conveyor systems | Isernhagen\" \/>\n<meta property=\"article:publisher\" content=\"https:\/\/www.facebook.com\/switchgmbh\" \/>\n<meta property=\"article:modified_time\" content=\"2025-04-08T19:37:32+00:00\" \/>\n<meta name=\"twitter:card\" content=\"summary_large_image\" \/>\n<meta name=\"twitter:label1\" content=\"Est. reading time\" \/>\n\t<meta name=\"twitter:data1\" content=\"1 minute\" \/>\n<script type=\"application\/ld+json\" class=\"yoast-schema-graph\">{\"@context\":\"https:\\\/\\\/schema.org\",\"@graph\":[{\"@type\":\"WebPage\",\"@id\":\"https:\\\/\\\/switch-gmbh.de\\\/en\\\/production-employee\\\/\",\"url\":\"https:\\\/\\\/switch-gmbh.de\\\/en\\\/production-employee\\\/\",\"name\":\"Production employee - Switch GmbH | Electrical solutions for elevators and conveyor systems | Isernhagen\",\"isPartOf\":{\"@id\":\"https:\\\/\\\/switch-gmbh.de\\\/en\\\/#website\"},\"datePublished\":\"2023-10-31T10:49:57+00:00\",\"dateModified\":\"2025-04-08T19:37:32+00:00\",\"breadcrumb\":{\"@id\":\"https:\\\/\\\/switch-gmbh.de\\\/en\\\/production-employee\\\/#breadcrumb\"},\"inLanguage\":\"en-US\",\"potentialAction\":[{\"@type\":\"ReadAction\",\"target\":[\"https:\\\/\\\/switch-gmbh.de\\\/en\\\/production-employee\\\/\"]}]},{\"@type\":\"BreadcrumbList\",\"@id\":\"https:\\\/\\\/switch-gmbh.de\\\/en\\\/production-employee\\\/#breadcrumb\",\"itemListElement\":[{\"@type\":\"ListItem\",\"position\":1,\"name\":\"Home page\",\"item\":\"https:\\\/\\\/switch-gmbh.de\\\/en\\\/\"},{\"@type\":\"ListItem\",\"position\":2,\"name\":\"Production employee\"}]},{\"@type\":\"WebSite\",\"@id\":\"https:\\\/\\\/switch-gmbh.de\\\/en\\\/#website\",\"url\":\"https:\\\/\\\/switch-gmbh.de\\\/en\\\/\",\"name\":\"Switch GmbH\",\"description\":\"Elektrische L\u00f6sungen f\u00fcr Aufz\u00fcge und F\u00f6rderanlagen | Isernhagen\",\"publisher\":{\"@id\":\"https:\\\/\\\/switch-gmbh.de\\\/en\\\/#organization\"},\"potentialAction\":[{\"@type\":\"SearchAction\",\"target\":{\"@type\":\"EntryPoint\",\"urlTemplate\":\"https:\\\/\\\/switch-gmbh.de\\\/en\\\/?s={search_term_string}\"},\"query-input\":{\"@type\":\"PropertyValueSpecification\",\"valueRequired\":true,\"valueName\":\"search_term_string\"}}],\"inLanguage\":\"en-US\"},{\"@type\":\"Organization\",\"@id\":\"https:\\\/\\\/switch-gmbh.de\\\/en\\\/#organization\",\"name\":\"Switch GmbH\",\"url\":\"https:\\\/\\\/switch-gmbh.de\\\/en\\\/\",\"logo\":{\"@type\":\"ImageObject\",\"inLanguage\":\"en-US\",\"@id\":\"https:\\\/\\\/switch-gmbh.de\\\/en\\\/#\\\/schema\\\/logo\\\/image\\\/\",\"url\":\"https:\\\/\\\/switch-gmbh.de\\\/wp-content\\\/uploads\\\/2023\\\/10\\\/cropped-Switch_Logo2_DreieckRGS_RGB.webp\",\"contentUrl\":\"https:\\\/\\\/switch-gmbh.de\\\/wp-content\\\/uploads\\\/2023\\\/10\\\/cropped-Switch_Logo2_DreieckRGS_RGB.webp\",\"width\":1232,\"height\":468,\"caption\":\"Switch GmbH\"},\"image\":{\"@id\":\"https:\\\/\\\/switch-gmbh.de\\\/en\\\/#\\\/schema\\\/logo\\\/image\\\/\"},\"sameAs\":[\"https:\\\/\\\/www.facebook.com\\\/switchgmbh\",\"https:\\\/\\\/www.linkedin.com\\\/company\\\/switchgmbh\"]}]}<\/script>\n<!-- \/ Yoast SEO Premium plugin. -->","yoast_head_json":{"title":"Production employee - Switch GmbH | Electrical solutions for elevators and conveyor systems | Isernhagen","robots":{"index":"index","follow":"follow","max-snippet":"max-snippet:-1","max-image-preview":"max-image-preview:large","max-video-preview":"max-video-preview:-1"},"canonical":"https:\/\/switch-gmbh.de\/en\/production-employee\/","og_locale":"en_US","og_type":"article","og_title":"Production employee","og_description":"Production employee (m\/f\/d) We are looking for reliable employees for our production\/manufacturing department. We want to be able to rely on you, you can rely on us. We offer a secure job for which no special previous knowledge is required. However, it&#8217;s not boring &#8211; we have many different products. With us, you will work [&hellip;]","og_url":"https:\/\/switch-gmbh.de\/en\/production-employee\/","og_site_name":"Switch GmbH | Electrical solutions for elevators and conveyor systems | Isernhagen","article_publisher":"https:\/\/www.facebook.com\/switchgmbh","article_modified_time":"2025-04-08T19:37:32+00:00","twitter_card":"summary_large_image","twitter_misc":{"Est. reading time":"1 minute"},"schema":{"@context":"https:\/\/schema.org","@graph":[{"@type":"WebPage","@id":"https:\/\/switch-gmbh.de\/en\/production-employee\/","url":"https:\/\/switch-gmbh.de\/en\/production-employee\/","name":"Production employee - Switch GmbH | Electrical solutions for elevators and conveyor systems | Isernhagen","isPartOf":{"@id":"https:\/\/switch-gmbh.de\/en\/#website"},"datePublished":"2023-10-31T10:49:57+00:00","dateModified":"2025-04-08T19:37:32+00:00","breadcrumb":{"@id":"https:\/\/switch-gmbh.de\/en\/production-employee\/#breadcrumb"},"inLanguage":"en-US","potentialAction":[{"@type":"ReadAction","target":["https:\/\/switch-gmbh.de\/en\/production-employee\/"]}]},{"@type":"BreadcrumbList","@id":"https:\/\/switch-gmbh.de\/en\/production-employee\/#breadcrumb","itemListElement":[{"@type":"ListItem","position":1,"name":"Home page","item":"https:\/\/switch-gmbh.de\/en\/"},{"@type":"ListItem","position":2,"name":"Production employee"}]},{"@type":"WebSite","@id":"https:\/\/switch-gmbh.de\/en\/#website","url":"https:\/\/switch-gmbh.de\/en\/","name":"Switch GmbH","description":"Elektrische L\u00f6sungen f\u00fcr Aufz\u00fcge und F\u00f6rderanlagen | Isernhagen","publisher":{"@id":"https:\/\/switch-gmbh.de\/en\/#organization"},"potentialAction":[{"@type":"SearchAction","target":{"@type":"EntryPoint","urlTemplate":"https:\/\/switch-gmbh.de\/en\/?s={search_term_string}"},"query-input":{"@type":"PropertyValueSpecification","valueRequired":true,"valueName":"search_term_string"}}],"inLanguage":"en-US"},{"@type":"Organization","@id":"https:\/\/switch-gmbh.de\/en\/#organization","name":"Switch GmbH","url":"https:\/\/switch-gmbh.de\/en\/","logo":{"@type":"ImageObject","inLanguage":"en-US","@id":"https:\/\/switch-gmbh.de\/en\/#\/schema\/logo\/image\/","url":"https:\/\/switch-gmbh.de\/wp-content\/uploads\/2023\/10\/cropped-Switch_Logo2_DreieckRGS_RGB.webp","contentUrl":"https:\/\/switch-gmbh.de\/wp-content\/uploads\/2023\/10\/cropped-Switch_Logo2_DreieckRGS_RGB.webp","width":1232,"height":468,"caption":"Switch GmbH"},"image":{"@id":"https:\/\/switch-gmbh.de\/en\/#\/schema\/logo\/image\/"},"sameAs":["https:\/\/www.facebook.com\/switchgmbh","https:\/\/www.linkedin.com\/company\/switchgmbh"]}]}},"_links":{"self":[{"href":"https:\/\/switch-gmbh.de\/en\/wp-json\/wp\/v2\/pages\/2412","targetHints":{"allow":["GET"]}}],"collection":[{"href":"https:\/\/switch-gmbh.de\/en\/wp-json\/wp\/v2\/pages"}],"about":[{"href":"https:\/\/switch-gmbh.de\/en\/wp-json\/wp\/v2\/types\/page"}],"author":[{"embeddable":true,"href":"https:\/\/switch-gmbh.de\/en\/wp-json\/wp\/v2\/users\/1"}],"replies":[{"embeddable":true,"href":"https:\/\/switch-gmbh.de\/en\/wp-json\/wp\/v2\/comments?post=2412"}],"version-history":[{"count":0,"href":"https:\/\/switch-gmbh.de\/en\/wp-json\/wp\/v2\/pages\/2412\/revisions"}],"wp:attachment":[{"href":"https:\/\/switch-gmbh.de\/en\/wp-json\/wp\/v2\/media?parent=2412"}],"curies":[{"name":"wp","href":"https:\/\/api.w.org\/{rel}","templated":true}]}}