{"id":2411,"date":"2023-12-03T18:07:58","date_gmt":"2023-12-03T17:07:58","guid":{"rendered":"https:\/\/regiopress.switch-gmbh.de\/product-archive\/"},"modified":"2025-09-29T17:24:44","modified_gmt":"2025-09-29T15:24:44","slug":"product-archive","status":"publish","type":"page","link":"https:\/\/switch-gmbh.de\/en\/product-archive\/","title":{"rendered":"Product archive"},"content":{"rendered":"\t\t<div data-elementor-type=\"wp-page\" data-elementor-id=\"2411\" class=\"elementor elementor-2411 elementor-1136\" data-elementor-post-type=\"page\">\n\t\t\t\t<div class=\"elementor-element elementor-element-4189cd27 e-flex e-con-boxed e-con e-parent\" data-id=\"4189cd27\" data-element_type=\"container\" data-e-type=\"container\" data-settings=\"{&quot;background_background&quot;:&quot;classic&quot;}\">\n\t\t\t\t\t<div class=\"e-con-inner\">\n\t\t\t\t<div class=\"elementor-element elementor-element-c07f8bc elementor-widget elementor-widget-heading\" data-id=\"c07f8bc\" data-element_type=\"widget\" data-e-type=\"widget\" data-widget_type=\"heading.default\">\n\t\t\t\t<div class=\"elementor-widget-container\">\n\t\t\t\t\t<h1 class=\"elementor-heading-title elementor-size-default\">Product archive<\/h1>\t\t\t\t<\/div>\n\t\t\t\t<\/div>\n\t\t\t\t\t<\/div>\n\t\t\t\t<\/div>\n\t\t<div class=\"elementor-element elementor-element-22c1840 e-flex e-con-boxed e-con e-parent\" data-id=\"22c1840\" data-element_type=\"container\" data-e-type=\"container\">\n\t\t\t\t\t<div class=\"e-con-inner\">\n\t\t\t\t<div class=\"elementor-element elementor-element-a737bc5 elementor-widget elementor-widget-n-accordion\" data-id=\"a737bc5\" data-element_type=\"widget\" data-e-type=\"widget\" data-settings=\"{&quot;default_state&quot;:&quot;expanded&quot;,&quot;max_items_expended&quot;:&quot;one&quot;,&quot;n_accordion_animation_duration&quot;:{&quot;unit&quot;:&quot;ms&quot;,&quot;size&quot;:400,&quot;sizes&quot;:[]}}\" data-widget_type=\"nested-accordion.default\">\n\t\t\t\t<div class=\"elementor-widget-container\">\n\t\t\t\t\t\t\t<div class=\"e-n-accordion\" aria-label=\"Accordion. Open links with Enter or Space, close with Escape, and navigate with Arrow Keys\">\n\t\t\t\t\t\t<details id=\"e-n-accordion-item-1750\" class=\"e-n-accordion-item\" open>\n\t\t\t\t<summary class=\"e-n-accordion-item-title\" data-accordion-index=\"1\" tabindex=\"0\" aria-expanded=\"true\" aria-controls=\"e-n-accordion-item-1750\" >\n\t\t\t\t\t<span class='e-n-accordion-item-title-header'><div class=\"e-n-accordion-item-title-text\"> easy connect LED120bau (SW-3374) <\/div><\/span>\n\t\t\t\t\t\t\t<span class='e-n-accordion-item-title-icon'>\n\t\t\t<span class='e-opened' ><i aria-hidden=\"true\" class=\"fas fa-minus\"><\/i><\/span>\n\t\t\t<span class='e-closed'><i aria-hidden=\"true\" class=\"fas fa-plus\"><\/i><\/span>\n\t\t<\/span>\n\n\t\t\t\t\t\t<\/summary>\n\t\t\t\t<div role=\"region\" aria-labelledby=\"e-n-accordion-item-1750\" class=\"elementor-element elementor-element-1870973 e-con-full e-flex e-con e-child\" data-id=\"1870973\" data-element_type=\"container\" data-e-type=\"container\">\n\t\t<div role=\"region\" aria-labelledby=\"e-n-accordion-item-1750\" class=\"elementor-element elementor-element-17b9438 e-con-full e-flex e-con e-child\" data-id=\"17b9438\" data-element_type=\"container\" data-e-type=\"container\">\n\t\t\t\t<div class=\"elementor-element elementor-element-e263f77 elementor-widget elementor-widget-image\" data-id=\"e263f77\" data-element_type=\"widget\" data-e-type=\"widget\" data-widget_type=\"image.default\">\n\t\t\t\t<div class=\"elementor-widget-container\">\n\t\t\t\t\t\t\t\t\t\t\t\t\t\t\t<img fetchpriority=\"high\" decoding=\"async\" width=\"800\" height=\"904\" src=\"https:\/\/switch-gmbh.de\/wp-content\/uploads\/2025\/09\/Switch-Produkte-easy-connect-LED120bau-906x1024.jpg\" class=\"attachment-large size-large wp-image-4667\" alt=\"Switch - Produkte - easy connect LED120bau\" srcset=\"https:\/\/switch-gmbh.de\/wp-content\/uploads\/2025\/09\/Switch-Produkte-easy-connect-LED120bau-906x1024.jpg 906w, https:\/\/switch-gmbh.de\/wp-content\/uploads\/2025\/09\/Switch-Produkte-easy-connect-LED120bau-265x300.jpg 265w, https:\/\/switch-gmbh.de\/wp-content\/uploads\/2025\/09\/Switch-Produkte-easy-connect-LED120bau-768x868.jpg 768w, https:\/\/switch-gmbh.de\/wp-content\/uploads\/2025\/09\/Switch-Produkte-easy-connect-LED120bau-600x678.jpg 600w, https:\/\/switch-gmbh.de\/wp-content\/uploads\/2025\/09\/Switch-Produkte-easy-connect-LED120bau.jpg 1120w\" sizes=\"(max-width: 800px) 100vw, 800px\" \/>\t\t\t\t\t\t\t\t\t\t\t\t\t\t\t<\/div>\n\t\t\t\t<\/div>\n\t\t\t\t<\/div>\n\t\t<div role=\"region\" aria-labelledby=\"e-n-accordion-item-1750\" class=\"elementor-element elementor-element-52763f7 e-flex e-con-boxed e-con e-child\" data-id=\"52763f7\" data-element_type=\"container\" data-e-type=\"container\">\n\t\t\t\t\t<div class=\"e-con-inner\">\n\t\t\t\t<div class=\"elementor-element elementor-element-e8dcc52 elementor-widget elementor-widget-text-editor\" data-id=\"e8dcc52\" data-element_type=\"widget\" data-e-type=\"widget\" data-widget_type=\"text-editor.default\">\n\t\t\t\t<div class=\"elementor-widget-container\">\n\t\t\t\t\t\t\t\t\t<p>Our product &#8220;easy connect LED120bau&#8221; (product number SW-3374) has been replaced by the new product line <span style=\"color: #000000;\"><strong><a style=\"color: #000000;\" href=\"https:\/\/switch-gmbh.de\/en\/flexblue-2\/\">FLEXblue<\/a><\/strong><\/span> product line. We have taken this step to make the system more flexible and to give you more options for use. The basic version corresponds to &#8220;easy connect LED120bau&#8221;. Only the connection box is blue to match the name (previously black).   <\/p>\t\t\t\t\t\t\t\t<\/div>\n\t\t\t\t<\/div>\n\t\t\t\t\t<\/div>\n\t\t\t\t<\/div>\n\t\t\t\t<\/div>\n\t\t\t\t\t<\/details>\n\t\t\t\t\t\t<details id=\"e-n-accordion-item-1751\" class=\"e-n-accordion-item\" >\n\t\t\t\t<summary class=\"e-n-accordion-item-title\" data-accordion-index=\"2\" tabindex=\"-1\" aria-expanded=\"false\" aria-controls=\"e-n-accordion-item-1751\" >\n\t\t\t\t\t<span class='e-n-accordion-item-title-header'><div class=\"e-n-accordion-item-title-text\"> easy connect LED120safe (SW-3394) <\/div><\/span>\n\t\t\t\t\t\t\t<span class='e-n-accordion-item-title-icon'>\n\t\t\t<span class='e-opened' ><i aria-hidden=\"true\" class=\"fas fa-minus\"><\/i><\/span>\n\t\t\t<span class='e-closed'><i aria-hidden=\"true\" class=\"fas fa-plus\"><\/i><\/span>\n\t\t<\/span>\n\n\t\t\t\t\t\t<\/summary>\n\t\t\t\t<div role=\"region\" aria-labelledby=\"e-n-accordion-item-1751\" class=\"elementor-element elementor-element-2c9efb2 e-con-full e-flex e-con e-child\" data-id=\"2c9efb2\" data-element_type=\"container\" data-e-type=\"container\">\n\t\t<div role=\"region\" aria-labelledby=\"e-n-accordion-item-1751\" class=\"elementor-element elementor-element-a109e74 e-flex e-con-boxed e-con e-child\" data-id=\"a109e74\" data-element_type=\"container\" data-e-type=\"container\">\n\t\t\t\t\t<div class=\"e-con-inner\">\n\t\t\t\t<div class=\"elementor-element elementor-element-16bccc1 elementor-widget elementor-widget-text-editor\" data-id=\"16bccc1\" data-element_type=\"widget\" data-e-type=\"widget\" data-widget_type=\"text-editor.default\">\n\t\t\t\t<div class=\"elementor-widget-container\">\n\t\t\t\t\t\t\t\t\t<p>Our product &#8220;easy connect LED120safe&#8221; (product number SW-3394) has been replaced by the new product line <strong><a href=\"https:\/\/switch-gmbh.de\/en\/flexblue\/\">FLEXblue+<\/a><\/strong> product line. We have taken this step to make the system more flexible and to give you more options for its use. The basic version corresponds to &#8220;easy connect LED120safe&#8221;. Only the connection box is blue to match the name (previously black).   <\/p>\t\t\t\t\t\t\t\t<\/div>\n\t\t\t\t<\/div>\n\t\t\t\t\t<\/div>\n\t\t\t\t<\/div>\n\t\t\t\t<\/div>\n\t\t\t\t\t<\/details>\n\t\t\t\t\t<\/div>\n\t\t\t\t\t\t<\/div>\n\t\t\t\t<\/div>\n\t\t\t\t\t<\/div>\n\t\t\t\t<\/div>\n\t\t\t\t<\/div>\n\t\t","protected":false},"excerpt":{"rendered":"<p>Product archive easy connect LED120bau (SW-3374) Our product &#8220;easy connect LED120bau&#8221; (product number SW-3374) has been replaced by the new product line FLEXblue product line. We have taken this step to make the system more flexible and to give you more options for use. The basic version corresponds to &#8220;easy connect LED120bau&#8221;. Only the connection [&hellip;]<\/p>\n","protected":false},"author":1,"featured_media":0,"parent":0,"menu_order":0,"comment_status":"closed","ping_status":"closed","template":"","meta":{"footnotes":""},"class_list":["post-2411","page","type-page","status-publish","hentry"],"yoast_head":"<!-- This site is optimized with the Yoast SEO Premium plugin v26.6 (Yoast SEO v27.6) - https:\/\/yoast.com\/product\/yoast-seo-premium-wordpress\/ -->\n<title>Product archive - Switch GmbH | Electrical solutions for elevators and conveyor systems | Isernhagen<\/title>\n<meta name=\"robots\" content=\"index, follow, max-snippet:-1, max-image-preview:large, max-video-preview:-1\" \/>\n<link rel=\"canonical\" href=\"https:\/\/switch-gmbh.de\/en\/product-archive\/\" \/>\n<meta property=\"og:locale\" content=\"en_US\" \/>\n<meta property=\"og:type\" content=\"article\" \/>\n<meta property=\"og:title\" content=\"Product archive\" \/>\n<meta property=\"og:description\" content=\"Product archive easy connect LED120bau (SW-3374) Our product &#8220;easy connect LED120bau&#8221; (product number SW-3374) has been replaced by the new product line FLEXblue product line. We have taken this step to make the system more flexible and to give you more options for use. The basic version corresponds to &#8220;easy connect LED120bau&#8221;. Only the connection [&hellip;]\" \/>\n<meta property=\"og:url\" content=\"https:\/\/switch-gmbh.de\/en\/product-archive\/\" \/>\n<meta property=\"og:site_name\" content=\"Switch GmbH | Electrical solutions for elevators and conveyor systems | Isernhagen\" \/>\n<meta property=\"article:publisher\" content=\"https:\/\/www.facebook.com\/switchgmbh\" \/>\n<meta property=\"article:modified_time\" content=\"2025-09-29T15:24:44+00:00\" \/>\n<meta property=\"og:image\" content=\"https:\/\/switch-gmbh.de\/wp-content\/uploads\/2025\/09\/Switch-Produkte-easy-connect-LED120bau.jpg\" \/>\n\t<meta property=\"og:image:width\" content=\"1120\" \/>\n\t<meta property=\"og:image:height\" content=\"1266\" \/>\n\t<meta property=\"og:image:type\" content=\"image\/jpeg\" \/>\n<meta name=\"twitter:card\" content=\"summary_large_image\" \/>\n<meta name=\"twitter:label1\" content=\"Est. reading time\" \/>\n\t<meta name=\"twitter:data1\" content=\"1 minute\" \/>\n<script type=\"application\/ld+json\" class=\"yoast-schema-graph\">{\"@context\":\"https:\\\/\\\/schema.org\",\"@graph\":[{\"@type\":\"WebPage\",\"@id\":\"https:\\\/\\\/switch-gmbh.de\\\/en\\\/product-archive\\\/\",\"url\":\"https:\\\/\\\/switch-gmbh.de\\\/en\\\/product-archive\\\/\",\"name\":\"Product archive - Switch GmbH | Electrical solutions for elevators and conveyor systems | Isernhagen\",\"isPartOf\":{\"@id\":\"https:\\\/\\\/switch-gmbh.de\\\/en\\\/#website\"},\"primaryImageOfPage\":{\"@id\":\"https:\\\/\\\/switch-gmbh.de\\\/en\\\/product-archive\\\/#primaryimage\"},\"image\":{\"@id\":\"https:\\\/\\\/switch-gmbh.de\\\/en\\\/product-archive\\\/#primaryimage\"},\"thumbnailUrl\":\"https:\\\/\\\/switch-gmbh.de\\\/wp-content\\\/uploads\\\/2025\\\/09\\\/Switch-Produkte-easy-connect-LED120bau-906x1024.jpg\",\"datePublished\":\"2023-12-03T17:07:58+00:00\",\"dateModified\":\"2025-09-29T15:24:44+00:00\",\"breadcrumb\":{\"@id\":\"https:\\\/\\\/switch-gmbh.de\\\/en\\\/product-archive\\\/#breadcrumb\"},\"inLanguage\":\"en-US\",\"potentialAction\":[{\"@type\":\"ReadAction\",\"target\":[\"https:\\\/\\\/switch-gmbh.de\\\/en\\\/product-archive\\\/\"]}]},{\"@type\":\"ImageObject\",\"inLanguage\":\"en-US\",\"@id\":\"https:\\\/\\\/switch-gmbh.de\\\/en\\\/product-archive\\\/#primaryimage\",\"url\":\"https:\\\/\\\/switch-gmbh.de\\\/wp-content\\\/uploads\\\/2025\\\/09\\\/Switch-Produkte-easy-connect-LED120bau-906x1024.jpg\",\"contentUrl\":\"https:\\\/\\\/switch-gmbh.de\\\/wp-content\\\/uploads\\\/2025\\\/09\\\/Switch-Produkte-easy-connect-LED120bau-906x1024.jpg\"},{\"@type\":\"BreadcrumbList\",\"@id\":\"https:\\\/\\\/switch-gmbh.de\\\/en\\\/product-archive\\\/#breadcrumb\",\"itemListElement\":[{\"@type\":\"ListItem\",\"position\":1,\"name\":\"Home page\",\"item\":\"https:\\\/\\\/switch-gmbh.de\\\/en\\\/\"},{\"@type\":\"ListItem\",\"position\":2,\"name\":\"Product archive\"}]},{\"@type\":\"WebSite\",\"@id\":\"https:\\\/\\\/switch-gmbh.de\\\/en\\\/#website\",\"url\":\"https:\\\/\\\/switch-gmbh.de\\\/en\\\/\",\"name\":\"Switch GmbH\",\"description\":\"Elektrische L\u00f6sungen f\u00fcr Aufz\u00fcge und F\u00f6rderanlagen | Isernhagen\",\"publisher\":{\"@id\":\"https:\\\/\\\/switch-gmbh.de\\\/en\\\/#organization\"},\"potentialAction\":[{\"@type\":\"SearchAction\",\"target\":{\"@type\":\"EntryPoint\",\"urlTemplate\":\"https:\\\/\\\/switch-gmbh.de\\\/en\\\/?s={search_term_string}\"},\"query-input\":{\"@type\":\"PropertyValueSpecification\",\"valueRequired\":true,\"valueName\":\"search_term_string\"}}],\"inLanguage\":\"en-US\"},{\"@type\":\"Organization\",\"@id\":\"https:\\\/\\\/switch-gmbh.de\\\/en\\\/#organization\",\"name\":\"Switch GmbH\",\"url\":\"https:\\\/\\\/switch-gmbh.de\\\/en\\\/\",\"logo\":{\"@type\":\"ImageObject\",\"inLanguage\":\"en-US\",\"@id\":\"https:\\\/\\\/switch-gmbh.de\\\/en\\\/#\\\/schema\\\/logo\\\/image\\\/\",\"url\":\"https:\\\/\\\/switch-gmbh.de\\\/wp-content\\\/uploads\\\/2023\\\/10\\\/cropped-Switch_Logo2_DreieckRGS_RGB.webp\",\"contentUrl\":\"https:\\\/\\\/switch-gmbh.de\\\/wp-content\\\/uploads\\\/2023\\\/10\\\/cropped-Switch_Logo2_DreieckRGS_RGB.webp\",\"width\":1232,\"height\":468,\"caption\":\"Switch GmbH\"},\"image\":{\"@id\":\"https:\\\/\\\/switch-gmbh.de\\\/en\\\/#\\\/schema\\\/logo\\\/image\\\/\"},\"sameAs\":[\"https:\\\/\\\/www.facebook.com\\\/switchgmbh\",\"https:\\\/\\\/www.linkedin.com\\\/company\\\/switchgmbh\"]}]}<\/script>\n<!-- \/ Yoast SEO Premium plugin. -->","yoast_head_json":{"title":"Product archive - Switch GmbH | Electrical solutions for elevators and conveyor systems | Isernhagen","robots":{"index":"index","follow":"follow","max-snippet":"max-snippet:-1","max-image-preview":"max-image-preview:large","max-video-preview":"max-video-preview:-1"},"canonical":"https:\/\/switch-gmbh.de\/en\/product-archive\/","og_locale":"en_US","og_type":"article","og_title":"Product archive","og_description":"Product archive easy connect LED120bau (SW-3374) Our product &#8220;easy connect LED120bau&#8221; (product number SW-3374) has been replaced by the new product line FLEXblue product line. We have taken this step to make the system more flexible and to give you more options for use. The basic version corresponds to &#8220;easy connect LED120bau&#8221;. Only the connection [&hellip;]","og_url":"https:\/\/switch-gmbh.de\/en\/product-archive\/","og_site_name":"Switch GmbH | Electrical solutions for elevators and conveyor systems | Isernhagen","article_publisher":"https:\/\/www.facebook.com\/switchgmbh","article_modified_time":"2025-09-29T15:24:44+00:00","og_image":[{"width":1120,"height":1266,"url":"https:\/\/switch-gmbh.de\/wp-content\/uploads\/2025\/09\/Switch-Produkte-easy-connect-LED120bau.jpg","type":"image\/jpeg"}],"twitter_card":"summary_large_image","twitter_misc":{"Est. reading time":"1 minute"},"schema":{"@context":"https:\/\/schema.org","@graph":[{"@type":"WebPage","@id":"https:\/\/switch-gmbh.de\/en\/product-archive\/","url":"https:\/\/switch-gmbh.de\/en\/product-archive\/","name":"Product archive - Switch GmbH | Electrical solutions for elevators and conveyor systems | Isernhagen","isPartOf":{"@id":"https:\/\/switch-gmbh.de\/en\/#website"},"primaryImageOfPage":{"@id":"https:\/\/switch-gmbh.de\/en\/product-archive\/#primaryimage"},"image":{"@id":"https:\/\/switch-gmbh.de\/en\/product-archive\/#primaryimage"},"thumbnailUrl":"https:\/\/switch-gmbh.de\/wp-content\/uploads\/2025\/09\/Switch-Produkte-easy-connect-LED120bau-906x1024.jpg","datePublished":"2023-12-03T17:07:58+00:00","dateModified":"2025-09-29T15:24:44+00:00","breadcrumb":{"@id":"https:\/\/switch-gmbh.de\/en\/product-archive\/#breadcrumb"},"inLanguage":"en-US","potentialAction":[{"@type":"ReadAction","target":["https:\/\/switch-gmbh.de\/en\/product-archive\/"]}]},{"@type":"ImageObject","inLanguage":"en-US","@id":"https:\/\/switch-gmbh.de\/en\/product-archive\/#primaryimage","url":"https:\/\/switch-gmbh.de\/wp-content\/uploads\/2025\/09\/Switch-Produkte-easy-connect-LED120bau-906x1024.jpg","contentUrl":"https:\/\/switch-gmbh.de\/wp-content\/uploads\/2025\/09\/Switch-Produkte-easy-connect-LED120bau-906x1024.jpg"},{"@type":"BreadcrumbList","@id":"https:\/\/switch-gmbh.de\/en\/product-archive\/#breadcrumb","itemListElement":[{"@type":"ListItem","position":1,"name":"Home page","item":"https:\/\/switch-gmbh.de\/en\/"},{"@type":"ListItem","position":2,"name":"Product archive"}]},{"@type":"WebSite","@id":"https:\/\/switch-gmbh.de\/en\/#website","url":"https:\/\/switch-gmbh.de\/en\/","name":"Switch GmbH","description":"Elektrische L\u00f6sungen f\u00fcr Aufz\u00fcge und F\u00f6rderanlagen | Isernhagen","publisher":{"@id":"https:\/\/switch-gmbh.de\/en\/#organization"},"potentialAction":[{"@type":"SearchAction","target":{"@type":"EntryPoint","urlTemplate":"https:\/\/switch-gmbh.de\/en\/?s={search_term_string}"},"query-input":{"@type":"PropertyValueSpecification","valueRequired":true,"valueName":"search_term_string"}}],"inLanguage":"en-US"},{"@type":"Organization","@id":"https:\/\/switch-gmbh.de\/en\/#organization","name":"Switch GmbH","url":"https:\/\/switch-gmbh.de\/en\/","logo":{"@type":"ImageObject","inLanguage":"en-US","@id":"https:\/\/switch-gmbh.de\/en\/#\/schema\/logo\/image\/","url":"https:\/\/switch-gmbh.de\/wp-content\/uploads\/2023\/10\/cropped-Switch_Logo2_DreieckRGS_RGB.webp","contentUrl":"https:\/\/switch-gmbh.de\/wp-content\/uploads\/2023\/10\/cropped-Switch_Logo2_DreieckRGS_RGB.webp","width":1232,"height":468,"caption":"Switch GmbH"},"image":{"@id":"https:\/\/switch-gmbh.de\/en\/#\/schema\/logo\/image\/"},"sameAs":["https:\/\/www.facebook.com\/switchgmbh","https:\/\/www.linkedin.com\/company\/switchgmbh"]}]}},"_links":{"self":[{"href":"https:\/\/switch-gmbh.de\/en\/wp-json\/wp\/v2\/pages\/2411","targetHints":{"allow":["GET"]}}],"collection":[{"href":"https:\/\/switch-gmbh.de\/en\/wp-json\/wp\/v2\/pages"}],"about":[{"href":"https:\/\/switch-gmbh.de\/en\/wp-json\/wp\/v2\/types\/page"}],"author":[{"embeddable":true,"href":"https:\/\/switch-gmbh.de\/en\/wp-json\/wp\/v2\/users\/1"}],"replies":[{"embeddable":true,"href":"https:\/\/switch-gmbh.de\/en\/wp-json\/wp\/v2\/comments?post=2411"}],"version-history":[{"count":0,"href":"https:\/\/switch-gmbh.de\/en\/wp-json\/wp\/v2\/pages\/2411\/revisions"}],"wp:attachment":[{"href":"https:\/\/switch-gmbh.de\/en\/wp-json\/wp\/v2\/media?parent=2411"}],"curies":[{"name":"wp","href":"https:\/\/api.w.org\/{rel}","templated":true}]}}