{"id":2406,"date":"2023-12-03T16:01:42","date_gmt":"2023-12-03T15:01:42","guid":{"rendered":"https:\/\/regiopress.switch-gmbh.de\/repair-and-spare-parts\/"},"modified":"2025-06-17T14:24:25","modified_gmt":"2025-06-17T12:24:25","slug":"repair-and-spare-parts","status":"publish","type":"page","link":"https:\/\/switch-gmbh.de\/en\/repair-and-spare-parts\/","title":{"rendered":"Repair and spare parts"},"content":{"rendered":"\t\t<div data-elementor-type=\"wp-page\" data-elementor-id=\"2406\" class=\"elementor elementor-2406 elementor-1062\" data-elementor-post-type=\"page\">\n\t\t\t\t<div class=\"elementor-element elementor-element-17ca290c e-flex e-con-boxed e-con e-parent\" data-id=\"17ca290c\" data-element_type=\"container\" data-e-type=\"container\" data-settings=\"{&quot;background_background&quot;:&quot;classic&quot;}\">\n\t\t\t\t\t<div class=\"e-con-inner\">\n\t\t\t\t<div class=\"elementor-element elementor-element-38e20f13 elementor-widget elementor-widget-heading\" data-id=\"38e20f13\" data-element_type=\"widget\" data-e-type=\"widget\" data-widget_type=\"heading.default\">\n\t\t\t\t<div class=\"elementor-widget-container\">\n\t\t\t\t\t<h1 class=\"elementor-heading-title elementor-size-default\">Repair and spare parts<\/h1>\t\t\t\t<\/div>\n\t\t\t\t<\/div>\n\t\t\t\t\t<\/div>\n\t\t\t\t<\/div>\n\t\t<div class=\"elementor-element elementor-element-47b5f876 e-flex e-con-boxed e-con e-parent\" data-id=\"47b5f876\" data-element_type=\"container\" data-e-type=\"container\">\n\t\t\t\t\t<div class=\"e-con-inner\">\n\t\t<div class=\"elementor-element elementor-element-2de7a853 e-con-full e-flex e-con e-child\" data-id=\"2de7a853\" data-element_type=\"container\" data-e-type=\"container\">\n\t\t\t\t<div class=\"elementor-element elementor-element-33754413 elementor-widget elementor-widget-text-editor\" data-id=\"33754413\" data-element_type=\"widget\" data-e-type=\"widget\" data-widget_type=\"text-editor.default\">\n\t\t\t\t<div class=\"elementor-widget-container\">\n\t\t\t\t\t\t\t\t\t<h3 data-start=\"326\" data-end=\"405\"><strong data-start=\"330\" data-end=\"405\">Repair &amp; spare parts for continuous-row lighting systems and industrial components<\/strong><\/h3><p data-start=\"407\" data-end=\"606\">Our <strong data-start=\"414\" data-end=\"435\">continuous-row lighting systems<\/strong> and <strong data-start=\"440\" data-end=\"463\">components<\/strong> stand for <strong data-start=\"475\" data-end=\"531\">industrial quality, durability and reliability<\/strong>. Nevertheless, <strong data-start=\"570\" data-end=\"598\">wear and tear or defects<\/strong> can occur over time. <\/p><p data-start=\"608\" data-end=\"772\">Whether an <strong data-start=\"622\" data-end=\"661\">LED system stops working<\/strong>, a <strong data-start=\"668\" data-end=\"701\">control component fails<\/strong> or a <strong data-start=\"712\" data-end=\"739\">connection is unstable<\/strong> &#8211; we won&#8217;t let you down.<\/p><h3 data-start=\"774\" data-end=\"810\">\u2705 Quick help in the event of breakdowns:<\/h3><ul data-start=\"811\" data-end=\"969\"><li data-start=\"811\" data-end=\"864\"><p data-start=\"813\" data-end=\"864\"><strong data-start=\"813\" data-end=\"864\">Spare parts for strip lighting &amp; control technology<\/strong><\/p><\/li><li data-start=\"865\" data-end=\"911\"><p data-start=\"867\" data-end=\"911\"><strong data-start=\"867\" data-end=\"887\">Repair service<\/strong> for defective components<\/p><\/li><li data-start=\"912\" data-end=\"969\"><p data-start=\"914\" data-end=\"969\"><strong data-start=\"914\" data-end=\"939\">Short response times<\/strong> &amp; professional repairs<\/p><\/li><\/ul><p data-start=\"971\" data-end=\"1077\">Our goal: <strong data-start=\"983\" data-end=\"1036\">to get your systems back into operation quickly<\/strong> &#8211; safely, economically and sustainably.<\/p><p data-start=\"1079\" data-end=\"1219\">\ud83d\udcde <strong data-start=\"1082\" data-end=\"1106\">Contact us<\/strong> if you need support &#8211; we will be happy to advise you on repair options and spare parts availability!<\/p>\t\t\t\t\t\t\t\t<\/div>\n\t\t\t\t<\/div>\n\t\t\t\t<\/div>\n\t\t\t\t\t<\/div>\n\t\t\t\t<\/div>\n\t\t<div class=\"elementor-element elementor-element-8a990c e-flex e-con-boxed e-con e-parent\" data-id=\"8a990c\" data-element_type=\"container\" data-e-type=\"container\" data-settings=\"{&quot;background_background&quot;:&quot;classic&quot;}\">\n\t\t\t\t\t<div class=\"e-con-inner\">\n\t\t<div class=\"elementor-element elementor-element-656475ee e-con-full e-flex e-con e-child\" data-id=\"656475ee\" data-element_type=\"container\" data-e-type=\"container\">\n\t\t\t\t<div class=\"elementor-element elementor-element-781e678b elementor-widget elementor-widget-gallery\" data-id=\"781e678b\" data-element_type=\"widget\" data-e-type=\"widget\" data-settings=\"{&quot;gallery_layout&quot;:&quot;masonry&quot;,&quot;columns&quot;:2,&quot;lazyload&quot;:&quot;yes&quot;,&quot;columns_tablet&quot;:2,&quot;columns_mobile&quot;:1,&quot;gap&quot;:{&quot;unit&quot;:&quot;px&quot;,&quot;size&quot;:10,&quot;sizes&quot;:[]},&quot;gap_tablet&quot;:{&quot;unit&quot;:&quot;px&quot;,&quot;size&quot;:10,&quot;sizes&quot;:[]},&quot;gap_mobile&quot;:{&quot;unit&quot;:&quot;px&quot;,&quot;size&quot;:10,&quot;sizes&quot;:[]},&quot;link_to&quot;:&quot;file&quot;,&quot;overlay_background&quot;:&quot;yes&quot;,&quot;content_hover_animation&quot;:&quot;fade-in&quot;}\" data-widget_type=\"gallery.default\">\n\t\t\t\t<div class=\"elementor-widget-container\">\n\t\t\t\t\t\t\t<div class=\"elementor-gallery__container\">\n\t\t\t\t\t\t\t<a class=\"e-gallery-item elementor-gallery-item elementor-animated-content\" href=\"https:\/\/switch-gmbh.de\/wp-content\/uploads\/2023\/10\/Otis_TLP5_offen-1.jpg\" data-elementor-open-lightbox=\"yes\" data-elementor-lightbox-slideshow=\"781e678b\" data-elementor-lightbox-title=\"Otis_TLP5_offen-1\" data-e-action-hash=\"#elementor-action%3Aaction%3Dlightbox%26settings%3DeyJpZCI6MjQyLCJ1cmwiOiJodHRwczpcL1wvc3dpdGNoLWdtYmguZGVcL3dwLWNvbnRlbnRcL3VwbG9hZHNcLzIwMjNcLzEwXC9PdGlzX1RMUDVfb2ZmZW4tMS5qcGciLCJzbGlkZXNob3ciOiI3ODFlNjc4YiJ9\">\n\t\t\t\t\t<div class=\"e-gallery-image elementor-gallery-item__image\" data-thumbnail=\"https:\/\/switch-gmbh.de\/wp-content\/uploads\/2023\/10\/Otis_TLP5_offen-1.jpg\" data-width=\"835\" data-height=\"690\" aria-label=\"\" role=\"img\" ><\/div>\n\t\t\t\t\t\t\t\t\t\t\t<div class=\"elementor-gallery-item__overlay\"><\/div>\n\t\t\t\t\t\t\t\t\t\t\t\t\t\t<\/a>\n\t\t\t\t\t\t\t<a class=\"e-gallery-item elementor-gallery-item elementor-animated-content\" href=\"https:\/\/switch-gmbh.de\/wp-content\/uploads\/2023\/10\/sw-1881-1.jpg\" data-elementor-open-lightbox=\"yes\" data-elementor-lightbox-slideshow=\"781e678b\" data-elementor-lightbox-title=\"Switch - Produkte - Inspektionssteuerstelle SW-1881\" data-elementor-lightbox-description=\"Switch - Produkte - Inspektionssteuerstelle SW-1881\" data-e-action-hash=\"#elementor-action%3Aaction%3Dlightbox%26settings%3DeyJpZCI6MjQ4LCJ1cmwiOiJodHRwczpcL1wvc3dpdGNoLWdtYmguZGVcL3dwLWNvbnRlbnRcL3VwbG9hZHNcLzIwMjNcLzEwXC9zdy0xODgxLTEuanBnIiwic2xpZGVzaG93IjoiNzgxZTY3OGIifQ%3D%3D\">\n\t\t\t\t\t<div class=\"e-gallery-image elementor-gallery-item__image\" data-thumbnail=\"https:\/\/switch-gmbh.de\/wp-content\/uploads\/2023\/10\/sw-1881-1.jpg\" data-width=\"835\" data-height=\"690\" aria-label=\"Switch - Produkte - Inspektionssteuerstelle SW-1881\" role=\"img\" ><\/div>\n\t\t\t\t\t\t\t\t\t\t\t<div class=\"elementor-gallery-item__overlay\"><\/div>\n\t\t\t\t\t\t\t\t\t\t\t\t\t\t<\/a>\n\t\t\t\t\t<\/div>\n\t\t\t\t\t<\/div>\n\t\t\t\t<\/div>\n\t\t\t\t<\/div>\n\t\t<div class=\"elementor-element elementor-element-43fe3a58 e-con-full e-flex e-con e-child\" data-id=\"43fe3a58\" data-element_type=\"container\" data-e-type=\"container\">\n\t\t\t\t<div class=\"elementor-element elementor-element-10126946 elementor-widget elementor-widget-text-editor\" data-id=\"10126946\" data-element_type=\"widget\" data-e-type=\"widget\" data-widget_type=\"text-editor.default\">\n\t\t\t\t<div class=\"elementor-widget-container\">\n\t\t\t\t\t\t\t\t\t<h2 data-start=\"70\" data-end=\"89\">Replacement of Giovenzana components<\/h2><p>Due to the fact that <strong>Giovenzana is currently unable to deliver<\/strong>, it is necessary to replace the systems. We have worked with Giovenzana for over 20 years and know each other inside out. <strong>We would be happy to help you switch to our new products<\/strong>. <\/p><h2 data-start=\"70\" data-end=\"89\">Spare parts for Giovenzana components<\/h2><p data-start=\"91\" data-end=\"419\">If you need <strong data-start=\"100\" data-end=\"111\">spare<\/strong> or <strong data-start=\"117\" data-end=\"138\">extension parts<\/strong> for <strong data-start=\"143\" data-end=\"165\">Giovenzana items<\/strong>, we will be happy to help you. We still have a wide range of spare parts, even for older models. Many parts are available immediately. The easiest way is to tell us the <strong data-start=\"346\" data-end=\"363\">article number<\/strong>. In an emergency, a <strong data-start=\"397\" data-end=\"405\">photo<\/strong> can also help.    <\/p><h2 data-start=\"70\" data-end=\"89\">Spare parts for lighting controls<\/h2><p data-start=\"421\" data-end=\"589\">We offer <strong data-start=\"464\" data-end=\"473\">rechargeable batteries<\/strong> for our <strong data-start=\"432\" data-end=\"452\">lighting control units<\/strong> for replacement. We recommend replacing the batteries every <strong data-start=\"522\" data-end=\"533\">3 years<\/strong> to ensure optimum performance. <\/p><h2 data-start=\"421\" data-end=\"589\">Spare parts for LED systems<\/h2><p data-start=\"591\" data-end=\"672\">Further <strong data-start=\"599\" data-end=\"629\">spare parts for LED products<\/strong> are available on request.<\/p>\t\t\t\t\t\t\t\t<\/div>\n\t\t\t\t<\/div>\n\t\t\t\t<\/div>\n\t\t\t\t\t<\/div>\n\t\t\t\t<\/div>\n\t\t<div class=\"elementor-element elementor-element-1eda0c12 e-flex e-con-boxed e-con e-parent\" data-id=\"1eda0c12\" data-element_type=\"container\" data-e-type=\"container\">\n\t\t\t\t\t<div class=\"e-con-inner\">\n\t\t<div class=\"elementor-element elementor-element-5d9eaf0e e-con-full e-flex e-con e-child\" data-id=\"5d9eaf0e\" data-element_type=\"container\" data-e-type=\"container\">\n\t\t\t\t<div class=\"elementor-element elementor-element-61eda8c elementor-widget elementor-widget-text-editor\" data-id=\"61eda8c\" data-element_type=\"widget\" data-e-type=\"widget\" data-widget_type=\"text-editor.default\">\n\t\t\t\t<div class=\"elementor-widget-container\">\n\t\t\t\t\t\t\t\t\t<h2 data-start=\"70\" data-end=\"87\"><strong data-start=\"74\" data-end=\"87\">Repair of LED strips and lighting controls<\/strong><\/h2><p data-start=\"89\" data-end=\"253\">In the interests of <strong data-start=\"102\" data-end=\"120\">sustainability<\/strong>, we are happy to help you <strong data-start=\"152\" data-end=\"165\">repair<\/strong> our products. Repairs often make sense, especially for longer <strong data-start=\"207\" data-end=\"222\">LED strips<\/strong>. For a <strong data-start=\"266\" data-end=\"279\">flat rate<\/strong>, we can carry out the repair for you or supply you with a suitable <strong data-start=\"352\" data-end=\"369\">repair kit<\/strong>.  <\/p><p data-start=\"89\" data-end=\"253\">A repair is particularly recommended for our <strong>high-quality lighting control units<\/strong> and is generally possible.<\/p><p data-start=\"372\" data-end=\"445\"><strong data-start=\"372\" data-end=\"403\">Simply contact us<\/strong> &#8211; we will find the right solution for you!<\/p>\t\t\t\t\t\t\t\t<\/div>\n\t\t\t\t<\/div>\n\t\t\t\t<\/div>\n\t\t\t\t\t<\/div>\n\t\t\t\t<\/div>\n\t\t\t\t<\/div>\n\t\t","protected":false},"excerpt":{"rendered":"<p>Repair and spare parts Repair &amp; spare parts for continuous-row lighting systems and industrial components Our continuous-row lighting systems and components stand for industrial quality, durability and reliability. Nevertheless, wear and tear or defects can occur over time. Whether an LED system stops working, a control component fails or a connection is unstable &#8211; we [&hellip;]<\/p>\n","protected":false},"author":1,"featured_media":0,"parent":0,"menu_order":0,"comment_status":"closed","ping_status":"closed","template":"","meta":{"footnotes":""},"class_list":["post-2406","page","type-page","status-publish","hentry"],"yoast_head":"<!-- This site is optimized with the Yoast SEO Premium plugin v26.6 (Yoast SEO v27.3) - https:\/\/yoast.com\/product\/yoast-seo-premium-wordpress\/ -->\n<title>Repair and spare parts for LED systems and industrial components quickly available - Switch GmbH | Electrical solutions for elevators and conveyor systems | Isernhagen<\/title>\n<meta name=\"description\" content=\"Switch offers repair services and spare parts for LED systems and industrial components - quickly and reliably for your applications.\" \/>\n<meta name=\"robots\" content=\"index, follow, max-snippet:-1, max-image-preview:large, max-video-preview:-1\" \/>\n<link rel=\"canonical\" href=\"https:\/\/switch-gmbh.de\/en\/repair-and-spare-parts\/\" \/>\n<meta property=\"og:locale\" content=\"en_US\" \/>\n<meta property=\"og:type\" content=\"article\" \/>\n<meta property=\"og:title\" content=\"Repair and spare parts\" \/>\n<meta property=\"og:description\" content=\"Switch offers repair services and spare parts for LED systems and industrial components - quickly and reliably for your applications.\" \/>\n<meta property=\"og:url\" content=\"https:\/\/switch-gmbh.de\/en\/repair-and-spare-parts\/\" \/>\n<meta property=\"og:site_name\" content=\"Switch GmbH | Electrical solutions for elevators and conveyor systems | Isernhagen\" \/>\n<meta property=\"article:publisher\" content=\"https:\/\/www.facebook.com\/switchgmbh\" \/>\n<meta property=\"article:modified_time\" content=\"2025-06-17T12:24:25+00:00\" \/>\n<meta name=\"twitter:card\" content=\"summary_large_image\" \/>\n<meta name=\"twitter:label1\" content=\"Est. reading time\" \/>\n\t<meta name=\"twitter:data1\" content=\"2 minutes\" \/>\n<script type=\"application\/ld+json\" class=\"yoast-schema-graph\">{\"@context\":\"https:\\\/\\\/schema.org\",\"@graph\":[{\"@type\":\"WebPage\",\"@id\":\"https:\\\/\\\/switch-gmbh.de\\\/en\\\/repair-and-spare-parts\\\/\",\"url\":\"https:\\\/\\\/switch-gmbh.de\\\/en\\\/repair-and-spare-parts\\\/\",\"name\":\"Repair and spare parts for LED systems and industrial components quickly available - Switch GmbH | Electrical solutions for elevators and conveyor systems | Isernhagen\",\"isPartOf\":{\"@id\":\"https:\\\/\\\/switch-gmbh.de\\\/en\\\/#website\"},\"datePublished\":\"2023-12-03T15:01:42+00:00\",\"dateModified\":\"2025-06-17T12:24:25+00:00\",\"description\":\"Switch offers repair services and spare parts for LED systems and industrial components - quickly and reliably for your applications.\",\"breadcrumb\":{\"@id\":\"https:\\\/\\\/switch-gmbh.de\\\/en\\\/repair-and-spare-parts\\\/#breadcrumb\"},\"inLanguage\":\"en-US\",\"potentialAction\":[{\"@type\":\"ReadAction\",\"target\":[\"https:\\\/\\\/switch-gmbh.de\\\/en\\\/repair-and-spare-parts\\\/\"]}]},{\"@type\":\"BreadcrumbList\",\"@id\":\"https:\\\/\\\/switch-gmbh.de\\\/en\\\/repair-and-spare-parts\\\/#breadcrumb\",\"itemListElement\":[{\"@type\":\"ListItem\",\"position\":1,\"name\":\"Home page\",\"item\":\"https:\\\/\\\/switch-gmbh.de\\\/en\\\/\"},{\"@type\":\"ListItem\",\"position\":2,\"name\":\"Repair and spare parts\"}]},{\"@type\":\"WebSite\",\"@id\":\"https:\\\/\\\/switch-gmbh.de\\\/en\\\/#website\",\"url\":\"https:\\\/\\\/switch-gmbh.de\\\/en\\\/\",\"name\":\"Switch GmbH\",\"description\":\"Elektrische L\u00f6sungen f\u00fcr Aufz\u00fcge und F\u00f6rderanlagen | Isernhagen\",\"publisher\":{\"@id\":\"https:\\\/\\\/switch-gmbh.de\\\/en\\\/#organization\"},\"potentialAction\":[{\"@type\":\"SearchAction\",\"target\":{\"@type\":\"EntryPoint\",\"urlTemplate\":\"https:\\\/\\\/switch-gmbh.de\\\/en\\\/?s={search_term_string}\"},\"query-input\":{\"@type\":\"PropertyValueSpecification\",\"valueRequired\":true,\"valueName\":\"search_term_string\"}}],\"inLanguage\":\"en-US\"},{\"@type\":\"Organization\",\"@id\":\"https:\\\/\\\/switch-gmbh.de\\\/en\\\/#organization\",\"name\":\"Switch GmbH\",\"url\":\"https:\\\/\\\/switch-gmbh.de\\\/en\\\/\",\"logo\":{\"@type\":\"ImageObject\",\"inLanguage\":\"en-US\",\"@id\":\"https:\\\/\\\/switch-gmbh.de\\\/en\\\/#\\\/schema\\\/logo\\\/image\\\/\",\"url\":\"https:\\\/\\\/switch-gmbh.de\\\/wp-content\\\/uploads\\\/2023\\\/10\\\/cropped-Switch_Logo2_DreieckRGS_RGB.webp\",\"contentUrl\":\"https:\\\/\\\/switch-gmbh.de\\\/wp-content\\\/uploads\\\/2023\\\/10\\\/cropped-Switch_Logo2_DreieckRGS_RGB.webp\",\"width\":1232,\"height\":468,\"caption\":\"Switch GmbH\"},\"image\":{\"@id\":\"https:\\\/\\\/switch-gmbh.de\\\/en\\\/#\\\/schema\\\/logo\\\/image\\\/\"},\"sameAs\":[\"https:\\\/\\\/www.facebook.com\\\/switchgmbh\",\"https:\\\/\\\/www.linkedin.com\\\/company\\\/switchgmbh\"]}]}<\/script>\n<!-- \/ Yoast SEO Premium plugin. -->","yoast_head_json":{"title":"Repair and spare parts for LED systems and industrial components quickly available - Switch GmbH | Electrical solutions for elevators and conveyor systems | Isernhagen","description":"Switch offers repair services and spare parts for LED systems and industrial components - quickly and reliably for your applications.","robots":{"index":"index","follow":"follow","max-snippet":"max-snippet:-1","max-image-preview":"max-image-preview:large","max-video-preview":"max-video-preview:-1"},"canonical":"https:\/\/switch-gmbh.de\/en\/repair-and-spare-parts\/","og_locale":"en_US","og_type":"article","og_title":"Repair and spare parts","og_description":"Switch offers repair services and spare parts for LED systems and industrial components - quickly and reliably for your applications.","og_url":"https:\/\/switch-gmbh.de\/en\/repair-and-spare-parts\/","og_site_name":"Switch GmbH | Electrical solutions for elevators and conveyor systems | Isernhagen","article_publisher":"https:\/\/www.facebook.com\/switchgmbh","article_modified_time":"2025-06-17T12:24:25+00:00","twitter_card":"summary_large_image","twitter_misc":{"Est. reading time":"2 minutes"},"schema":{"@context":"https:\/\/schema.org","@graph":[{"@type":"WebPage","@id":"https:\/\/switch-gmbh.de\/en\/repair-and-spare-parts\/","url":"https:\/\/switch-gmbh.de\/en\/repair-and-spare-parts\/","name":"Repair and spare parts for LED systems and industrial components quickly available - Switch GmbH | Electrical solutions for elevators and conveyor systems | Isernhagen","isPartOf":{"@id":"https:\/\/switch-gmbh.de\/en\/#website"},"datePublished":"2023-12-03T15:01:42+00:00","dateModified":"2025-06-17T12:24:25+00:00","description":"Switch offers repair services and spare parts for LED systems and industrial components - quickly and reliably for your applications.","breadcrumb":{"@id":"https:\/\/switch-gmbh.de\/en\/repair-and-spare-parts\/#breadcrumb"},"inLanguage":"en-US","potentialAction":[{"@type":"ReadAction","target":["https:\/\/switch-gmbh.de\/en\/repair-and-spare-parts\/"]}]},{"@type":"BreadcrumbList","@id":"https:\/\/switch-gmbh.de\/en\/repair-and-spare-parts\/#breadcrumb","itemListElement":[{"@type":"ListItem","position":1,"name":"Home page","item":"https:\/\/switch-gmbh.de\/en\/"},{"@type":"ListItem","position":2,"name":"Repair and spare parts"}]},{"@type":"WebSite","@id":"https:\/\/switch-gmbh.de\/en\/#website","url":"https:\/\/switch-gmbh.de\/en\/","name":"Switch GmbH","description":"Elektrische L\u00f6sungen f\u00fcr Aufz\u00fcge und F\u00f6rderanlagen | Isernhagen","publisher":{"@id":"https:\/\/switch-gmbh.de\/en\/#organization"},"potentialAction":[{"@type":"SearchAction","target":{"@type":"EntryPoint","urlTemplate":"https:\/\/switch-gmbh.de\/en\/?s={search_term_string}"},"query-input":{"@type":"PropertyValueSpecification","valueRequired":true,"valueName":"search_term_string"}}],"inLanguage":"en-US"},{"@type":"Organization","@id":"https:\/\/switch-gmbh.de\/en\/#organization","name":"Switch GmbH","url":"https:\/\/switch-gmbh.de\/en\/","logo":{"@type":"ImageObject","inLanguage":"en-US","@id":"https:\/\/switch-gmbh.de\/en\/#\/schema\/logo\/image\/","url":"https:\/\/switch-gmbh.de\/wp-content\/uploads\/2023\/10\/cropped-Switch_Logo2_DreieckRGS_RGB.webp","contentUrl":"https:\/\/switch-gmbh.de\/wp-content\/uploads\/2023\/10\/cropped-Switch_Logo2_DreieckRGS_RGB.webp","width":1232,"height":468,"caption":"Switch GmbH"},"image":{"@id":"https:\/\/switch-gmbh.de\/en\/#\/schema\/logo\/image\/"},"sameAs":["https:\/\/www.facebook.com\/switchgmbh","https:\/\/www.linkedin.com\/company\/switchgmbh"]}]}},"_links":{"self":[{"href":"https:\/\/switch-gmbh.de\/en\/wp-json\/wp\/v2\/pages\/2406","targetHints":{"allow":["GET"]}}],"collection":[{"href":"https:\/\/switch-gmbh.de\/en\/wp-json\/wp\/v2\/pages"}],"about":[{"href":"https:\/\/switch-gmbh.de\/en\/wp-json\/wp\/v2\/types\/page"}],"author":[{"embeddable":true,"href":"https:\/\/switch-gmbh.de\/en\/wp-json\/wp\/v2\/users\/1"}],"replies":[{"embeddable":true,"href":"https:\/\/switch-gmbh.de\/en\/wp-json\/wp\/v2\/comments?post=2406"}],"version-history":[{"count":0,"href":"https:\/\/switch-gmbh.de\/en\/wp-json\/wp\/v2\/pages\/2406\/revisions"}],"wp:attachment":[{"href":"https:\/\/switch-gmbh.de\/en\/wp-json\/wp\/v2\/media?parent=2406"}],"curies":[{"name":"wp","href":"https:\/\/api.w.org\/{rel}","templated":true}]}}