{"id":2404,"date":"2023-12-03T17:58:33","date_gmt":"2023-12-03T16:58:33","guid":{"rendered":"https:\/\/regiopress.switch-gmbh.de\/consulting-and-customizing\/"},"modified":"2025-06-17T14:24:59","modified_gmt":"2025-06-17T12:24:59","slug":"consulting-and-customizing","status":"publish","type":"page","link":"https:\/\/switch-gmbh.de\/en\/consulting-and-customizing\/","title":{"rendered":"Advice and individualization"},"content":{"rendered":"\t\t<div data-elementor-type=\"wp-page\" data-elementor-id=\"2404\" class=\"elementor elementor-2404 elementor-1117\" data-elementor-post-type=\"page\">\n\t\t\t\t<div class=\"elementor-element elementor-element-74d65da7 e-flex e-con-boxed e-con e-parent\" data-id=\"74d65da7\" data-element_type=\"container\" data-e-type=\"container\" data-settings=\"{&quot;background_background&quot;:&quot;classic&quot;}\">\n\t\t\t\t\t<div class=\"e-con-inner\">\n\t\t\t\t<div class=\"elementor-element elementor-element-59ff047f elementor-widget elementor-widget-heading\" data-id=\"59ff047f\" data-element_type=\"widget\" data-e-type=\"widget\" data-widget_type=\"heading.default\">\n\t\t\t\t<div class=\"elementor-widget-container\">\n\t\t\t\t\t<h1 class=\"elementor-heading-title elementor-size-default\">Advice and individualization<\/h1>\t\t\t\t<\/div>\n\t\t\t\t<\/div>\n\t\t\t\t\t<\/div>\n\t\t\t\t<\/div>\n\t\t<div class=\"elementor-element elementor-element-50e0c222 e-flex e-con-boxed e-con e-parent\" data-id=\"50e0c222\" data-element_type=\"container\" data-e-type=\"container\" data-settings=\"{&quot;background_background&quot;:&quot;classic&quot;}\">\n\t\t\t\t\t<div class=\"e-con-inner\">\n\t\t<div class=\"elementor-element elementor-element-37888f7b e-con-full e-flex e-con e-child\" data-id=\"37888f7b\" data-element_type=\"container\" data-e-type=\"container\">\n\t\t\t\t<div class=\"elementor-element elementor-element-2f28c4d elementor-widget elementor-widget-text-editor\" data-id=\"2f28c4d\" data-element_type=\"widget\" data-e-type=\"widget\" data-widget_type=\"text-editor.default\">\n\t\t\t\t<div class=\"elementor-widget-container\">\n\t\t\t\t\t\t\t\t\t<h2><span style=\"color: #ffffff;\"><strong>Professional advice for LED strip lighting and industrial control components<\/strong><\/span><\/h2>\n<p><span style=\"color: #ffffff;\"><strong>Are you looking for the right solution for your project, but need support with product selection?  <\/strong>We are happy to help you! With our many years of experience in the planning and application of <strong>LED strip lighting<\/strong> and <strong>industrial components for elevators, cranes and mechanical engineering<\/strong>, we are at your side with our expertise. <\/span><\/p>\n<p><span style=\"color: #ffffff;\">Whether you are building a series system or need a special solution &#8211; we know the requirements and will work with you to find the right product.<\/span><\/p>\n<p><span style=\"color: #ffffff;\">\ud83d\udc49 <a href=\"mailto:order@switch-gmbh.de\"><strong>Take advantage of our experience and contact us.<\/strong><\/a><\/span><\/p>\n<p><span style=\"color: #ffffff;\">Or let yourself be inspired by our <a href=\"https:\/\/switch-gmbh.de\/en\/applications\/\"><strong>application examples and discover<\/strong><\/a> and discover how versatile our components are!<\/span><\/p>\t\t\t\t\t\t\t\t<\/div>\n\t\t\t\t<\/div>\n\t\t\t\t<\/div>\n\t\t\t\t\t<\/div>\n\t\t\t\t<\/div>\n\t\t<div class=\"elementor-element elementor-element-69febbb6 e-flex e-con-boxed e-con e-parent\" data-id=\"69febbb6\" data-element_type=\"container\" data-e-type=\"container\" data-settings=\"{&quot;background_background&quot;:&quot;classic&quot;}\">\n\t\t\t\t\t<div class=\"e-con-inner\">\n\t\t<div class=\"elementor-element elementor-element-1f803922 e-con-full e-flex e-con e-child\" data-id=\"1f803922\" data-element_type=\"container\" data-e-type=\"container\">\n\t\t\t\t<div class=\"elementor-element elementor-element-fb1bb2d elementor-widget__width-initial elementor-widget elementor-widget-text-editor\" data-id=\"fb1bb2d\" data-element_type=\"widget\" data-e-type=\"widget\" data-widget_type=\"text-editor.default\">\n\t\t\t\t<div class=\"elementor-widget-container\">\n\t\t\t\t\t\t\t\t\t<h2 data-start=\"263\" data-end=\"332\"><strong data-start=\"267\" data-end=\"332\">Customized products &#8211; according to your requirements<\/strong><\/h2><p data-start=\"334\" data-end=\"513\"><strong data-start=\"334\" data-end=\"396\">Would you like to put your logo on one of our products?<\/strong><br data-start=\"396\" data-end=\"399\">No problem &#8211; we customize our products for your project.<\/p><p data-start=\"515\" data-end=\"677\">Whether <strong data-start=\"518\" data-end=\"554\">customer-specific labeling<\/strong>, <strong data-start=\"556\" data-end=\"583\">special wiring<\/strong> or the integration of a <strong data-start=\"611\" data-end=\"641\">missing system component<\/strong> &#8211; we implement your requirements.<\/p><p data-start=\"679\" data-end=\"842\">\u2714\ufe0f <strong data-start=\"682\" data-end=\"709\">Logo imprint &amp; branding<\/strong><br data-start=\"709\" data-end=\"712\">\u2714\ufe0f <strong data-start=\"715\" data-end=\"744\">Customized lettering<\/strong><br data-start=\"744\" data-end=\"747\">\u2714\ufe0f <strong>Wiring<\/strong><strong data-start=\"750\" data-end=\"791\">Wiring for your application<\/strong><br data-start=\"791\" data-end=\"794\">\u2714\ufe0f <strong data-start=\"797\" data-end=\"842\">Completion of missing components in the system<\/strong><\/p><p data-start=\"844\" data-end=\"1011\"><strong data-start=\"844\" data-end=\"891\">Do you need a customized solution?<\/strong><br data-start=\"891\" data-end=\"894\">Then contact us &#8211; we will be happy to advise you personally and develop a suitable concept together with you.<\/p>\t\t\t\t\t\t\t\t<\/div>\n\t\t\t\t<\/div>\n\t\t\t\t<\/div>\n\t\t\t\t\t<\/div>\n\t\t\t\t<\/div>\n\t\t<div class=\"elementor-element elementor-element-3dda9174 e-flex e-con-boxed e-con e-parent\" data-id=\"3dda9174\" data-element_type=\"container\" data-e-type=\"container\">\n\t\t\t\t\t<div class=\"e-con-inner\">\n\t\t<div class=\"elementor-element elementor-element-68275057 e-con-full e-flex e-con e-child\" data-id=\"68275057\" data-element_type=\"container\" data-e-type=\"container\">\n\t\t\t\t<div class=\"elementor-element elementor-element-6412a8c elementor-widget elementor-widget-text-editor\" data-id=\"6412a8c\" data-element_type=\"widget\" data-e-type=\"widget\" data-widget_type=\"text-editor.default\">\n\t\t\t\t<div class=\"elementor-widget-container\">\n\t\t\t\t\t\t\t\t\t<h2 data-start=\"234\" data-end=\"312\"><strong data-start=\"238\" data-end=\"312\">Customized production &#8211; tailor-made technology for your project<\/strong><\/h2><p data-start=\"314\" data-end=\"495\">Do you need a customized solution?<br data-start=\"353\" data-end=\"356\">We offer you <strong data-start=\"373\" data-end=\"410\">ready-to-use products<\/strong> at the highest technical level &#8211; precisely manufactured, tested and ready for immediate use.<\/p><h3 data-start=\"497\" data-end=\"553\">\u2705 Customized production of control components<\/h3><p data-start=\"554\" data-end=\"758\">Whether it&#8217;s a one-off or series production: we supply you with <strong data-start=\"606\" data-end=\"642\">control components<\/strong> completely ready for connection &#8211; including <strong data-start=\"680\" data-end=\"708\">pre-assembled cable<\/strong>, <strong data-start=\"710\" data-end=\"735\">technical adaptation<\/strong> and <strong data-start=\"740\" data-end=\"757\">final test<\/strong>.<\/p><h3 data-start=\"760\" data-end=\"800\">\u2705 Tailor-made continuous-row lighting systems<\/h3><p data-start=\"801\" data-end=\"885\">You also benefit from our range of <strong data-start=\"818\" data-end=\"838\">LED strip lights<\/strong>:<\/p><ul data-start=\"886\" data-end=\"1006\"><li data-start=\"886\" data-end=\"919\"><p data-start=\"888\" data-end=\"919\">Custom lengths &amp; customization<\/p><\/li><li data-start=\"920\" data-end=\"953\"><p data-start=\"922\" data-end=\"953\">Individual connection variants<\/p><\/li><li data-start=\"954\" data-end=\"1006\"><p data-start=\"956\" data-end=\"1006\">Specific functions and control options<\/p><\/li><\/ul><p data-start=\"1008\" data-end=\"1166\"><strong data-start=\"1008\" data-end=\"1050\">Technically demanding? No problem. <\/strong><br data-start=\"1050\" data-end=\"1053\">Our team will work with you to develop the right solution &#8211; precisely tailored to your application and environment.<\/p>\t\t\t\t\t\t\t\t<\/div>\n\t\t\t\t<\/div>\n\t\t\t\t<\/div>\n\t\t\t\t\t<\/div>\n\t\t\t\t<\/div>\n\t\t<div class=\"elementor-element elementor-element-262f930b e-flex e-con-boxed e-con e-parent\" data-id=\"262f930b\" data-element_type=\"container\" data-e-type=\"container\" data-settings=\"{&quot;background_background&quot;:&quot;classic&quot;}\">\n\t\t\t\t\t<div class=\"e-con-inner\">\n\t\t<div class=\"elementor-element elementor-element-48194631 e-con-full e-flex e-con e-child\" data-id=\"48194631\" data-element_type=\"container\" data-e-type=\"container\">\n\t\t\t\t<div class=\"elementor-element elementor-element-64f9f723 elementor-widget elementor-widget-heading\" data-id=\"64f9f723\" data-element_type=\"widget\" data-e-type=\"widget\" data-widget_type=\"heading.default\">\n\t\t\t\t<div class=\"elementor-widget-container\">\n\t\t\t\t\t<h2 class=\"elementor-heading-title elementor-size-default\">If you have any questions, simply contact us by e-mail or telephone<\/h2>\t\t\t\t<\/div>\n\t\t\t\t<\/div>\n\t\t\t\t<div class=\"elementor-element elementor-element-61daced5 elementor-align-center elementor-widget elementor-widget-button\" data-id=\"61daced5\" data-element_type=\"widget\" data-e-type=\"widget\" data-widget_type=\"button.default\">\n\t\t\t\t<div class=\"elementor-widget-container\">\n\t\t\t\t\t\t\t\t\t<div class=\"elementor-button-wrapper\">\n\t\t\t\t\t<a class=\"elementor-button elementor-button-link elementor-size-md\" href=\"mailto:order@switch-gmbh.de\" target=\"_blank\">\n\t\t\t\t\t\t<span class=\"elementor-button-content-wrapper\">\n\t\t\t\t\t\t<span class=\"elementor-button-icon\">\n\t\t\t\t<i aria-hidden=\"true\" class=\"fas fa-arrow-right\"><\/i>\t\t\t<\/span>\n\t\t\t\t\t\t\t\t\t<span class=\"elementor-button-text\">by e-mail<\/span>\n\t\t\t\t\t<\/span>\n\t\t\t\t\t<\/a>\n\t\t\t\t<\/div>\n\t\t\t\t\t\t\t\t<\/div>\n\t\t\t\t<\/div>\n\t\t\t\t<div class=\"elementor-element elementor-element-74a05e76 elementor-widget elementor-widget-text-editor\" data-id=\"74a05e76\" data-element_type=\"widget\" data-e-type=\"widget\" data-widget_type=\"text-editor.default\">\n\t\t\t\t<div class=\"elementor-widget-container\">\n\t\t\t\t\t\t\t\t\t<p style=\"text-align: center;\">You can order directly by e-mail: <a href=\"mailto:order@switch-gmbh.de\">order@switch-gmbh.de<\/a><\/p>\n<p style=\"text-align: center;\">If you have any questions, just give us a call: <a href=\"tel:+4951161659600\"><strong>0511 616 59 60-0<\/strong><\/a> <br>or send an e-mail to: <a href=\"mailto:info@switch-gmbh.de\">info@switch-gmbh.de.<\/a><\/p>\n<p style=\"text-align: center;\">We will be happy to advise you.<\/p>\t\t\t\t\t\t\t\t<\/div>\n\t\t\t\t<\/div>\n\t\t\t\t<\/div>\n\t\t\t\t\t<\/div>\n\t\t\t\t<\/div>\n\t\t\t\t<\/div>\n\t\t","protected":false},"excerpt":{"rendered":"<p>Advice and individualization Professional advice for LED strip lighting and industrial control components Are you looking for the right solution for your project, but need support with product selection? We are happy to help you! With our many years of experience in the planning and application of LED strip lighting and industrial components for elevators, [&hellip;]<\/p>\n","protected":false},"author":1,"featured_media":0,"parent":0,"menu_order":0,"comment_status":"closed","ping_status":"closed","template":"","meta":{"footnotes":""},"class_list":["post-2404","page","type-page","status-publish","hentry"],"yoast_head":"<!-- This site is optimized with the Yoast SEO Premium plugin v26.6 (Yoast SEO v27.4) - https:\/\/yoast.com\/product\/yoast-seo-premium-wordpress\/ -->\n<title>Advice and individualization - Switch GmbH | Electrical solutions for elevators and conveyor systems | Isernhagen<\/title>\n<meta name=\"description\" content=\"Discover individual LED solutions and industrial components with technical advice for your specific requirements.\" \/>\n<meta name=\"robots\" content=\"index, follow, max-snippet:-1, max-image-preview:large, max-video-preview:-1\" \/>\n<link rel=\"canonical\" href=\"https:\/\/switch-gmbh.de\/en\/consulting-and-customizing\/\" \/>\n<meta property=\"og:locale\" content=\"en_US\" \/>\n<meta property=\"og:type\" content=\"article\" \/>\n<meta property=\"og:title\" content=\"Advice and individualization\" \/>\n<meta property=\"og:description\" content=\"Discover individual LED solutions and industrial components with technical advice for your specific requirements.\" \/>\n<meta property=\"og:url\" content=\"https:\/\/switch-gmbh.de\/en\/consulting-and-customizing\/\" \/>\n<meta property=\"og:site_name\" content=\"Switch GmbH | Electrical solutions for elevators and conveyor systems | Isernhagen\" \/>\n<meta property=\"article:publisher\" content=\"https:\/\/www.facebook.com\/switchgmbh\" \/>\n<meta property=\"article:modified_time\" content=\"2025-06-17T12:24:59+00:00\" \/>\n<meta name=\"twitter:card\" content=\"summary_large_image\" \/>\n<meta name=\"twitter:label1\" content=\"Est. reading time\" \/>\n\t<meta name=\"twitter:data1\" content=\"2 minutes\" \/>\n<script type=\"application\/ld+json\" class=\"yoast-schema-graph\">{\"@context\":\"https:\\\/\\\/schema.org\",\"@graph\":[{\"@type\":\"WebPage\",\"@id\":\"https:\\\/\\\/switch-gmbh.de\\\/en\\\/consulting-and-customizing\\\/\",\"url\":\"https:\\\/\\\/switch-gmbh.de\\\/en\\\/consulting-and-customizing\\\/\",\"name\":\"Advice and individualization - Switch GmbH | Electrical solutions for elevators and conveyor systems | Isernhagen\",\"isPartOf\":{\"@id\":\"https:\\\/\\\/switch-gmbh.de\\\/en\\\/#website\"},\"datePublished\":\"2023-12-03T16:58:33+00:00\",\"dateModified\":\"2025-06-17T12:24:59+00:00\",\"description\":\"Discover individual LED solutions and industrial components with technical advice for your specific requirements.\",\"breadcrumb\":{\"@id\":\"https:\\\/\\\/switch-gmbh.de\\\/en\\\/consulting-and-customizing\\\/#breadcrumb\"},\"inLanguage\":\"en-US\",\"potentialAction\":[{\"@type\":\"ReadAction\",\"target\":[\"https:\\\/\\\/switch-gmbh.de\\\/en\\\/consulting-and-customizing\\\/\"]}]},{\"@type\":\"BreadcrumbList\",\"@id\":\"https:\\\/\\\/switch-gmbh.de\\\/en\\\/consulting-and-customizing\\\/#breadcrumb\",\"itemListElement\":[{\"@type\":\"ListItem\",\"position\":1,\"name\":\"Home page\",\"item\":\"https:\\\/\\\/switch-gmbh.de\\\/en\\\/\"},{\"@type\":\"ListItem\",\"position\":2,\"name\":\"Advice and individualization\"}]},{\"@type\":\"WebSite\",\"@id\":\"https:\\\/\\\/switch-gmbh.de\\\/en\\\/#website\",\"url\":\"https:\\\/\\\/switch-gmbh.de\\\/en\\\/\",\"name\":\"Switch GmbH\",\"description\":\"Elektrische L\u00f6sungen f\u00fcr Aufz\u00fcge und F\u00f6rderanlagen | Isernhagen\",\"publisher\":{\"@id\":\"https:\\\/\\\/switch-gmbh.de\\\/en\\\/#organization\"},\"potentialAction\":[{\"@type\":\"SearchAction\",\"target\":{\"@type\":\"EntryPoint\",\"urlTemplate\":\"https:\\\/\\\/switch-gmbh.de\\\/en\\\/?s={search_term_string}\"},\"query-input\":{\"@type\":\"PropertyValueSpecification\",\"valueRequired\":true,\"valueName\":\"search_term_string\"}}],\"inLanguage\":\"en-US\"},{\"@type\":\"Organization\",\"@id\":\"https:\\\/\\\/switch-gmbh.de\\\/en\\\/#organization\",\"name\":\"Switch GmbH\",\"url\":\"https:\\\/\\\/switch-gmbh.de\\\/en\\\/\",\"logo\":{\"@type\":\"ImageObject\",\"inLanguage\":\"en-US\",\"@id\":\"https:\\\/\\\/switch-gmbh.de\\\/en\\\/#\\\/schema\\\/logo\\\/image\\\/\",\"url\":\"https:\\\/\\\/switch-gmbh.de\\\/wp-content\\\/uploads\\\/2023\\\/10\\\/cropped-Switch_Logo2_DreieckRGS_RGB.webp\",\"contentUrl\":\"https:\\\/\\\/switch-gmbh.de\\\/wp-content\\\/uploads\\\/2023\\\/10\\\/cropped-Switch_Logo2_DreieckRGS_RGB.webp\",\"width\":1232,\"height\":468,\"caption\":\"Switch GmbH\"},\"image\":{\"@id\":\"https:\\\/\\\/switch-gmbh.de\\\/en\\\/#\\\/schema\\\/logo\\\/image\\\/\"},\"sameAs\":[\"https:\\\/\\\/www.facebook.com\\\/switchgmbh\",\"https:\\\/\\\/www.linkedin.com\\\/company\\\/switchgmbh\"]}]}<\/script>\n<!-- \/ Yoast SEO Premium plugin. -->","yoast_head_json":{"title":"Advice and individualization - Switch GmbH | Electrical solutions for elevators and conveyor systems | Isernhagen","description":"Discover individual LED solutions and industrial components with technical advice for your specific requirements.","robots":{"index":"index","follow":"follow","max-snippet":"max-snippet:-1","max-image-preview":"max-image-preview:large","max-video-preview":"max-video-preview:-1"},"canonical":"https:\/\/switch-gmbh.de\/en\/consulting-and-customizing\/","og_locale":"en_US","og_type":"article","og_title":"Advice and individualization","og_description":"Discover individual LED solutions and industrial components with technical advice for your specific requirements.","og_url":"https:\/\/switch-gmbh.de\/en\/consulting-and-customizing\/","og_site_name":"Switch GmbH | Electrical solutions for elevators and conveyor systems | Isernhagen","article_publisher":"https:\/\/www.facebook.com\/switchgmbh","article_modified_time":"2025-06-17T12:24:59+00:00","twitter_card":"summary_large_image","twitter_misc":{"Est. reading time":"2 minutes"},"schema":{"@context":"https:\/\/schema.org","@graph":[{"@type":"WebPage","@id":"https:\/\/switch-gmbh.de\/en\/consulting-and-customizing\/","url":"https:\/\/switch-gmbh.de\/en\/consulting-and-customizing\/","name":"Advice and individualization - Switch GmbH | Electrical solutions for elevators and conveyor systems | Isernhagen","isPartOf":{"@id":"https:\/\/switch-gmbh.de\/en\/#website"},"datePublished":"2023-12-03T16:58:33+00:00","dateModified":"2025-06-17T12:24:59+00:00","description":"Discover individual LED solutions and industrial components with technical advice for your specific requirements.","breadcrumb":{"@id":"https:\/\/switch-gmbh.de\/en\/consulting-and-customizing\/#breadcrumb"},"inLanguage":"en-US","potentialAction":[{"@type":"ReadAction","target":["https:\/\/switch-gmbh.de\/en\/consulting-and-customizing\/"]}]},{"@type":"BreadcrumbList","@id":"https:\/\/switch-gmbh.de\/en\/consulting-and-customizing\/#breadcrumb","itemListElement":[{"@type":"ListItem","position":1,"name":"Home page","item":"https:\/\/switch-gmbh.de\/en\/"},{"@type":"ListItem","position":2,"name":"Advice and individualization"}]},{"@type":"WebSite","@id":"https:\/\/switch-gmbh.de\/en\/#website","url":"https:\/\/switch-gmbh.de\/en\/","name":"Switch GmbH","description":"Elektrische L\u00f6sungen f\u00fcr Aufz\u00fcge und F\u00f6rderanlagen | Isernhagen","publisher":{"@id":"https:\/\/switch-gmbh.de\/en\/#organization"},"potentialAction":[{"@type":"SearchAction","target":{"@type":"EntryPoint","urlTemplate":"https:\/\/switch-gmbh.de\/en\/?s={search_term_string}"},"query-input":{"@type":"PropertyValueSpecification","valueRequired":true,"valueName":"search_term_string"}}],"inLanguage":"en-US"},{"@type":"Organization","@id":"https:\/\/switch-gmbh.de\/en\/#organization","name":"Switch GmbH","url":"https:\/\/switch-gmbh.de\/en\/","logo":{"@type":"ImageObject","inLanguage":"en-US","@id":"https:\/\/switch-gmbh.de\/en\/#\/schema\/logo\/image\/","url":"https:\/\/switch-gmbh.de\/wp-content\/uploads\/2023\/10\/cropped-Switch_Logo2_DreieckRGS_RGB.webp","contentUrl":"https:\/\/switch-gmbh.de\/wp-content\/uploads\/2023\/10\/cropped-Switch_Logo2_DreieckRGS_RGB.webp","width":1232,"height":468,"caption":"Switch GmbH"},"image":{"@id":"https:\/\/switch-gmbh.de\/en\/#\/schema\/logo\/image\/"},"sameAs":["https:\/\/www.facebook.com\/switchgmbh","https:\/\/www.linkedin.com\/company\/switchgmbh"]}]}},"_links":{"self":[{"href":"https:\/\/switch-gmbh.de\/en\/wp-json\/wp\/v2\/pages\/2404","targetHints":{"allow":["GET"]}}],"collection":[{"href":"https:\/\/switch-gmbh.de\/en\/wp-json\/wp\/v2\/pages"}],"about":[{"href":"https:\/\/switch-gmbh.de\/en\/wp-json\/wp\/v2\/types\/page"}],"author":[{"embeddable":true,"href":"https:\/\/switch-gmbh.de\/en\/wp-json\/wp\/v2\/users\/1"}],"replies":[{"embeddable":true,"href":"https:\/\/switch-gmbh.de\/en\/wp-json\/wp\/v2\/comments?post=2404"}],"version-history":[{"count":0,"href":"https:\/\/switch-gmbh.de\/en\/wp-json\/wp\/v2\/pages\/2404\/revisions"}],"wp:attachment":[{"href":"https:\/\/switch-gmbh.de\/en\/wp-json\/wp\/v2\/media?parent=2404"}],"curies":[{"name":"wp","href":"https:\/\/api.w.org\/{rel}","templated":true}]}}