{"id":2395,"date":"2024-06-10T20:50:43","date_gmt":"2024-06-10T18:50:43","guid":{"rendered":"https:\/\/regiopress.switch-gmbh.de\/events\/"},"modified":"2025-05-23T16:47:40","modified_gmt":"2025-05-23T14:47:40","slug":"events","status":"publish","type":"page","link":"https:\/\/switch-gmbh.de\/en\/events\/","title":{"rendered":"events"},"content":{"rendered":"\t\t<div data-elementor-type=\"wp-page\" data-elementor-id=\"2395\" class=\"elementor elementor-2395 elementor-2046\" data-elementor-post-type=\"page\">\n\t\t\t\t<div class=\"elementor-element elementor-element-60fce577 e-flex e-con-boxed e-con e-parent\" data-id=\"60fce577\" data-element_type=\"container\" data-e-type=\"container\" data-settings=\"{&quot;background_background&quot;:&quot;classic&quot;}\">\n\t\t\t\t\t<div class=\"e-con-inner\">\n\t\t\t\t<div class=\"elementor-element elementor-element-e52a2e elementor-widget elementor-widget-heading\" data-id=\"e52a2e\" data-element_type=\"widget\" data-e-type=\"widget\" data-widget_type=\"heading.default\">\n\t\t\t\t<div class=\"elementor-widget-container\">\n\t\t\t\t\t<h1 class=\"elementor-heading-title elementor-size-default\">Mobile lighting for events<\/h1>\t\t\t\t<\/div>\n\t\t\t\t<\/div>\n\t\t\t\t\t<\/div>\n\t\t\t\t<\/div>\n\t\t<div class=\"elementor-element elementor-element-71746386 e-flex e-con-boxed e-con e-parent\" data-id=\"71746386\" data-element_type=\"container\" data-e-type=\"container\">\n\t\t\t\t\t<div class=\"e-con-inner\">\n\t\t<div class=\"elementor-element elementor-element-e3fae3e e-con-full e-flex e-con e-child\" data-id=\"e3fae3e\" data-element_type=\"container\" data-e-type=\"container\">\n\t\t\t\t<div class=\"elementor-element elementor-element-259a19e5 elementor-widget elementor-widget-text-editor\" data-id=\"259a19e5\" data-element_type=\"widget\" data-e-type=\"widget\" data-widget_type=\"text-editor.default\">\n\t\t\t\t<div class=\"elementor-widget-container\">\n\t\t\t\t\t\t\t\t\t<p>With <a href=\"http:\/\/regiopress.switch-gmbh.de\/flexblue\/\"><strong>FLEXblue<\/strong><\/a> you can illuminate your paths or construction site quickly and easily. The system has a modular design and can be installed without a qualified electrician. With <a href=\"http:\/\/regiopress.switch-gmbh.de\/flexblue\/\"><strong>FLEXblue<\/strong><\/a> up to 100m of continuous line can be operated on one connection box. The segments can be assembled to suit your application.   <\/p>\t\t\t\t\t\t\t\t<\/div>\n\t\t\t\t<\/div>\n\t\t\t\t<\/div>\n\t\t<div class=\"elementor-element elementor-element-7e22e42e e-con-full e-flex e-con e-child\" data-id=\"7e22e42e\" data-element_type=\"container\" data-e-type=\"container\">\n\t\t\t\t<div class=\"elementor-element elementor-element-19a9132 elementor-widget elementor-widget-image\" data-id=\"19a9132\" data-element_type=\"widget\" data-e-type=\"widget\" data-widget_type=\"image.default\">\n\t\t\t\t<div class=\"elementor-widget-container\">\n\t\t\t\t\t\t\t\t\t\t\t\t\t\t\t\t<a href=\"http:\/\/regiopress.switch-gmbh.de\/wp-content\/uploads\/2023\/12\/Baustelle-1-1.jpg\" data-elementor-open-lightbox=\"yes\" data-elementor-lightbox-title=\"Baustelle-1-1\" data-e-action-hash=\"#elementor-action%3Aaction%3Dlightbox%26settings%3DeyJpZCI6MTQ0MywidXJsIjoiaHR0cHM6XC9cL3N3aXRjaC1nbWJoLmRlXC93cC1jb250ZW50XC91cGxvYWRzXC8yMDIzXC8xMlwvQmF1c3RlbGxlLTEtMS5qcGcifQ%3D%3D\">\n\t\t\t\t\t\t\t<img fetchpriority=\"high\" decoding=\"async\" width=\"1800\" height=\"1015\" src=\"https:\/\/switch-gmbh.de\/wp-content\/uploads\/2023\/12\/Baustelle-1-1.jpg\" class=\"attachment-full size-full wp-image-1443\" alt=\"\" srcset=\"https:\/\/switch-gmbh.de\/wp-content\/uploads\/2023\/12\/Baustelle-1-1.jpg 1800w, https:\/\/switch-gmbh.de\/wp-content\/uploads\/2023\/12\/Baustelle-1-1-300x169.jpg 300w, https:\/\/switch-gmbh.de\/wp-content\/uploads\/2023\/12\/Baustelle-1-1-1024x577.jpg 1024w, https:\/\/switch-gmbh.de\/wp-content\/uploads\/2023\/12\/Baustelle-1-1-768x433.jpg 768w, https:\/\/switch-gmbh.de\/wp-content\/uploads\/2023\/12\/Baustelle-1-1-1536x866.jpg 1536w\" sizes=\"(max-width: 1800px) 100vw, 1800px\" \/>\t\t\t\t\t\t\t\t<\/a>\n\t\t\t\t\t\t\t\t\t\t\t\t\t\t\t<\/div>\n\t\t\t\t<\/div>\n\t\t\t\t<\/div>\n\t\t\t\t\t<\/div>\n\t\t\t\t<\/div>\n\t\t<div class=\"elementor-element elementor-element-2aef52df e-flex e-con-boxed e-con e-parent\" data-id=\"2aef52df\" data-element_type=\"container\" data-e-type=\"container\" data-settings=\"{&quot;background_background&quot;:&quot;classic&quot;}\">\n\t\t\t\t\t<div class=\"e-con-inner\">\n\t\t<div class=\"elementor-element elementor-element-7d826a03 e-con-full e-flex e-con e-child\" data-id=\"7d826a03\" data-element_type=\"container\" data-e-type=\"container\">\n\t\t\t\t<div class=\"elementor-element elementor-element-5a81791 elementor-widget elementor-widget-gallery\" data-id=\"5a81791\" data-element_type=\"widget\" data-e-type=\"widget\" data-settings=\"{&quot;gallery_layout&quot;:&quot;masonry&quot;,&quot;columns&quot;:2,&quot;lazyload&quot;:&quot;yes&quot;,&quot;columns_tablet&quot;:2,&quot;columns_mobile&quot;:1,&quot;gap&quot;:{&quot;unit&quot;:&quot;px&quot;,&quot;size&quot;:10,&quot;sizes&quot;:[]},&quot;gap_tablet&quot;:{&quot;unit&quot;:&quot;px&quot;,&quot;size&quot;:10,&quot;sizes&quot;:[]},&quot;gap_mobile&quot;:{&quot;unit&quot;:&quot;px&quot;,&quot;size&quot;:10,&quot;sizes&quot;:[]},&quot;link_to&quot;:&quot;file&quot;,&quot;overlay_background&quot;:&quot;yes&quot;,&quot;content_hover_animation&quot;:&quot;fade-in&quot;}\" data-widget_type=\"gallery.default\">\n\t\t\t\t<div class=\"elementor-widget-container\">\n\t\t\t\t\t\t\t<div class=\"elementor-gallery__container\">\n\t\t\t\t\t\t\t<a class=\"e-gallery-item elementor-gallery-item elementor-animated-content\" href=\"https:\/\/switch-gmbh.de\/wp-content\/uploads\/2023\/12\/Baustelle-2-1.jpg\" data-elementor-open-lightbox=\"yes\" data-elementor-lightbox-slideshow=\"5a81791\" data-elementor-lightbox-title=\"Switch - Anwendung - FLEXbue Baustelle 2-1\" data-elementor-lightbox-description=\"Switch - Anwendung - FLEXbue Baustelle 2-1\" data-e-action-hash=\"#elementor-action%3Aaction%3Dlightbox%26settings%3DeyJpZCI6MTQ0NCwidXJsIjoiaHR0cHM6XC9cL3N3aXRjaC1nbWJoLmRlXC93cC1jb250ZW50XC91cGxvYWRzXC8yMDIzXC8xMlwvQmF1c3RlbGxlLTItMS5qcGciLCJzbGlkZXNob3ciOiI1YTgxNzkxIn0%3D\">\n\t\t\t\t\t<div class=\"e-gallery-image elementor-gallery-item__image\" data-thumbnail=\"https:\/\/switch-gmbh.de\/wp-content\/uploads\/2023\/12\/Baustelle-2-1.jpg\" data-width=\"1350\" data-height=\"1800\" aria-label=\"Switch - Anwendung - FLEXbue Baustelle 2-1\" role=\"img\" ><\/div>\n\t\t\t\t\t\t\t\t\t\t\t<div class=\"elementor-gallery-item__overlay\"><\/div>\n\t\t\t\t\t\t\t\t\t\t\t\t\t\t<\/a>\n\t\t\t\t\t\t\t<a class=\"e-gallery-item elementor-gallery-item elementor-animated-content\" href=\"https:\/\/switch-gmbh.de\/wp-content\/uploads\/2023\/12\/Baustelle-2-3.jpg\" data-elementor-open-lightbox=\"yes\" data-elementor-lightbox-slideshow=\"5a81791\" data-elementor-lightbox-title=\"Switch - Anwendung - FLEXbue Baustelle 2-3\" data-elementor-lightbox-description=\"Switch - Anwendung - FLEXbue Baustelle 2-3\" data-e-action-hash=\"#elementor-action%3Aaction%3Dlightbox%26settings%3DeyJpZCI6MTQ0MCwidXJsIjoiaHR0cHM6XC9cL3N3aXRjaC1nbWJoLmRlXC93cC1jb250ZW50XC91cGxvYWRzXC8yMDIzXC8xMlwvQmF1c3RlbGxlLTItMy5qcGciLCJzbGlkZXNob3ciOiI1YTgxNzkxIn0%3D\">\n\t\t\t\t\t<div class=\"e-gallery-image elementor-gallery-item__image\" data-thumbnail=\"https:\/\/switch-gmbh.de\/wp-content\/uploads\/2023\/12\/Baustelle-2-3.jpg\" data-width=\"1800\" data-height=\"1158\" aria-label=\"Switch - Anwendung - FLEXbue Baustelle 2-3\" role=\"img\" ><\/div>\n\t\t\t\t\t\t\t\t\t\t\t<div class=\"elementor-gallery-item__overlay\"><\/div>\n\t\t\t\t\t\t\t\t\t\t\t\t\t\t<\/a>\n\t\t\t\t\t\t\t<a class=\"e-gallery-item elementor-gallery-item elementor-animated-content\" href=\"https:\/\/switch-gmbh.de\/wp-content\/uploads\/2023\/12\/Baustelle-2-2.jpg\" data-elementor-open-lightbox=\"yes\" data-elementor-lightbox-slideshow=\"5a81791\" data-elementor-lightbox-title=\"Switch - Anwendung - FLEXbue Baustelle 2-2\" data-elementor-lightbox-description=\"Switch - Anwendung - FLEXbue Baustelle 2-2\" data-e-action-hash=\"#elementor-action%3Aaction%3Dlightbox%26settings%3DeyJpZCI6MTQzOCwidXJsIjoiaHR0cHM6XC9cL3N3aXRjaC1nbWJoLmRlXC93cC1jb250ZW50XC91cGxvYWRzXC8yMDIzXC8xMlwvQmF1c3RlbGxlLTItMi5qcGciLCJzbGlkZXNob3ciOiI1YTgxNzkxIn0%3D\">\n\t\t\t\t\t<div class=\"e-gallery-image elementor-gallery-item__image\" data-thumbnail=\"https:\/\/switch-gmbh.de\/wp-content\/uploads\/2023\/12\/Baustelle-2-2.jpg\" data-width=\"1800\" data-height=\"1283\" aria-label=\"Switch - Anwendung - FLEXbue Baustelle 2-2\" role=\"img\" ><\/div>\n\t\t\t\t\t\t\t\t\t\t\t<div class=\"elementor-gallery-item__overlay\"><\/div>\n\t\t\t\t\t\t\t\t\t\t\t\t\t\t<\/a>\n\t\t\t\t\t<\/div>\n\t\t\t\t\t<\/div>\n\t\t\t\t<\/div>\n\t\t\t\t<\/div>\n\t\t<div class=\"elementor-element elementor-element-69e09ff4 e-con-full e-flex e-con e-child\" data-id=\"69e09ff4\" data-element_type=\"container\" data-e-type=\"container\">\n\t\t\t\t<div class=\"elementor-element elementor-element-24cca6bc elementor-widget elementor-widget-text-editor\" data-id=\"24cca6bc\" data-element_type=\"widget\" data-e-type=\"widget\" data-widget_type=\"text-editor.default\">\n\t\t\t\t<div class=\"elementor-widget-container\">\n\t\t\t\t\t\t\t\t\t<p>Especially for escape routes and on construction sites <a href=\"http:\/\/regiopress.switch-gmbh.de\/flexblue\/\"><strong>FLEXblue+<\/strong><\/a> offers an integration of emergency lighting and standard lighting. With our lighting control system, you have a plug-and-play device that can be put into operation quickly and easily. <\/p>\t\t\t\t\t\t\t\t<\/div>\n\t\t\t\t<\/div>\n\t\t\t\t<\/div>\n\t\t\t\t\t<\/div>\n\t\t\t\t<\/div>\n\t\t<div class=\"elementor-element elementor-element-226d1863 e-flex e-con-boxed e-con e-parent\" data-id=\"226d1863\" data-element_type=\"container\" data-e-type=\"container\" data-settings=\"{&quot;background_background&quot;:&quot;classic&quot;}\">\n\t\t\t\t\t<div class=\"e-con-inner\">\n\t\t<div class=\"elementor-element elementor-element-75551d4d e-con-full e-grid e-con e-child\" data-id=\"75551d4d\" data-element_type=\"container\" data-e-type=\"container\">\n\t\t\t\t<div class=\"elementor-element elementor-element-412f95b6 elementor-widget elementor-widget-text-editor\" data-id=\"412f95b6\" data-element_type=\"widget\" data-e-type=\"widget\" data-widget_type=\"text-editor.default\">\n\t\t\t\t<div class=\"elementor-widget-container\">\n\t\t\t\t\t\t\t\t\t<p>Here you can find more<br>information and data sheets<\/p>\t\t\t\t\t\t\t\t<\/div>\n\t\t\t\t<\/div>\n\t\t\t\t<div class=\"elementor-element elementor-element-53115faf elementor-widget elementor-widget-button\" data-id=\"53115faf\" data-element_type=\"widget\" data-e-type=\"widget\" data-widget_type=\"button.default\">\n\t\t\t\t<div class=\"elementor-widget-container\">\n\t\t\t\t\t\t\t\t\t<div class=\"elementor-button-wrapper\">\n\t\t\t\t\t<a class=\"elementor-button elementor-button-link elementor-size-md\" href=\"https:\/\/switch-gmbh.de\/en\/flexblue\/\" target=\"_blank\">\n\t\t\t\t\t\t<span class=\"elementor-button-content-wrapper\">\n\t\t\t\t\t\t<span class=\"elementor-button-icon\">\n\t\t\t\t<i aria-hidden=\"true\" class=\"fas fa-arrow-right\"><\/i>\t\t\t<\/span>\n\t\t\t\t\t\t\t\t\t<span class=\"elementor-button-text\">The \"+\" in safety: FLEXblue+<\/span>\n\t\t\t\t\t<\/span>\n\t\t\t\t\t<\/a>\n\t\t\t\t<\/div>\n\t\t\t\t\t\t\t\t<\/div>\n\t\t\t\t<\/div>\n\t\t\t\t<div class=\"elementor-element elementor-element-3bf6b64e elementor-widget elementor-widget-button\" data-id=\"3bf6b64e\" data-element_type=\"widget\" data-e-type=\"widget\" data-widget_type=\"button.default\">\n\t\t\t\t<div class=\"elementor-widget-container\">\n\t\t\t\t\t\t\t\t\t<div class=\"elementor-button-wrapper\">\n\t\t\t\t\t<a class=\"elementor-button elementor-button-link elementor-size-md\" href=\"https:\/\/switch-gmbh.de\/en\/flexblue-2\/\" target=\"_blank\">\n\t\t\t\t\t\t<span class=\"elementor-button-content-wrapper\">\n\t\t\t\t\t\t<span class=\"elementor-button-icon\">\n\t\t\t\t<i aria-hidden=\"true\" class=\"fas fa-arrow-right\"><\/i>\t\t\t<\/span>\n\t\t\t\t\t\t\t\t\t<span class=\"elementor-button-text\">Our standard: FLEXblue<\/span>\n\t\t\t\t\t<\/span>\n\t\t\t\t\t<\/a>\n\t\t\t\t<\/div>\n\t\t\t\t\t\t\t\t<\/div>\n\t\t\t\t<\/div>\n\t\t\t\t<\/div>\n\t\t\t\t\t<\/div>\n\t\t\t\t<\/div>\n\t\t<div class=\"elementor-element elementor-element-2f1a800 e-flex e-con-boxed e-con e-parent\" data-id=\"2f1a800\" data-element_type=\"container\" data-e-type=\"container\" data-settings=\"{&quot;background_background&quot;:&quot;classic&quot;}\">\n\t\t\t\t\t<div class=\"e-con-inner\">\n\t\t<div class=\"elementor-element elementor-element-3daaf5f e-con-full e-flex e-con e-child\" data-id=\"3daaf5f\" data-element_type=\"container\" data-e-type=\"container\">\n\t\t\t\t<div class=\"elementor-element elementor-element-08a51ec elementor-widget elementor-widget-heading\" data-id=\"08a51ec\" data-element_type=\"widget\" data-e-type=\"widget\" data-widget_type=\"heading.default\">\n\t\t\t\t<div class=\"elementor-widget-container\">\n\t\t\t\t\t<h2 class=\"elementor-heading-title elementor-size-default\">Order<\/h2>\t\t\t\t<\/div>\n\t\t\t\t<\/div>\n\t\t\t\t<div class=\"elementor-element elementor-element-bd61b4c elementor-align-center elementor-widget elementor-widget-button\" data-id=\"bd61b4c\" data-element_type=\"widget\" data-e-type=\"widget\" data-widget_type=\"button.default\">\n\t\t\t\t<div class=\"elementor-widget-container\">\n\t\t\t\t\t\t\t\t\t<div class=\"elementor-button-wrapper\">\n\t\t\t\t\t<a class=\"elementor-button elementor-button-link elementor-size-md\" href=\"mailto:order@switch-gmbh.de\" target=\"_blank\">\n\t\t\t\t\t\t<span class=\"elementor-button-content-wrapper\">\n\t\t\t\t\t\t<span class=\"elementor-button-icon\">\n\t\t\t\t<i aria-hidden=\"true\" class=\"fas fa-arrow-right\"><\/i>\t\t\t<\/span>\n\t\t\t\t\t\t\t\t\t<span class=\"elementor-button-text\">by e-mail<\/span>\n\t\t\t\t\t<\/span>\n\t\t\t\t\t<\/a>\n\t\t\t\t<\/div>\n\t\t\t\t\t\t\t\t<\/div>\n\t\t\t\t<\/div>\n\t\t\t\t<div class=\"elementor-element elementor-element-d4c95bc elementor-widget elementor-widget-text-editor\" data-id=\"d4c95bc\" data-element_type=\"widget\" data-e-type=\"widget\" data-widget_type=\"text-editor.default\">\n\t\t\t\t<div class=\"elementor-widget-container\">\n\t\t\t\t\t\t\t\t\t<p style=\"text-align: center;\">You can order directly by e-mail: <a href=\"mailto:order@switch-gmbh.de\">order@switch-gmbh.de<\/a><\/p><p style=\"text-align: center;\">If you have any further questions, just give us a call: <a href=\"tel:+4951161659600\"><strong>0511 616 59 60-0<\/strong><\/a> <br>or send an e-mail to: <a href=\"mailto:info@switch-gmbh.de\">info@switch-gmbh.de.<\/a><\/p><p style=\"text-align: center;\">We will be happy to advise you.<\/p>\t\t\t\t\t\t\t\t<\/div>\n\t\t\t\t<\/div>\n\t\t\t\t<\/div>\n\t\t\t\t\t<\/div>\n\t\t\t\t<\/div>\n\t\t\t\t<\/div>\n\t\t","protected":false},"excerpt":{"rendered":"<p>Mobile lighting for events With FLEXblue you can illuminate your paths or construction site quickly and easily. The system has a modular design and can be installed without a qualified electrician. With FLEXblue up to 100m of continuous line can be operated on one connection box. The segments can be assembled to suit your application. [&hellip;]<\/p>\n","protected":false},"author":1,"featured_media":0,"parent":0,"menu_order":0,"comment_status":"closed","ping_status":"closed","template":"","meta":{"footnotes":""},"class_list":["post-2395","page","type-page","status-publish","hentry"],"yoast_head":"<!-- This site is optimized with the Yoast SEO Premium plugin v26.6 (Yoast SEO v27.3) - https:\/\/yoast.com\/product\/yoast-seo-premium-wordpress\/ -->\n<title>events - Switch GmbH | Electrical solutions for elevators and conveyor systems | Isernhagen<\/title>\n<meta name=\"description\" content=\"Discover mobile LED lighting solutions for events - flexible, energy-efficient and powerful. Switch makes your event perfectly illuminated.\" \/>\n<meta name=\"robots\" content=\"index, follow, max-snippet:-1, max-image-preview:large, max-video-preview:-1\" \/>\n<link rel=\"canonical\" href=\"https:\/\/switch-gmbh.de\/en\/events\/\" \/>\n<meta property=\"og:locale\" content=\"en_US\" \/>\n<meta property=\"og:type\" content=\"article\" \/>\n<meta property=\"og:title\" content=\"events\" \/>\n<meta property=\"og:description\" content=\"Discover mobile LED lighting solutions for events - flexible, energy-efficient and powerful. Switch makes your event perfectly illuminated.\" \/>\n<meta property=\"og:url\" content=\"https:\/\/switch-gmbh.de\/en\/events\/\" \/>\n<meta property=\"og:site_name\" content=\"Switch GmbH | Electrical solutions for elevators and conveyor systems | Isernhagen\" \/>\n<meta property=\"article:publisher\" content=\"https:\/\/www.facebook.com\/switchgmbh\" \/>\n<meta property=\"article:modified_time\" content=\"2025-05-23T14:47:40+00:00\" \/>\n<meta property=\"og:image\" content=\"https:\/\/switch-gmbh.de\/wp-content\/uploads\/2023\/12\/Baustelle-1-1.jpg\" \/>\n\t<meta property=\"og:image:width\" content=\"1800\" \/>\n\t<meta property=\"og:image:height\" content=\"1015\" \/>\n\t<meta property=\"og:image:type\" content=\"image\/jpeg\" \/>\n<meta name=\"twitter:card\" content=\"summary_large_image\" \/>\n<meta name=\"twitter:label1\" content=\"Est. reading time\" \/>\n\t<meta name=\"twitter:data1\" content=\"1 minute\" \/>\n<script type=\"application\/ld+json\" class=\"yoast-schema-graph\">{\"@context\":\"https:\\\/\\\/schema.org\",\"@graph\":[{\"@type\":\"WebPage\",\"@id\":\"https:\\\/\\\/switch-gmbh.de\\\/en\\\/events\\\/\",\"url\":\"https:\\\/\\\/switch-gmbh.de\\\/en\\\/events\\\/\",\"name\":\"events - Switch GmbH | Electrical solutions for elevators and conveyor systems | Isernhagen\",\"isPartOf\":{\"@id\":\"https:\\\/\\\/switch-gmbh.de\\\/en\\\/#website\"},\"primaryImageOfPage\":{\"@id\":\"https:\\\/\\\/switch-gmbh.de\\\/en\\\/events\\\/#primaryimage\"},\"image\":{\"@id\":\"https:\\\/\\\/switch-gmbh.de\\\/en\\\/events\\\/#primaryimage\"},\"thumbnailUrl\":\"https:\\\/\\\/switch-gmbh.de\\\/wp-content\\\/uploads\\\/2023\\\/12\\\/Baustelle-1-1.jpg\",\"datePublished\":\"2024-06-10T18:50:43+00:00\",\"dateModified\":\"2025-05-23T14:47:40+00:00\",\"description\":\"Discover mobile LED lighting solutions for events - flexible, energy-efficient and powerful. Switch makes your event perfectly illuminated.\",\"breadcrumb\":{\"@id\":\"https:\\\/\\\/switch-gmbh.de\\\/en\\\/events\\\/#breadcrumb\"},\"inLanguage\":\"en-US\",\"potentialAction\":[{\"@type\":\"ReadAction\",\"target\":[\"https:\\\/\\\/switch-gmbh.de\\\/en\\\/events\\\/\"]}]},{\"@type\":\"ImageObject\",\"inLanguage\":\"en-US\",\"@id\":\"https:\\\/\\\/switch-gmbh.de\\\/en\\\/events\\\/#primaryimage\",\"url\":\"https:\\\/\\\/switch-gmbh.de\\\/wp-content\\\/uploads\\\/2023\\\/12\\\/Baustelle-1-1.jpg\",\"contentUrl\":\"https:\\\/\\\/switch-gmbh.de\\\/wp-content\\\/uploads\\\/2023\\\/12\\\/Baustelle-1-1.jpg\"},{\"@type\":\"BreadcrumbList\",\"@id\":\"https:\\\/\\\/switch-gmbh.de\\\/en\\\/events\\\/#breadcrumb\",\"itemListElement\":[{\"@type\":\"ListItem\",\"position\":1,\"name\":\"Home page\",\"item\":\"https:\\\/\\\/switch-gmbh.de\\\/en\\\/\"},{\"@type\":\"ListItem\",\"position\":2,\"name\":\"events\"}]},{\"@type\":\"WebSite\",\"@id\":\"https:\\\/\\\/switch-gmbh.de\\\/en\\\/#website\",\"url\":\"https:\\\/\\\/switch-gmbh.de\\\/en\\\/\",\"name\":\"Switch GmbH\",\"description\":\"Elektrische L\u00f6sungen f\u00fcr Aufz\u00fcge und F\u00f6rderanlagen | Isernhagen\",\"publisher\":{\"@id\":\"https:\\\/\\\/switch-gmbh.de\\\/en\\\/#organization\"},\"potentialAction\":[{\"@type\":\"SearchAction\",\"target\":{\"@type\":\"EntryPoint\",\"urlTemplate\":\"https:\\\/\\\/switch-gmbh.de\\\/en\\\/?s={search_term_string}\"},\"query-input\":{\"@type\":\"PropertyValueSpecification\",\"valueRequired\":true,\"valueName\":\"search_term_string\"}}],\"inLanguage\":\"en-US\"},{\"@type\":\"Organization\",\"@id\":\"https:\\\/\\\/switch-gmbh.de\\\/en\\\/#organization\",\"name\":\"Switch GmbH\",\"url\":\"https:\\\/\\\/switch-gmbh.de\\\/en\\\/\",\"logo\":{\"@type\":\"ImageObject\",\"inLanguage\":\"en-US\",\"@id\":\"https:\\\/\\\/switch-gmbh.de\\\/en\\\/#\\\/schema\\\/logo\\\/image\\\/\",\"url\":\"https:\\\/\\\/switch-gmbh.de\\\/wp-content\\\/uploads\\\/2023\\\/10\\\/cropped-Switch_Logo2_DreieckRGS_RGB.webp\",\"contentUrl\":\"https:\\\/\\\/switch-gmbh.de\\\/wp-content\\\/uploads\\\/2023\\\/10\\\/cropped-Switch_Logo2_DreieckRGS_RGB.webp\",\"width\":1232,\"height\":468,\"caption\":\"Switch GmbH\"},\"image\":{\"@id\":\"https:\\\/\\\/switch-gmbh.de\\\/en\\\/#\\\/schema\\\/logo\\\/image\\\/\"},\"sameAs\":[\"https:\\\/\\\/www.facebook.com\\\/switchgmbh\",\"https:\\\/\\\/www.linkedin.com\\\/company\\\/switchgmbh\"]}]}<\/script>\n<!-- \/ Yoast SEO Premium plugin. -->","yoast_head_json":{"title":"events - Switch GmbH | Electrical solutions for elevators and conveyor systems | Isernhagen","description":"Discover mobile LED lighting solutions for events - flexible, energy-efficient and powerful. Switch makes your event perfectly illuminated.","robots":{"index":"index","follow":"follow","max-snippet":"max-snippet:-1","max-image-preview":"max-image-preview:large","max-video-preview":"max-video-preview:-1"},"canonical":"https:\/\/switch-gmbh.de\/en\/events\/","og_locale":"en_US","og_type":"article","og_title":"events","og_description":"Discover mobile LED lighting solutions for events - flexible, energy-efficient and powerful. Switch makes your event perfectly illuminated.","og_url":"https:\/\/switch-gmbh.de\/en\/events\/","og_site_name":"Switch GmbH | Electrical solutions for elevators and conveyor systems | Isernhagen","article_publisher":"https:\/\/www.facebook.com\/switchgmbh","article_modified_time":"2025-05-23T14:47:40+00:00","og_image":[{"width":1800,"height":1015,"url":"https:\/\/switch-gmbh.de\/wp-content\/uploads\/2023\/12\/Baustelle-1-1.jpg","type":"image\/jpeg"}],"twitter_card":"summary_large_image","twitter_misc":{"Est. reading time":"1 minute"},"schema":{"@context":"https:\/\/schema.org","@graph":[{"@type":"WebPage","@id":"https:\/\/switch-gmbh.de\/en\/events\/","url":"https:\/\/switch-gmbh.de\/en\/events\/","name":"events - Switch GmbH | Electrical solutions for elevators and conveyor systems | Isernhagen","isPartOf":{"@id":"https:\/\/switch-gmbh.de\/en\/#website"},"primaryImageOfPage":{"@id":"https:\/\/switch-gmbh.de\/en\/events\/#primaryimage"},"image":{"@id":"https:\/\/switch-gmbh.de\/en\/events\/#primaryimage"},"thumbnailUrl":"https:\/\/switch-gmbh.de\/wp-content\/uploads\/2023\/12\/Baustelle-1-1.jpg","datePublished":"2024-06-10T18:50:43+00:00","dateModified":"2025-05-23T14:47:40+00:00","description":"Discover mobile LED lighting solutions for events - flexible, energy-efficient and powerful. Switch makes your event perfectly illuminated.","breadcrumb":{"@id":"https:\/\/switch-gmbh.de\/en\/events\/#breadcrumb"},"inLanguage":"en-US","potentialAction":[{"@type":"ReadAction","target":["https:\/\/switch-gmbh.de\/en\/events\/"]}]},{"@type":"ImageObject","inLanguage":"en-US","@id":"https:\/\/switch-gmbh.de\/en\/events\/#primaryimage","url":"https:\/\/switch-gmbh.de\/wp-content\/uploads\/2023\/12\/Baustelle-1-1.jpg","contentUrl":"https:\/\/switch-gmbh.de\/wp-content\/uploads\/2023\/12\/Baustelle-1-1.jpg"},{"@type":"BreadcrumbList","@id":"https:\/\/switch-gmbh.de\/en\/events\/#breadcrumb","itemListElement":[{"@type":"ListItem","position":1,"name":"Home page","item":"https:\/\/switch-gmbh.de\/en\/"},{"@type":"ListItem","position":2,"name":"events"}]},{"@type":"WebSite","@id":"https:\/\/switch-gmbh.de\/en\/#website","url":"https:\/\/switch-gmbh.de\/en\/","name":"Switch GmbH","description":"Elektrische L\u00f6sungen f\u00fcr Aufz\u00fcge und F\u00f6rderanlagen | Isernhagen","publisher":{"@id":"https:\/\/switch-gmbh.de\/en\/#organization"},"potentialAction":[{"@type":"SearchAction","target":{"@type":"EntryPoint","urlTemplate":"https:\/\/switch-gmbh.de\/en\/?s={search_term_string}"},"query-input":{"@type":"PropertyValueSpecification","valueRequired":true,"valueName":"search_term_string"}}],"inLanguage":"en-US"},{"@type":"Organization","@id":"https:\/\/switch-gmbh.de\/en\/#organization","name":"Switch GmbH","url":"https:\/\/switch-gmbh.de\/en\/","logo":{"@type":"ImageObject","inLanguage":"en-US","@id":"https:\/\/switch-gmbh.de\/en\/#\/schema\/logo\/image\/","url":"https:\/\/switch-gmbh.de\/wp-content\/uploads\/2023\/10\/cropped-Switch_Logo2_DreieckRGS_RGB.webp","contentUrl":"https:\/\/switch-gmbh.de\/wp-content\/uploads\/2023\/10\/cropped-Switch_Logo2_DreieckRGS_RGB.webp","width":1232,"height":468,"caption":"Switch GmbH"},"image":{"@id":"https:\/\/switch-gmbh.de\/en\/#\/schema\/logo\/image\/"},"sameAs":["https:\/\/www.facebook.com\/switchgmbh","https:\/\/www.linkedin.com\/company\/switchgmbh"]}]}},"_links":{"self":[{"href":"https:\/\/switch-gmbh.de\/en\/wp-json\/wp\/v2\/pages\/2395","targetHints":{"allow":["GET"]}}],"collection":[{"href":"https:\/\/switch-gmbh.de\/en\/wp-json\/wp\/v2\/pages"}],"about":[{"href":"https:\/\/switch-gmbh.de\/en\/wp-json\/wp\/v2\/types\/page"}],"author":[{"embeddable":true,"href":"https:\/\/switch-gmbh.de\/en\/wp-json\/wp\/v2\/users\/1"}],"replies":[{"embeddable":true,"href":"https:\/\/switch-gmbh.de\/en\/wp-json\/wp\/v2\/comments?post=2395"}],"version-history":[{"count":0,"href":"https:\/\/switch-gmbh.de\/en\/wp-json\/wp\/v2\/pages\/2395\/revisions"}],"wp:attachment":[{"href":"https:\/\/switch-gmbh.de\/en\/wp-json\/wp\/v2\/media?parent=2395"}],"curies":[{"name":"wp","href":"https:\/\/api.w.org\/{rel}","templated":true}]}}