{"id":2393,"date":"2025-03-27T18:58:54","date_gmt":"2025-03-27T17:58:54","guid":{"rendered":"https:\/\/regiopress.switch-gmbh.de\/imprint\/"},"modified":"2025-09-12T12:03:58","modified_gmt":"2025-09-12T10:03:58","slug":"imprint","status":"publish","type":"page","link":"https:\/\/switch-gmbh.de\/en\/imprint\/","title":{"rendered":"Imprint"},"content":{"rendered":"\t\t<div data-elementor-type=\"wp-page\" data-elementor-id=\"2393\" class=\"elementor elementor-2393 elementor-2365\" data-elementor-post-type=\"page\">\n\t\t\t\t<div class=\"elementor-element elementor-element-1c0d1547 e-flex e-con-boxed e-con e-parent\" data-id=\"1c0d1547\" data-element_type=\"container\" data-e-type=\"container\" data-settings=\"{&quot;background_background&quot;:&quot;classic&quot;}\">\n\t\t\t\t\t<div class=\"e-con-inner\">\n\t\t\t\t<div class=\"elementor-element elementor-element-443b29cc elementor-widget elementor-widget-heading\" data-id=\"443b29cc\" data-element_type=\"widget\" data-e-type=\"widget\" data-widget_type=\"heading.default\">\n\t\t\t\t<div class=\"elementor-widget-container\">\n\t\t\t\t\t<h1 class=\"elementor-heading-title elementor-size-default\">Imprint<\/h1>\t\t\t\t<\/div>\n\t\t\t\t<\/div>\n\t\t\t\t\t<\/div>\n\t\t\t\t<\/div>\n\t\t<div class=\"elementor-element elementor-element-27d827ae e-flex e-con-boxed e-con e-parent\" data-id=\"27d827ae\" data-element_type=\"container\" data-e-type=\"container\">\n\t\t\t\t\t<div class=\"e-con-inner\">\n\t\t<div class=\"elementor-element elementor-element-56a8bb81 e-con-full e-flex e-con e-child\" data-id=\"56a8bb81\" data-element_type=\"container\" data-e-type=\"container\">\n\t\t\t\t<div class=\"elementor-element elementor-element-7706b4ea elementor-widget__width-initial elementor-widget elementor-widget-text-editor\" data-id=\"7706b4ea\" data-element_type=\"widget\" data-e-type=\"widget\" data-widget_type=\"text-editor.default\">\n\t\t\t\t<div class=\"elementor-widget-container\">\n\t\t\t\t\t\t\t\t\t<div class=\"is-layout-flex wp-container-3 wp-block-columns\"><div class=\"is-layout-flow wp-block-column\"><p>SWITCH GmbH<br>Borsigstra\u00dfe 17<br>30916 Isernhagen<br>Germany<\/p><p>Phone: +49 511 \/ 6 16 59 60 &#8211; 0<br>E-mail: info(at)switch-gmbh.de<br>Web: <a href=\"https:\/\/www.switch-gmbh.de\/\">www.switch-gmbh.de<\/a><\/p><\/div><div class=\"is-layout-flow wp-block-column\"><p>Managing directors: Dr. Florian Steinmann and Nikolaus Lange<br>Head office: Isernhagen \/ Germany<br>Local court: Hanover HRB224227<br>Tax number: 16\/205\/31817<br>VAT ID: DE 813129945<\/p><\/div><\/div><hr class=\"wp-block-separator has-css-opacity\"><h2>Paperless billing<\/h2><p>You can also send us your invoices, credit notes and account statements <strong>online<\/strong>. Please note the following rules: <\/p><ul><li>The documents must be provided in <strong>PDF format<\/strong> as a file attachment.<\/li><li>Please use only the e-mail address given on our order form.<\/li><li>This address is released <strong>exclusively<\/strong> for electronic billing transactions.<\/li><li>Do not send any advertising, contracts or other publications to this e-mail address.<\/li><\/ul><p>If the rules listed are not observed, the documents, including your invoices, for example, are deemed <strong>not to have been delivered<\/strong>.<br>Consent to the electronic transmission of invoices is valid until revoked; tacit consent is excluded. <\/p><hr class=\"wp-block-separator has-css-opacity\"><h2>Picture credits<\/h2><p>Machinist with wrench adjusting elevator mechanism &#8211; Stock Photo | #479362384 | \u00a9 kadmy | <a href=\"https:\/\/www.istockphoto.com\/\" target=\"_blank\" rel=\"noreferrer noopener\">www.istockphoto.com<\/a><br>Factory worker. &#8211; Stock photo | #825298722 | \u00a9 gilaxia | <a href=\"https:\/\/www.istockphoto.com\/\" target=\"_blank\" rel=\"noreferrer noopener\">www.istockphoto.com<\/a><br>Elevators in modern office building &#8211; Stock photo | #157612256 | \u00a9 vm | <a href=\"https:\/\/www.istockphoto.com\/\" target=\"_blank\" rel=\"noreferrer noopener\">www.istockphoto.com<\/a><br>Bottling line &#8211; Stock photo | #819742850 | \u00a9 hedgehog94 | <a href=\"https:\/\/www.istockphoto.com\/\" target=\"_blank\" rel=\"noreferrer noopener\">www.istockphoto.com<\/a><br>Crane &#8211; Stock photo | #479334205 | \u00a9 RonFullHD | <a href=\"https:\/\/www.istockphoto.com\/\" target=\"_blank\" rel=\"noreferrer noopener\">www.istockphoto.com<\/a><br>Young entrepreneur posing by window &#8211; Stock Photo | #1142921766 | \u00a9 SeventyFour | <a href=\"https:\/\/www.istockphoto.com\/\" target=\"_blank\" rel=\"noreferrer noopener\">www.istockphoto.com<\/a><br>Construction worker building a drywall &#8211; Stock Photo | #504825378 | \u00a9 TommL | <a href=\"https:\/\/www.istockphoto.com\/\" target=\"_blank\" rel=\"noreferrer noopener\">www.istockphoto.com<\/a><br>Let&#8217;s start over you! &#8211; Stock photo | #505657773 | \u00a9 PeopleImages | <a href=\"https:\/\/www.istockphoto.com\/\" target=\"_blank\" rel=\"noreferrer noopener\">www.istockphoto.com<\/a><br>Factory workers planning | #62966815 | \u00a9 Photographee.eu | <a href=\"https:\/\/www.fotolia.com\/\" target=\"_blank\" rel=\"noreferrer noopener\">www.fotolia.com<\/a>  <\/p><hr class=\"wp-block-separator has-css-opacity\"><h2>Disclaimer<\/h2><p>The author assumes no liability for the topicality, correctness, completeness or quality of the information provided. Liability claims against the author relating to material or immaterial damage caused by the use or non-use of the information provided or by the use of incorrect or incomplete information are fundamentally excluded, unless there is evidence of wilful intent or gross negligence on the part of the author. All offers are subject to change and non-binding. The author expressly reserves the right to change, supplement or delete parts of the pages or the entire offer without prior notice or to cease publication temporarily or permanently.   <\/p><hr class=\"wp-block-separator has-css-opacity\"><h2>Note on external links<\/h2><p>Insofar as this website contains links to other websites, we would like to point out that we have no influence whatsoever on the design and content of the linked pages and that we do not adopt their content as our own. This applies to all external links on this site. For linked pages, illegal content was not recognizable at the time of linking. The links are regularly checked for illegal content and removed immediately in the event of legal violations. This statement applies to all links and references set within the author&#8217;s own website as well as to third-party entries in guest books, discussion forums and mailing lists set up by the author. Liability for illegal, incorrect or incomplete content and in particular for damages resulting from the use or non-use of such information lies solely with the provider of the page to which reference is made, and not with the person who merely refers to the respective publication via links.     <\/p><hr class=\"wp-block-separator has-css-opacity\"><h2>Copyrights<\/h2><p>The author endeavors to observe the copyrights of the graphics, sound documents, video sequences and texts used in all publications, to use graphics, sound documents, video sequences and texts created by himself or to use license-free graphics, sound documents, video sequences and texts. All brands and trademarks mentioned on the website and possibly protected by third parties are subject without restriction to the provisions of the applicable trademark law and the ownership rights of the respective registered owners. The mere mention of a trademark does not imply that it is not protected by third-party rights! The copyright for published objects created by the author himself remains solely with the author of the pages. Any duplication or use of objects such as diagrams, sounds or texts in other electronic or printed publications is not permitted without the author&#8217;s agreement.    <\/p><hr class=\"wp-block-separator has-css-opacity\"><h2>Legal validity of this disclaimer<\/h2><p>This disclaimer is to be regarded as part of the internet publication which you were referred from. If sections or individual terms of this statement are not legal or correct, the content or validity of the other parts remain uninfluenced by this fact. <\/p>\t\t\t\t\t\t\t\t<\/div>\n\t\t\t\t<\/div>\n\t\t\t\t<\/div>\n\t\t\t\t\t<\/div>\n\t\t\t\t<\/div>\n\t\t\t\t<\/div>\n\t\t","protected":false},"excerpt":{"rendered":"<p>Imprint SWITCH GmbHBorsigstra\u00dfe 1730916 IsernhagenGermany Phone: +49 511 \/ 6 16 59 60 &#8211; 0E-mail: info(at)switch-gmbh.deWeb: www.switch-gmbh.de Managing directors: Dr. Florian Steinmann and Nikolaus LangeHead office: Isernhagen \/ GermanyLocal court: Hanover HRB224227Tax number: 16\/205\/31817VAT ID: DE 813129945 Paperless billing You can also send us your invoices, credit notes and account statements online. Please note the [&hellip;]<\/p>\n","protected":false},"author":1,"featured_media":0,"parent":0,"menu_order":0,"comment_status":"closed","ping_status":"closed","template":"","meta":{"footnotes":""},"class_list":["post-2393","page","type-page","status-publish","hentry"],"yoast_head":"<!-- This site is optimized with the Yoast SEO Premium plugin v26.6 (Yoast SEO v27.3) - https:\/\/yoast.com\/product\/yoast-seo-premium-wordpress\/ -->\n<title>Imprint - Switch GmbH | Electrical solutions for elevators and conveyor systems | Isernhagen<\/title>\n<meta name=\"robots\" content=\"index, follow, max-snippet:-1, max-image-preview:large, max-video-preview:-1\" \/>\n<link rel=\"canonical\" href=\"https:\/\/switch-gmbh.de\/en\/imprint\/\" \/>\n<meta property=\"og:locale\" content=\"en_US\" \/>\n<meta property=\"og:type\" content=\"article\" \/>\n<meta property=\"og:title\" content=\"Imprint\" \/>\n<meta property=\"og:description\" content=\"Imprint SWITCH GmbHBorsigstra\u00dfe 1730916 IsernhagenGermany Phone: +49 511 \/ 6 16 59 60 &#8211; 0E-mail: info(at)switch-gmbh.deWeb: www.switch-gmbh.de Managing directors: Dr. Florian Steinmann and Nikolaus LangeHead office: Isernhagen \/ GermanyLocal court: Hanover HRB224227Tax number: 16\/205\/31817VAT ID: DE 813129945 Paperless billing You can also send us your invoices, credit notes and account statements online. Please note the [&hellip;]\" \/>\n<meta property=\"og:url\" content=\"https:\/\/switch-gmbh.de\/en\/imprint\/\" \/>\n<meta property=\"og:site_name\" content=\"Switch GmbH | Electrical solutions for elevators and conveyor systems | Isernhagen\" \/>\n<meta property=\"article:publisher\" content=\"https:\/\/www.facebook.com\/switchgmbh\" \/>\n<meta property=\"article:modified_time\" content=\"2025-09-12T10:03:58+00:00\" \/>\n<meta name=\"twitter:card\" content=\"summary_large_image\" \/>\n<meta name=\"twitter:label1\" content=\"Est. reading time\" \/>\n\t<meta name=\"twitter:data1\" content=\"3 minutes\" \/>\n<script type=\"application\/ld+json\" class=\"yoast-schema-graph\">{\"@context\":\"https:\\\/\\\/schema.org\",\"@graph\":[{\"@type\":\"WebPage\",\"@id\":\"https:\\\/\\\/switch-gmbh.de\\\/en\\\/imprint\\\/\",\"url\":\"https:\\\/\\\/switch-gmbh.de\\\/en\\\/imprint\\\/\",\"name\":\"Imprint - Switch GmbH | Electrical solutions for elevators and conveyor systems | Isernhagen\",\"isPartOf\":{\"@id\":\"https:\\\/\\\/switch-gmbh.de\\\/en\\\/#website\"},\"datePublished\":\"2025-03-27T17:58:54+00:00\",\"dateModified\":\"2025-09-12T10:03:58+00:00\",\"breadcrumb\":{\"@id\":\"https:\\\/\\\/switch-gmbh.de\\\/en\\\/imprint\\\/#breadcrumb\"},\"inLanguage\":\"en-US\",\"potentialAction\":[{\"@type\":\"ReadAction\",\"target\":[\"https:\\\/\\\/switch-gmbh.de\\\/en\\\/imprint\\\/\"]}]},{\"@type\":\"BreadcrumbList\",\"@id\":\"https:\\\/\\\/switch-gmbh.de\\\/en\\\/imprint\\\/#breadcrumb\",\"itemListElement\":[{\"@type\":\"ListItem\",\"position\":1,\"name\":\"Home page\",\"item\":\"https:\\\/\\\/switch-gmbh.de\\\/en\\\/\"},{\"@type\":\"ListItem\",\"position\":2,\"name\":\"Imprint\"}]},{\"@type\":\"WebSite\",\"@id\":\"https:\\\/\\\/switch-gmbh.de\\\/en\\\/#website\",\"url\":\"https:\\\/\\\/switch-gmbh.de\\\/en\\\/\",\"name\":\"Switch GmbH\",\"description\":\"Elektrische L\u00f6sungen f\u00fcr Aufz\u00fcge und F\u00f6rderanlagen | Isernhagen\",\"publisher\":{\"@id\":\"https:\\\/\\\/switch-gmbh.de\\\/en\\\/#organization\"},\"potentialAction\":[{\"@type\":\"SearchAction\",\"target\":{\"@type\":\"EntryPoint\",\"urlTemplate\":\"https:\\\/\\\/switch-gmbh.de\\\/en\\\/?s={search_term_string}\"},\"query-input\":{\"@type\":\"PropertyValueSpecification\",\"valueRequired\":true,\"valueName\":\"search_term_string\"}}],\"inLanguage\":\"en-US\"},{\"@type\":\"Organization\",\"@id\":\"https:\\\/\\\/switch-gmbh.de\\\/en\\\/#organization\",\"name\":\"Switch GmbH\",\"url\":\"https:\\\/\\\/switch-gmbh.de\\\/en\\\/\",\"logo\":{\"@type\":\"ImageObject\",\"inLanguage\":\"en-US\",\"@id\":\"https:\\\/\\\/switch-gmbh.de\\\/en\\\/#\\\/schema\\\/logo\\\/image\\\/\",\"url\":\"https:\\\/\\\/switch-gmbh.de\\\/wp-content\\\/uploads\\\/2023\\\/10\\\/cropped-Switch_Logo2_DreieckRGS_RGB.webp\",\"contentUrl\":\"https:\\\/\\\/switch-gmbh.de\\\/wp-content\\\/uploads\\\/2023\\\/10\\\/cropped-Switch_Logo2_DreieckRGS_RGB.webp\",\"width\":1232,\"height\":468,\"caption\":\"Switch GmbH\"},\"image\":{\"@id\":\"https:\\\/\\\/switch-gmbh.de\\\/en\\\/#\\\/schema\\\/logo\\\/image\\\/\"},\"sameAs\":[\"https:\\\/\\\/www.facebook.com\\\/switchgmbh\",\"https:\\\/\\\/www.linkedin.com\\\/company\\\/switchgmbh\"]}]}<\/script>\n<!-- \/ Yoast SEO Premium plugin. -->","yoast_head_json":{"title":"Imprint - Switch GmbH | Electrical solutions for elevators and conveyor systems | Isernhagen","robots":{"index":"index","follow":"follow","max-snippet":"max-snippet:-1","max-image-preview":"max-image-preview:large","max-video-preview":"max-video-preview:-1"},"canonical":"https:\/\/switch-gmbh.de\/en\/imprint\/","og_locale":"en_US","og_type":"article","og_title":"Imprint","og_description":"Imprint SWITCH GmbHBorsigstra\u00dfe 1730916 IsernhagenGermany Phone: +49 511 \/ 6 16 59 60 &#8211; 0E-mail: info(at)switch-gmbh.deWeb: www.switch-gmbh.de Managing directors: Dr. Florian Steinmann and Nikolaus LangeHead office: Isernhagen \/ GermanyLocal court: Hanover HRB224227Tax number: 16\/205\/31817VAT ID: DE 813129945 Paperless billing You can also send us your invoices, credit notes and account statements online. Please note the [&hellip;]","og_url":"https:\/\/switch-gmbh.de\/en\/imprint\/","og_site_name":"Switch GmbH | Electrical solutions for elevators and conveyor systems | Isernhagen","article_publisher":"https:\/\/www.facebook.com\/switchgmbh","article_modified_time":"2025-09-12T10:03:58+00:00","twitter_card":"summary_large_image","twitter_misc":{"Est. reading time":"3 minutes"},"schema":{"@context":"https:\/\/schema.org","@graph":[{"@type":"WebPage","@id":"https:\/\/switch-gmbh.de\/en\/imprint\/","url":"https:\/\/switch-gmbh.de\/en\/imprint\/","name":"Imprint - Switch GmbH | Electrical solutions for elevators and conveyor systems | Isernhagen","isPartOf":{"@id":"https:\/\/switch-gmbh.de\/en\/#website"},"datePublished":"2025-03-27T17:58:54+00:00","dateModified":"2025-09-12T10:03:58+00:00","breadcrumb":{"@id":"https:\/\/switch-gmbh.de\/en\/imprint\/#breadcrumb"},"inLanguage":"en-US","potentialAction":[{"@type":"ReadAction","target":["https:\/\/switch-gmbh.de\/en\/imprint\/"]}]},{"@type":"BreadcrumbList","@id":"https:\/\/switch-gmbh.de\/en\/imprint\/#breadcrumb","itemListElement":[{"@type":"ListItem","position":1,"name":"Home page","item":"https:\/\/switch-gmbh.de\/en\/"},{"@type":"ListItem","position":2,"name":"Imprint"}]},{"@type":"WebSite","@id":"https:\/\/switch-gmbh.de\/en\/#website","url":"https:\/\/switch-gmbh.de\/en\/","name":"Switch GmbH","description":"Elektrische L\u00f6sungen f\u00fcr Aufz\u00fcge und F\u00f6rderanlagen | Isernhagen","publisher":{"@id":"https:\/\/switch-gmbh.de\/en\/#organization"},"potentialAction":[{"@type":"SearchAction","target":{"@type":"EntryPoint","urlTemplate":"https:\/\/switch-gmbh.de\/en\/?s={search_term_string}"},"query-input":{"@type":"PropertyValueSpecification","valueRequired":true,"valueName":"search_term_string"}}],"inLanguage":"en-US"},{"@type":"Organization","@id":"https:\/\/switch-gmbh.de\/en\/#organization","name":"Switch GmbH","url":"https:\/\/switch-gmbh.de\/en\/","logo":{"@type":"ImageObject","inLanguage":"en-US","@id":"https:\/\/switch-gmbh.de\/en\/#\/schema\/logo\/image\/","url":"https:\/\/switch-gmbh.de\/wp-content\/uploads\/2023\/10\/cropped-Switch_Logo2_DreieckRGS_RGB.webp","contentUrl":"https:\/\/switch-gmbh.de\/wp-content\/uploads\/2023\/10\/cropped-Switch_Logo2_DreieckRGS_RGB.webp","width":1232,"height":468,"caption":"Switch GmbH"},"image":{"@id":"https:\/\/switch-gmbh.de\/en\/#\/schema\/logo\/image\/"},"sameAs":["https:\/\/www.facebook.com\/switchgmbh","https:\/\/www.linkedin.com\/company\/switchgmbh"]}]}},"_links":{"self":[{"href":"https:\/\/switch-gmbh.de\/en\/wp-json\/wp\/v2\/pages\/2393","targetHints":{"allow":["GET"]}}],"collection":[{"href":"https:\/\/switch-gmbh.de\/en\/wp-json\/wp\/v2\/pages"}],"about":[{"href":"https:\/\/switch-gmbh.de\/en\/wp-json\/wp\/v2\/types\/page"}],"author":[{"embeddable":true,"href":"https:\/\/switch-gmbh.de\/en\/wp-json\/wp\/v2\/users\/1"}],"replies":[{"embeddable":true,"href":"https:\/\/switch-gmbh.de\/en\/wp-json\/wp\/v2\/comments?post=2393"}],"version-history":[{"count":0,"href":"https:\/\/switch-gmbh.de\/en\/wp-json\/wp\/v2\/pages\/2393\/revisions"}],"wp:attachment":[{"href":"https:\/\/switch-gmbh.de\/en\/wp-json\/wp\/v2\/media?parent=2393"}],"curies":[{"name":"wp","href":"https:\/\/api.w.org\/{rel}","templated":true}]}}